{"id":71603,"date":"2022-07-28T02:29:20","date_gmt":"2022-07-28T00:29:20","guid":{"rendered":"https:\/\/diamant-strass-dmc.com\/perles-broderie\/burkparlor-broderi-diamant\/"},"modified":"2025-10-31T04:11:10","modified_gmt":"2025-10-31T03:11:10","slug":"burkparlor-broderi-diamant","status":"publish","type":"product","link":"https:\/\/diamant-strass-dmc.com\/sv\/perles-broderie\/burkparlor-broderi-diamant\/","title":{"rendered":"Burkar f\u00f6r diamantm\u00e5lningsp\u00e4rlor"},"content":{"rendered":"<p><strong>F\u00f6rpackning med 10 burkar<\/strong> f\u00f6r diamantbroderip\u00e4rlor.<br \/>\nS\u00e4ljs frist\u00e5ende (utan diamanter eller l\u00e5da att f\u00f6rvara dem i).<\/p>\n<p>L\u00e4mplig f\u00f6r runda etiketter som ocks\u00e5 s\u00e4ljs p\u00e5 v\u00e5r webbplats.<\/p>\n<p>Varje burk rymmer <strong>1 600 diamanter<\/strong>, eller <strong>8 standardp\u00e5sar med<\/strong> 200 diamanter.<\/p>\n<p>M\u00e5tt: 50 mm h\u00f6g och 25 mm i diameter.<\/p>\n<p>Denna produkt kan endast skickas som paket (inte i bubbelkuvert). Fraktkostnader ber\u00e4knas i enlighet med detta.<\/p>\n","protected":false},"excerpt":{"rendered":"<p style=\"font-size: 14px; line-height: 1.2em;text-align:justify;padding-right:10px;\">\u26a0\ufe0f <strong>Denna vara kan endast skickas inom Europeiska unionen<\/strong> (Belgien, Bulgarien, Cypern, Danmark, Estland, Finland, Frankrike, Grekland, Irland, Italien, Kroatien, Lettland, Litauen, Luxemburg, Malta, Nederl\u00e4nderna, Polen, Portugal, Rum\u00e4nien, Slovakien, Slovenien, Spanien, Sverige, Tjeckien, Tyskland, Ungern och \u00d6sterrike).<\/p>\n","protected":false},"featured_media":44555,"template":"","meta":{"footnotes":""},"product_brand":[],"product_cat":[7178],"class_list":{"0":"post-71603","1":"product","2":"type-product","3":"status-publish","4":"has-post-thumbnail","6":"product_cat-tillbehor","7":"product_shipping_class-colissimo","9":"first","10":"instock","11":"sale","12":"taxable","13":"shipping-taxable","14":"purchasable","15":"product-type-variable","16":"has-default-attributes"},"aioseo_notices":[],"_links":{"self":[{"href":"https:\/\/diamant-strass-dmc.com\/sv\/wp-json\/wp\/v2\/product\/71603","targetHints":{"allow":["GET"]}}],"collection":[{"href":"https:\/\/diamant-strass-dmc.com\/sv\/wp-json\/wp\/v2\/product"}],"about":[{"href":"https:\/\/diamant-strass-dmc.com\/sv\/wp-json\/wp\/v2\/types\/product"}],"version-history":[{"count":3,"href":"https:\/\/diamant-strass-dmc.com\/sv\/wp-json\/wp\/v2\/product\/71603\/revisions"}],"predecessor-version":[{"id":100083,"href":"https:\/\/diamant-strass-dmc.com\/sv\/wp-json\/wp\/v2\/product\/71603\/revisions\/100083"}],"wp:featuredmedia":[{"embeddable":true,"href":"https:\/\/diamant-strass-dmc.com\/sv\/wp-json\/wp\/v2\/media\/44555"}],"wp:attachment":[{"href":"https:\/\/diamant-strass-dmc.com\/sv\/wp-json\/wp\/v2\/media?parent=71603"}],"wp:term":[{"taxonomy":"product_brand","embeddable":true,"href":"https:\/\/diamant-strass-dmc.com\/sv\/wp-json\/wp\/v2\/product_brand?post=71603"},{"taxonomy":"product_cat","embeddable":true,"href":"https:\/\/diamant-strass-dmc.com\/sv\/wp-json\/wp\/v2\/product_cat?post=71603"}],"curies":[{"name":"wp","href":"https:\/\/api.w.org\/{rel}","templated":true}]}}