{"id":71561,"date":"2024-03-18T01:48:57","date_gmt":"2024-03-18T00:48:57","guid":{"rendered":"https:\/\/diamant-strass-dmc.com\/perles-broderie\/forstoringsglas-klamma-flexibel-lysande-led-diamant-malning\/"},"modified":"2025-10-31T04:11:21","modified_gmt":"2025-10-31T03:11:21","slug":"forstoringsglas-klamma-flexibel-lysande-led-diamant-malning","status":"publish","type":"product","link":"https:\/\/diamant-strass-dmc.com\/sv\/perles-broderie\/forstoringsglas-klamma-flexibel-lysande-led-diamant-malning\/","title":{"rendered":"Flexibelt f\u00f6rstoringsglas med clips och LED-lampa"},"content":{"rendered":"<ul>\n<li>F\u00f6rstoringsglas <strong>x2,5<\/strong> + minifokus <strong>x5<\/strong>;<\/li>\n<li>Riktad dubbel <strong>LED-belysning<\/strong>;<\/li>\n<li><strong>Flexibel arm<\/strong>;<\/li>\n<li><strong>Kan demonteras<\/strong> helt och h\u00e5llet;<\/li>\n<li><strong>Kan f\u00e4st<\/strong> as p\u00e5 alla ytor.<\/li>\n<\/ul>\n<p>Drivs med 3 AAA-batterier (ing\u00e5r ej). Alla delar av f\u00f6rstoringsglaset kan skruvas loss f\u00f6r enkel transport.<\/p>\n<p>F\u00f6rstoringsglaset g\u00f6r att du kan se 2,5 g\u00e5nger s\u00e5 stort och inneh\u00e5ller en fokus (lins) med en diameter p\u00e5 2,5 cm som g\u00f6r att du kan se 5 g\u00e5nger s\u00e5 stort.<\/p>\n<p>Flexibel arml\u00e4ngd: 25 cm.<br \/>\nF\u00f6rstoringsglasets diameter: 12,5 cm.<\/p>\n<p>Denna produkt kan endast skickas i ett paket (inte i ett bubbelkuvert). Fraktkostnaderna ber\u00e4knas i enlighet med detta.<\/p>\n","protected":false},"excerpt":{"rendered":"<p style=\"font-size: 14px; line-height: 1.2em;text-align:justify;padding-right:10px;\">\u26a0\ufe0f <strong>Denna vara kan endast skickas inom Europeiska unionen<\/strong> (Belgien, Bulgarien, Cypern, Danmark, Estland, Finland, Frankrike, Grekland, Irland, Italien, Kroatien, Lettland, Litauen, Luxemburg, Malta, Nederl\u00e4nderna, Polen, Portugal, Rum\u00e4nien, Slovakien, Slovenien, Spanien, Sverige, Tjeckien, Tyskland, Ungern och \u00d6sterrike).<\/p>\n","protected":false},"featured_media":71332,"template":"","meta":{"footnotes":""},"product_brand":[],"product_cat":[7178],"class_list":{"0":"post-71561","1":"product","2":"type-product","3":"status-publish","4":"has-post-thumbnail","6":"product_cat-tillbehor","7":"product_shipping_class-colissimo","9":"first","10":"outofstock","11":"sale","12":"taxable","13":"shipping-taxable","14":"purchasable","15":"product-type-simple"},"aioseo_notices":[],"_links":{"self":[{"href":"https:\/\/diamant-strass-dmc.com\/sv\/wp-json\/wp\/v2\/product\/71561","targetHints":{"allow":["GET"]}}],"collection":[{"href":"https:\/\/diamant-strass-dmc.com\/sv\/wp-json\/wp\/v2\/product"}],"about":[{"href":"https:\/\/diamant-strass-dmc.com\/sv\/wp-json\/wp\/v2\/types\/product"}],"version-history":[{"count":1,"href":"https:\/\/diamant-strass-dmc.com\/sv\/wp-json\/wp\/v2\/product\/71561\/revisions"}],"predecessor-version":[{"id":71565,"href":"https:\/\/diamant-strass-dmc.com\/sv\/wp-json\/wp\/v2\/product\/71561\/revisions\/71565"}],"wp:featuredmedia":[{"embeddable":true,"href":"https:\/\/diamant-strass-dmc.com\/sv\/wp-json\/wp\/v2\/media\/71332"}],"wp:attachment":[{"href":"https:\/\/diamant-strass-dmc.com\/sv\/wp-json\/wp\/v2\/media?parent=71561"}],"wp:term":[{"taxonomy":"product_brand","embeddable":true,"href":"https:\/\/diamant-strass-dmc.com\/sv\/wp-json\/wp\/v2\/product_brand?post=71561"},{"taxonomy":"product_cat","embeddable":true,"href":"https:\/\/diamant-strass-dmc.com\/sv\/wp-json\/wp\/v2\/product_cat?post=71561"}],"curies":[{"name":"wp","href":"https:\/\/api.w.org\/{rel}","templated":true}]}}