{"id":71535,"date":"2024-03-01T23:52:23","date_gmt":"2024-03-01T22:52:23","guid":{"rendered":"https:\/\/diamant-strass-dmc.com\/perles-broderie\/ljus-hylla-diamond-malning\/"},"modified":"2025-10-31T04:11:21","modified_gmt":"2025-10-31T03:11:21","slug":"ljus-hylla-diamond-malning","status":"publish","type":"product","link":"https:\/\/diamant-strass-dmc.com\/sv\/perles-broderie\/ljus-hylla-diamond-malning\/","title":{"rendered":"A4 ljushylla + h\u00e5llare och clips"},"content":{"rendered":"<ul>\n<li><strong>A4-format<\/strong> (belyst yta 31 x 23,5 cm) ;<\/li>\n<li>Stativ, USB-kabel och 4 clips <strong>ing\u00e5r<\/strong>;<\/li>\n<li>Endast <strong>3 mm<\/strong> tjock;<\/li>\n<li><strong>3<\/strong> ljusstyrkor ;<\/li>\n<li>J\u00e4mn, flimmerfri belysning.<\/li>\n<\/ul>\n<p>USB-kabeln (medf\u00f6ljer) kan anslutas till en vanlig telefonladdare (medf\u00f6ljer ej) eller andra vanliga USB-portar (dator, vissa grenuttag m.m.).<\/p>\n<p>Denna produkt kan endast skickas i ett paket (inte i ett bubbelkuvert). Fraktkostnaderna ber\u00e4knas i enlighet med detta.<\/p>\n","protected":false},"excerpt":{"rendered":"<p style=\"font-size: 14px; line-height: 1.2em;text-align:justify;padding-right:10px;\">\u26a0\ufe0f <strong>Denna vara kan endast skickas inom Europeiska unionen<\/strong> (Belgien, Bulgarien, Cypern, Danmark, Estland, Finland, Frankrike, Grekland, Irland, Italien, Kroatien, Lettland, Litauen, Luxemburg, Malta, Nederl\u00e4nderna, Polen, Portugal, Rum\u00e4nien, Slovakien, Slovenien, Spanien, Sverige, Tjeckien, Tyskland, Ungern och \u00d6sterrike).<\/p>\n","protected":false},"featured_media":69211,"template":"","meta":{"footnotes":""},"product_brand":[],"product_cat":[7178],"class_list":{"0":"post-71535","1":"product","2":"type-product","3":"status-publish","4":"has-post-thumbnail","6":"product_cat-tillbehor","7":"product_shipping_class-colissimo","9":"first","10":"instock","11":"sale","12":"taxable","13":"shipping-taxable","14":"purchasable","15":"product-type-simple"},"aioseo_notices":[],"_links":{"self":[{"href":"https:\/\/diamant-strass-dmc.com\/sv\/wp-json\/wp\/v2\/product\/71535","targetHints":{"allow":["GET"]}}],"collection":[{"href":"https:\/\/diamant-strass-dmc.com\/sv\/wp-json\/wp\/v2\/product"}],"about":[{"href":"https:\/\/diamant-strass-dmc.com\/sv\/wp-json\/wp\/v2\/types\/product"}],"version-history":[{"count":1,"href":"https:\/\/diamant-strass-dmc.com\/sv\/wp-json\/wp\/v2\/product\/71535\/revisions"}],"predecessor-version":[{"id":71553,"href":"https:\/\/diamant-strass-dmc.com\/sv\/wp-json\/wp\/v2\/product\/71535\/revisions\/71553"}],"wp:featuredmedia":[{"embeddable":true,"href":"https:\/\/diamant-strass-dmc.com\/sv\/wp-json\/wp\/v2\/media\/69211"}],"wp:attachment":[{"href":"https:\/\/diamant-strass-dmc.com\/sv\/wp-json\/wp\/v2\/media?parent=71535"}],"wp:term":[{"taxonomy":"product_brand","embeddable":true,"href":"https:\/\/diamant-strass-dmc.com\/sv\/wp-json\/wp\/v2\/product_brand?post=71535"},{"taxonomy":"product_cat","embeddable":true,"href":"https:\/\/diamant-strass-dmc.com\/sv\/wp-json\/wp\/v2\/product_cat?post=71535"}],"curies":[{"name":"wp","href":"https:\/\/api.w.org\/{rel}","templated":true}]}}