{"id":71500,"date":"2022-07-28T17:39:30","date_gmt":"2022-07-28T15:39:30","guid":{"rendered":"https:\/\/diamant-strass-dmc.com\/perles-broderie\/valisette-box-range-beads-embroidery-diamond\/"},"modified":"2025-10-31T04:11:13","modified_gmt":"2025-10-31T03:11:13","slug":"valisette-box-range-beads-embroidery-diamond","status":"publish","type":"product","link":"https:\/\/diamant-strass-dmc.com\/sv\/perles-broderie\/valisette-box-range-beads-embroidery-diamond\/","title":{"rendered":"F\u00f6rvaringsl\u00e5da f\u00f6r p\u00e4rlor (64 l\u00e5dor)"},"content":{"rendered":"<p>Diamanter medf\u00f6ljer inte.<\/p>\n<p><strong>F\u00f6rpackningsinneh\u00e5ll:<\/strong><br \/>\n&#8211; 1 f\u00f6rvaringsl\u00e5da<br \/>\n&#8211; 64 l\u00e5dor f\u00f6r p\u00e4rlor<br \/>\n&#8211; 64 rektangul\u00e4ra etiketter<\/p>\n<p>Ta med dig upp till 64 f\u00e4rgreferenser f\u00f6r diamanter!<br \/>\nDenna ultrakompakta f\u00f6rvaringsv\u00e4ska har tv\u00e5 robusta f\u00e4stanordningar.<\/p>\n<ul>\n<li><strong>Fodralets m\u00e5tt<\/strong>: 22 x 13 x 5,4 cm (h\u00f6jd) ;<\/li>\n<li><strong>L\u00e5dans m\u00e5tt<\/strong>: 2,5 x 5,1 x 1,1 cm (djup) ;<\/li>\n<li><strong>Etikettstorlek<\/strong>: 2 x 1cm.<\/li>\n<\/ul>\n<div class=\"woocommerce-tabs wc-tabs-wrapper\">\n<div id=\"tab-description\" class=\"woocommerce-Tabs-panel woocommerce-Tabs-panel--description panel entry-content wc-tab\" role=\"tabpanel\" aria-labelledby=\"tab-title-description\">\n<p>Denna produkt kan endast skickas i ett paket (inte i ett bubbelkuvert). Fraktkostnaderna ber\u00e4knas i enlighet med detta.<\/p>\n<\/div>\n<\/div>\n","protected":false},"excerpt":{"rendered":"<p style=\"font-size: 14px; line-height: 1.2em;text-align:justify;padding-right:10px;\">\u26a0\ufe0f <strong>Denna vara kan endast skickas inom Europeiska unionen<\/strong> (Belgien, Bulgarien, Cypern, Danmark, Estland, Finland, Frankrike, Grekland, Irland, Italien, Kroatien, Lettland, Litauen, Luxemburg, Malta, Nederl\u00e4nderna, Polen, Portugal, Rum\u00e4nien, Slovakien, Slovenien, Spanien, Sverige, Tjeckien, Tyskland, Ungern och \u00d6sterrike).<\/p>\n","protected":false},"featured_media":44518,"template":"","meta":{"footnotes":""},"product_brand":[],"product_cat":[7178],"class_list":{"0":"post-71500","1":"product","2":"type-product","3":"status-publish","4":"has-post-thumbnail","6":"product_cat-tillbehor","7":"product_shipping_class-colissimo","9":"first","10":"instock","11":"sale","12":"taxable","13":"shipping-taxable","14":"purchasable","15":"product-type-simple"},"aioseo_notices":[],"_links":{"self":[{"href":"https:\/\/diamant-strass-dmc.com\/sv\/wp-json\/wp\/v2\/product\/71500","targetHints":{"allow":["GET"]}}],"collection":[{"href":"https:\/\/diamant-strass-dmc.com\/sv\/wp-json\/wp\/v2\/product"}],"about":[{"href":"https:\/\/diamant-strass-dmc.com\/sv\/wp-json\/wp\/v2\/types\/product"}],"version-history":[{"count":2,"href":"https:\/\/diamant-strass-dmc.com\/sv\/wp-json\/wp\/v2\/product\/71500\/revisions"}],"predecessor-version":[{"id":100084,"href":"https:\/\/diamant-strass-dmc.com\/sv\/wp-json\/wp\/v2\/product\/71500\/revisions\/100084"}],"wp:featuredmedia":[{"embeddable":true,"href":"https:\/\/diamant-strass-dmc.com\/sv\/wp-json\/wp\/v2\/media\/44518"}],"wp:attachment":[{"href":"https:\/\/diamant-strass-dmc.com\/sv\/wp-json\/wp\/v2\/media?parent=71500"}],"wp:term":[{"taxonomy":"product_brand","embeddable":true,"href":"https:\/\/diamant-strass-dmc.com\/sv\/wp-json\/wp\/v2\/product_brand?post=71500"},{"taxonomy":"product_cat","embeddable":true,"href":"https:\/\/diamant-strass-dmc.com\/sv\/wp-json\/wp\/v2\/product_cat?post=71500"}],"curies":[{"name":"wp","href":"https:\/\/api.w.org\/{rel}","templated":true}]}}