{"id":71253,"date":"2024-03-17T02:22:39","date_gmt":"2024-03-17T22:12:04","guid":{"rendered":"https:\/\/diamant-strass-dmc.com\/perles-broderie\/katalog-bok-dmc-diamond-malning\/"},"modified":"2024-03-17T23:14:39","modified_gmt":"2024-03-17T22:14:39","slug":"katalog-bok-dmc-diamond-malning","status":"publish","type":"product","link":"https:\/\/diamant-strass-dmc.com\/sv\/perles-broderie\/katalog-bok-dmc-diamond-malning\/","title":{"rendered":"F\u00e4rgkatalog f\u00f6r diamantm\u00e5lning (med klisterm\u00e4rken)"},"content":{"rendered":"<p>Slumpm\u00e4ssig f\u00e4rg p\u00e5 skivan. Laminerat omslag. Sidorna trycks endast p\u00e5 ena sidan f\u00f6r optimalt p\u00e4rlst\u00f6d. En non-stick-remsa skyddar l\u00e5dorna som diamanterna sitter fast i.<\/p>\n","protected":false},"excerpt":{"rendered":"<ul>\n<li><strong>10 sidor<\/strong>;<\/li>\n<li style=\"color: blue;\"><strong>P\u00e4rlor medf\u00f6ljer ej;<\/strong><\/li>\n<li><strong>447 f\u00e4rger<\/strong> fr\u00e5n DMC:s f\u00e4rgkarta ;<\/li>\n<li>Tjockt <strong>pr\u00e4glat papper<\/strong>;<\/li>\n<li>Sj\u00e4lvh\u00e4ftande kolumn <strong>f\u00f6r att f\u00e4sta dina p\u00e4rlor p\u00e5<\/strong>.<\/li>\n<\/ul>\n","protected":false},"featured_media":71101,"template":"","meta":{"footnotes":""},"product_brand":[],"product_cat":[7291,7178],"class_list":{"0":"post-71253","1":"product","2":"type-product","3":"status-publish","4":"has-post-thumbnail","6":"product_cat-promo-sv","7":"product_cat-tillbehor","9":"first","10":"instock","11":"sale","12":"taxable","13":"shipping-taxable","14":"purchasable","15":"product-type-simple"},"aioseo_notices":[],"_links":{"self":[{"href":"https:\/\/diamant-strass-dmc.com\/sv\/wp-json\/wp\/v2\/product\/71253","targetHints":{"allow":["GET"]}}],"collection":[{"href":"https:\/\/diamant-strass-dmc.com\/sv\/wp-json\/wp\/v2\/product"}],"about":[{"href":"https:\/\/diamant-strass-dmc.com\/sv\/wp-json\/wp\/v2\/types\/product"}],"version-history":[{"count":1,"href":"https:\/\/diamant-strass-dmc.com\/sv\/wp-json\/wp\/v2\/product\/71253\/revisions"}],"predecessor-version":[{"id":71263,"href":"https:\/\/diamant-strass-dmc.com\/sv\/wp-json\/wp\/v2\/product\/71253\/revisions\/71263"}],"wp:featuredmedia":[{"embeddable":true,"href":"https:\/\/diamant-strass-dmc.com\/sv\/wp-json\/wp\/v2\/media\/71101"}],"wp:attachment":[{"href":"https:\/\/diamant-strass-dmc.com\/sv\/wp-json\/wp\/v2\/media?parent=71253"}],"wp:term":[{"taxonomy":"product_brand","embeddable":true,"href":"https:\/\/diamant-strass-dmc.com\/sv\/wp-json\/wp\/v2\/product_brand?post=71253"},{"taxonomy":"product_cat","embeddable":true,"href":"https:\/\/diamant-strass-dmc.com\/sv\/wp-json\/wp\/v2\/product_cat?post=71253"}],"curies":[{"name":"wp","href":"https:\/\/api.w.org\/{rel}","templated":true}]}}