{"id":67795,"date":"2021-08-17T00:22:53","date_gmt":"2024-02-02T08:37:30","guid":{"rendered":"https:\/\/diamant-strass-dmc.com\/perles-broderie\/alla-sachetter-strass-diamanter-dmc-broderie-diamant-malning\/"},"modified":"2024-02-02T09:37:31","modified_gmt":"2024-02-02T08:37:31","slug":"alla-sachetter-strass-diamanter-dmc-broderie-diamant-malning","status":"publish","type":"product","link":"https:\/\/diamant-strass-dmc.com\/sv\/perles-broderie\/alla-sachetter-strass-diamanter-dmc-broderie-diamant-malning\/","title":{"rendered":"Integrerat paket (alla DMC-f\u00e4rger)"},"content":{"rendered":"<p>Vill du ha tillg\u00e5ng till alla f\u00e4rger som finns tillg\u00e4ngliga i diamantbroderi?<\/p>\n<p>Vi erbjuder dig &#8221;full pack&#8221;, dvs. <strong>en p\u00e5se av var och en av de 447 f\u00e4rger<\/strong> som finns p\u00e5 den officiella DMC diamantf\u00e4rgkartan (f\u00e4rgerna listas <a style=\"font-weight: bold; text-decoration: underline;\" href=\"\/code-couleur-nuancier-dmc\/\" target=\"_blank\" rel=\"noopener\">p\u00e5 denna sida<\/a>).<\/p>\n<p>Med hela paketet f\u00e5r du <strong>55 % rabatt<\/strong> med ett pris per p\u00e5se p\u00e5 <strong>0,45<\/strong><strong> euro<\/strong> <strong>ist\u00e4llet f\u00f6r 0,99<\/strong> euro, eller<strong> 199 euro ist\u00e4llet f\u00f6r 442 euro<\/strong>! Plus <strong>gratis leverans<\/strong>.<\/p>\n<p><em>Om du vill ha flera p\u00e5sar av varje f\u00e4rg, best\u00e4ll flera kvantiteter av hela f\u00f6rpackningen. Om du t.ex. l\u00e4gger till 3 hela f\u00f6rpackningar med &#8221;Round Diamonds&#8221; i din korg f\u00e5r du 3 runda f\u00f6rpackningar av varje f\u00e4rg.  <\/em><em>Om du vill ha en p\u00e5se av varje f\u00e4rg i varje form (runda och fyrkantiga diamanter) best\u00e4ller du helt enkelt ett helt paket med &#8221;runda diamanter&#8221; och ett helt paket med &#8221;fyrkantiga diamanter&#8221;.<\/em><\/p>\n<style><!-- .enkar2div { display:none; } --><\/style>\n","protected":false},"excerpt":{"rendered":"<p>Vill du ha tillg\u00e5ng till alla f\u00e4rger som finns tillg\u00e4ngliga i diamantbroderi? Vi erbjuder dig &#8221;full pack&#8221;, dvs. en p\u00e5se av var och en av de 447 f\u00e4rger som finns p\u00e5 den officiella DMC diamantf\u00e4rgkartan (f\u00e4rgerna listas p\u00e5 denna sida). Med hela paketet f\u00e5r du 55 % rabatt med ett pris per p\u00e5se p\u00e5 0,45 [&hellip;]<\/p>\n","protected":false},"featured_media":36016,"template":"","meta":{"footnotes":""},"product_brand":[],"product_cat":[7324],"class_list":{"0":"post-67795","1":"product","2":"type-product","3":"status-publish","4":"has-post-thumbnail","6":"product_cat--integrerad-forpackning","8":"first","9":"instock","10":"sale","11":"taxable","12":"shipping-taxable","13":"purchasable","14":"product-type-variable"},"aioseo_notices":[],"_links":{"self":[{"href":"https:\/\/diamant-strass-dmc.com\/sv\/wp-json\/wp\/v2\/product\/67795","targetHints":{"allow":["GET"]}}],"collection":[{"href":"https:\/\/diamant-strass-dmc.com\/sv\/wp-json\/wp\/v2\/product"}],"about":[{"href":"https:\/\/diamant-strass-dmc.com\/sv\/wp-json\/wp\/v2\/types\/product"}],"version-history":[{"count":0,"href":"https:\/\/diamant-strass-dmc.com\/sv\/wp-json\/wp\/v2\/product\/67795\/revisions"}],"wp:featuredmedia":[{"embeddable":true,"href":"https:\/\/diamant-strass-dmc.com\/sv\/wp-json\/wp\/v2\/media\/36016"}],"wp:attachment":[{"href":"https:\/\/diamant-strass-dmc.com\/sv\/wp-json\/wp\/v2\/media?parent=67795"}],"wp:term":[{"taxonomy":"product_brand","embeddable":true,"href":"https:\/\/diamant-strass-dmc.com\/sv\/wp-json\/wp\/v2\/product_brand?post=67795"},{"taxonomy":"product_cat","embeddable":true,"href":"https:\/\/diamant-strass-dmc.com\/sv\/wp-json\/wp\/v2\/product_cat?post=67795"}],"curies":[{"name":"wp","href":"https:\/\/api.w.org\/{rel}","templated":true}]}}