{"id":64828,"date":"2023-11-13T16:46:02","date_gmt":"2023-11-14T16:16:14","guid":{"rendered":"https:\/\/diamant-strass-dmc.com\/perles-broderie\/nuancier-dmc-du-diamond-malning-tableur-excel-xlsx-a-telecharger\/"},"modified":"2023-11-15T03:06:22","modified_gmt":"2023-11-15T02:06:22","slug":"dmc-diamond-painting-fargkarta-excel-kalkylblad-xlsx-nedladdning","status":"publish","type":"product","link":"https:\/\/diamant-strass-dmc.com\/sv\/perles-broderie\/dmc-diamond-painting-fargkarta-excel-kalkylblad-xlsx-nedladdning\/","title":{"rendered":"DMC f\u00e4rgkarta f\u00f6r diamantm\u00e5lning (Excel-kalkylblad XLSX f\u00f6r nedladdning)"},"content":{"rendered":"<p><strong>Fil i .xlsx-format<\/strong> (kompatibelt med Excel, Google Sheets, OpenOffice, LibreOffice, etc.).<\/p>\n<ul>\n<li>De <strong>447 DMC-f\u00e4rgerna<\/strong> f\u00f6r diamantm\u00e5lning ;<\/li>\n<li>Fritt redigerbar (sortera, konvertera till PDF, etc.) ;<\/li>\n<li><strong>2 flikar<\/strong>: sortering efter DMC-nummer och sortering efter f\u00e4rgnyans ;<\/li>\n<li>Kolumn &#8221;Position&#8221; f\u00f6r att \u00e5terg\u00e5 till den ursprungliga sorteringsordningen.<\/li>\n<\/ul>\n<p><img loading=\"lazy\" decoding=\"async\" class=\"alignnone size-full wp-image-64708\" src=\"https:\/\/diamant-strass-dmc.com\/wp-content\/uploads\/2023\/11\/bynumber.jpg\" alt=\"\" width=\"804\" height=\"631\" srcset=\"https:\/\/diamant-strass-dmc.com\/wp-content\/uploads\/2023\/11\/bynumber.jpg 804w, https:\/\/diamant-strass-dmc.com\/wp-content\/uploads\/2023\/11\/bynumber-300x235.jpg 300w, https:\/\/diamant-strass-dmc.com\/wp-content\/uploads\/2023\/11\/bynumber-768x603.jpg 768w, https:\/\/diamant-strass-dmc.com\/wp-content\/uploads\/2023\/11\/bynumber-416x326.jpg 416w, https:\/\/diamant-strass-dmc.com\/wp-content\/uploads\/2023\/11\/bynumber-324x254.jpg 324w\" sizes=\"auto, (max-width: 804px) 100vw, 804px\" \/><img loading=\"lazy\" decoding=\"async\" class=\"alignnone size-full wp-image-64693\" src=\"https:\/\/diamant-strass-dmc.com\/wp-content\/uploads\/2023\/11\/bycolor.jpg\" alt=\"\" width=\"800\" height=\"610\" srcset=\"https:\/\/diamant-strass-dmc.com\/wp-content\/uploads\/2023\/11\/bycolor.jpg 800w, https:\/\/diamant-strass-dmc.com\/wp-content\/uploads\/2023\/11\/bycolor-300x229.jpg 300w, https:\/\/diamant-strass-dmc.com\/wp-content\/uploads\/2023\/11\/bycolor-768x586.jpg 768w, https:\/\/diamant-strass-dmc.com\/wp-content\/uploads\/2023\/11\/bycolor-416x317.jpg 416w, https:\/\/diamant-strass-dmc.com\/wp-content\/uploads\/2023\/11\/bycolor-324x247.jpg 324w\" sizes=\"auto, (max-width: 800px) 100vw, 800px\" \/><\/p>\n<style><!-- .enkar2div { display:none; } .pi-edd { display:none; } button.single_add_to_cart_button.button.alt { margin-bottom: 20px !important; } --><\/style>\n","protected":false},"excerpt":{"rendered":"<p style=\"color: blue;\"><span style=\"text-decoration: underline;\"><strong>VIKTIGT<\/strong><\/span>: Detta \u00e4r en virtuell produkt: det \u00e4r en fil som du kan ladda ner direkt efter k\u00f6pet och skriva ut hemma. Ingen fysisk produkt kommer att skickas till din adress.<\/p>\n","protected":false},"featured_media":64692,"template":"","meta":{"footnotes":""},"product_brand":[],"product_cat":[7234],"class_list":{"0":"post-64828","1":"product","2":"type-product","3":"status-publish","4":"has-post-thumbnail","6":"product_cat-filer-att-ladda-ner","8":"first","9":"instock","10":"sale","11":"downloadable","12":"virtual","13":"sold-individually","14":"taxable","15":"purchasable","16":"product-type-simple"},"aioseo_notices":[],"_links":{"self":[{"href":"https:\/\/diamant-strass-dmc.com\/sv\/wp-json\/wp\/v2\/product\/64828","targetHints":{"allow":["GET"]}}],"collection":[{"href":"https:\/\/diamant-strass-dmc.com\/sv\/wp-json\/wp\/v2\/product"}],"about":[{"href":"https:\/\/diamant-strass-dmc.com\/sv\/wp-json\/wp\/v2\/types\/product"}],"version-history":[{"count":0,"href":"https:\/\/diamant-strass-dmc.com\/sv\/wp-json\/wp\/v2\/product\/64828\/revisions"}],"wp:featuredmedia":[{"embeddable":true,"href":"https:\/\/diamant-strass-dmc.com\/sv\/wp-json\/wp\/v2\/media\/64692"}],"wp:attachment":[{"href":"https:\/\/diamant-strass-dmc.com\/sv\/wp-json\/wp\/v2\/media?parent=64828"}],"wp:term":[{"taxonomy":"product_brand","embeddable":true,"href":"https:\/\/diamant-strass-dmc.com\/sv\/wp-json\/wp\/v2\/product_brand?post=64828"},{"taxonomy":"product_cat","embeddable":true,"href":"https:\/\/diamant-strass-dmc.com\/sv\/wp-json\/wp\/v2\/product_cat?post=64828"}],"curies":[{"name":"wp","href":"https:\/\/api.w.org\/{rel}","templated":true}]}}