{"id":61514,"date":"2023-09-15T02:03:33","date_gmt":"2023-09-15T00:09:04","guid":{"rendered":"https:\/\/diamant-strass-dmc.com\/perles-broderie\/nuancier-dmc-diamond-malning-par-nuance-pdf-telecharger\/"},"modified":"2024-07-03T18:39:12","modified_gmt":"2024-07-03T16:39:12","slug":"nuancier-dmc-diamond-malning-par-nuance-pdf-telecharger","status":"publish","type":"product","link":"https:\/\/diamant-strass-dmc.com\/sv\/perles-broderie\/nuancier-dmc-diamond-malning-par-nuance-pdf-telecharger\/","title":{"rendered":"DMC diamond painting f\u00e4rgkarta (PDF-fil att ladda ner)"},"content":{"rendered":"<ul>\n<li>De <strong>447 DMC-f\u00e4rgerna<\/strong> i diamond painting p\u00e5 <strong>6 utskrivbara sidor<\/strong>;<\/li>\n<li><strong>F\u00e4rger sorterade efter nyans<\/strong>;<\/li>\n<li>PDF-format som garanterar <strong>perfekt utskrift<\/strong> i DMC-f\u00e4rger;<\/li>\n<li>Utskriftsf\u00e4rdiga <strong>A4-sidor<\/strong>.<\/li>\n<\/ul>\n<p><img loading=\"lazy\" decoding=\"async\" class=\"alignnone size-full wp-image-64640\" src=\"https:\/\/diamant-strass-dmc.com\/wp-content\/uploads\/2023\/09\/colorbyshades.jpg\" alt=\"\" width=\"766\" height=\"469\" srcset=\"https:\/\/diamant-strass-dmc.com\/wp-content\/uploads\/2023\/09\/colorbyshades.jpg 766w, https:\/\/diamant-strass-dmc.com\/wp-content\/uploads\/2023\/09\/colorbyshades-300x184.jpg 300w, https:\/\/diamant-strass-dmc.com\/wp-content\/uploads\/2023\/09\/colorbyshades-416x255.jpg 416w, https:\/\/diamant-strass-dmc.com\/wp-content\/uploads\/2023\/09\/colorbyshades-324x198.jpg 324w\" sizes=\"auto, (max-width: 766px) 100vw, 766px\" \/><\/p>\n<style><!-- .enkar2div { display:none; } .pi-edd { display:none; } button.single_add_to_cart_button.button.alt { margin-bottom: 20px !important; } --><\/style>\n","protected":false},"excerpt":{"rendered":"<p style=\"color: blue;\"><span style=\"text-decoration: underline;\"><strong>VIKTIGT<\/strong><\/span>: Detta \u00e4r en virtuell produkt: det \u00e4r en fil som du kan ladda ner direkt efter k\u00f6pet och skriva ut hemma. Ingen fysisk produkt kommer att skickas till din adress.<\/p>\n","protected":false},"featured_media":64576,"template":"","meta":{"footnotes":""},"product_brand":[],"product_cat":[7234],"class_list":{"0":"post-61514","1":"product","2":"type-product","3":"status-publish","4":"has-post-thumbnail","6":"product_cat-filer-att-ladda-ner","8":"first","9":"instock","10":"sale","11":"downloadable","12":"virtual","13":"sold-individually","14":"taxable","15":"purchasable","16":"product-type-simple"},"aioseo_notices":[],"_links":{"self":[{"href":"https:\/\/diamant-strass-dmc.com\/sv\/wp-json\/wp\/v2\/product\/61514","targetHints":{"allow":["GET"]}}],"collection":[{"href":"https:\/\/diamant-strass-dmc.com\/sv\/wp-json\/wp\/v2\/product"}],"about":[{"href":"https:\/\/diamant-strass-dmc.com\/sv\/wp-json\/wp\/v2\/types\/product"}],"version-history":[{"count":0,"href":"https:\/\/diamant-strass-dmc.com\/sv\/wp-json\/wp\/v2\/product\/61514\/revisions"}],"wp:featuredmedia":[{"embeddable":true,"href":"https:\/\/diamant-strass-dmc.com\/sv\/wp-json\/wp\/v2\/media\/64576"}],"wp:attachment":[{"href":"https:\/\/diamant-strass-dmc.com\/sv\/wp-json\/wp\/v2\/media?parent=61514"}],"wp:term":[{"taxonomy":"product_brand","embeddable":true,"href":"https:\/\/diamant-strass-dmc.com\/sv\/wp-json\/wp\/v2\/product_brand?post=61514"},{"taxonomy":"product_cat","embeddable":true,"href":"https:\/\/diamant-strass-dmc.com\/sv\/wp-json\/wp\/v2\/product_cat?post=61514"}],"curies":[{"name":"wp","href":"https:\/\/api.w.org\/{rel}","templated":true}]}}