{"id":61340,"date":"2023-09-11T16:25:12","date_gmt":"2023-09-11T17:12:05","guid":{"rendered":"https:\/\/diamant-strass-dmc.com\/perles-broderie\/ladda-ner-nuancier-dmc-diamond-maalning-pdf\/"},"modified":"2023-11-15T01:38:11","modified_gmt":"2023-11-15T00:38:11","slug":"ladda-ner-nuancier-dmc-diamond-malning-pdf","status":"publish","type":"product","link":"https:\/\/diamant-strass-dmc.com\/sv\/perles-broderie\/ladda-ner-nuancier-dmc-diamond-malning-pdf\/","title":{"rendered":"DMC diamond painting f\u00e4rgkarta (PDF-fil att ladda ner)"},"content":{"rendered":"<ul>\n<li>De <strong>447 DMC-f\u00e4rgerna<\/strong> i diamond painting p\u00e5 <strong>6 utskrivbara sidor<\/strong>;<\/li>\n<li>Filer i PDF-format garanterar <strong>perfekt utskrift<\/strong> i DMC-f\u00e4rger;<\/li>\n<li>Utskriftsf\u00e4rdiga <strong>A4-sidor<\/strong>.<\/li>\n<\/ul>\n<p><img loading=\"lazy\" decoding=\"async\" class=\"alignnone wp-image-61601 size-full\" src=\"https:\/\/diamant-strass-dmc.com\/wp-content\/uploads\/2023\/09\/diamond-painting-charte-dmc-nuancier-pdf_par-numero-1.jpg\" alt=\"Nuancier DMC du diamond painting (Fichier PDF \u00e0 t\u00e9l\u00e9charger)\" width=\"822\" height=\"527\" srcset=\"https:\/\/diamant-strass-dmc.com\/wp-content\/uploads\/2023\/09\/diamond-painting-charte-dmc-nuancier-pdf_par-numero-1.jpg 822w, https:\/\/diamant-strass-dmc.com\/wp-content\/uploads\/2023\/09\/diamond-painting-charte-dmc-nuancier-pdf_par-numero-1-300x192.jpg 300w, https:\/\/diamant-strass-dmc.com\/wp-content\/uploads\/2023\/09\/diamond-painting-charte-dmc-nuancier-pdf_par-numero-1-768x492.jpg 768w, https:\/\/diamant-strass-dmc.com\/wp-content\/uploads\/2023\/09\/diamond-painting-charte-dmc-nuancier-pdf_par-numero-1-416x267.jpg 416w\" sizes=\"auto, (max-width: 822px) 100vw, 822px\" \/><\/p>\n<style><!-- .enkar2div { display:none; } .pi-edd { display:none; } button.single_add_to_cart_button.button.alt { margin-bottom: 20px !important; } --><\/style>\n","protected":false},"excerpt":{"rendered":"<p style=\"color: blue;\"><span style=\"text-decoration: underline;\"><strong>VIKTIGT<\/strong><\/span>: Detta \u00e4r en virtuell produkt: det \u00e4r en fil som du kan ladda ner direkt efter k\u00f6pet och skriva ut hemma. Ingen fysisk produkt kommer att skickas till din adress.<\/p>\n","protected":false},"featured_media":64621,"template":"","meta":{"footnotes":""},"product_brand":[],"product_cat":[7234],"class_list":{"0":"post-61340","1":"product","2":"type-product","3":"status-publish","4":"has-post-thumbnail","6":"product_cat-filer-att-ladda-ner","8":"first","9":"instock","10":"sale","11":"downloadable","12":"virtual","13":"sold-individually","14":"taxable","15":"purchasable","16":"product-type-simple"},"aioseo_notices":[],"_links":{"self":[{"href":"https:\/\/diamant-strass-dmc.com\/sv\/wp-json\/wp\/v2\/product\/61340","targetHints":{"allow":["GET"]}}],"collection":[{"href":"https:\/\/diamant-strass-dmc.com\/sv\/wp-json\/wp\/v2\/product"}],"about":[{"href":"https:\/\/diamant-strass-dmc.com\/sv\/wp-json\/wp\/v2\/types\/product"}],"version-history":[{"count":0,"href":"https:\/\/diamant-strass-dmc.com\/sv\/wp-json\/wp\/v2\/product\/61340\/revisions"}],"wp:featuredmedia":[{"embeddable":true,"href":"https:\/\/diamant-strass-dmc.com\/sv\/wp-json\/wp\/v2\/media\/64621"}],"wp:attachment":[{"href":"https:\/\/diamant-strass-dmc.com\/sv\/wp-json\/wp\/v2\/media?parent=61340"}],"wp:term":[{"taxonomy":"product_brand","embeddable":true,"href":"https:\/\/diamant-strass-dmc.com\/sv\/wp-json\/wp\/v2\/product_brand?post=61340"},{"taxonomy":"product_cat","embeddable":true,"href":"https:\/\/diamant-strass-dmc.com\/sv\/wp-json\/wp\/v2\/product_cat?post=61340"}],"curies":[{"name":"wp","href":"https:\/\/api.w.org\/{rel}","templated":true}]}}