{"id":55872,"date":"2023-02-01T20:11:14","date_gmt":"2023-02-25T04:31:39","guid":{"rendered":"https:\/\/diamant-strass-dmc.com\/perles-broderie\/box-forvaring-pelare-28-utrymmen-diamond-malning\/"},"modified":"2023-11-11T10:22:31","modified_gmt":"2023-11-11T09:22:31","slug":"box-forvaring-pelare-28-utrymmen-diamond-malning","status":"publish","type":"product","link":"https:\/\/diamant-strass-dmc.com\/sv\/perles-broderie\/box-forvaring-pelare-28-utrymmen-diamond-malning\/","title":{"rendered":"Bead Box 28 fack"},"content":{"rendered":"<p>Pillbox-stil.<\/p>\n<p>Facken kan tas ut ur l\u00e5dan. De h\u00e4ngs ihop till rader med fyra fack (och kan inte lossas fr\u00e5n varandra).<br \/>\nDet finns allts\u00e5 7 rader med 4 fack per l\u00e5da.<\/p>\n","protected":false},"excerpt":{"rendered":"<p>&#8211; \u00c5terf\u00f6rslutningsbar l\u00e5da med 2 clips;<br \/>\n&#8211; 28 fack;<br \/>\n&#8211; 28 etiketter som tillhandah\u00e5lls ;<br \/>\n&#8211; M\u00e5tt: 17 x 11 cm.<\/p>\n","protected":false},"featured_media":55166,"template":"","meta":{"footnotes":""},"product_brand":[],"product_cat":[7178],"class_list":{"0":"post-55872","1":"product","2":"type-product","3":"status-publish","4":"has-post-thumbnail","6":"product_cat-tillbehor","8":"first","9":"outofstock","10":"sale","11":"taxable","12":"shipping-taxable","13":"purchasable","14":"product-type-simple"},"aioseo_notices":[],"_links":{"self":[{"href":"https:\/\/diamant-strass-dmc.com\/sv\/wp-json\/wp\/v2\/product\/55872","targetHints":{"allow":["GET"]}}],"collection":[{"href":"https:\/\/diamant-strass-dmc.com\/sv\/wp-json\/wp\/v2\/product"}],"about":[{"href":"https:\/\/diamant-strass-dmc.com\/sv\/wp-json\/wp\/v2\/types\/product"}],"version-history":[{"count":0,"href":"https:\/\/diamant-strass-dmc.com\/sv\/wp-json\/wp\/v2\/product\/55872\/revisions"}],"wp:featuredmedia":[{"embeddable":true,"href":"https:\/\/diamant-strass-dmc.com\/sv\/wp-json\/wp\/v2\/media\/55166"}],"wp:attachment":[{"href":"https:\/\/diamant-strass-dmc.com\/sv\/wp-json\/wp\/v2\/media?parent=55872"}],"wp:term":[{"taxonomy":"product_brand","embeddable":true,"href":"https:\/\/diamant-strass-dmc.com\/sv\/wp-json\/wp\/v2\/product_brand?post=55872"},{"taxonomy":"product_cat","embeddable":true,"href":"https:\/\/diamant-strass-dmc.com\/sv\/wp-json\/wp\/v2\/product_cat?post=55872"}],"curies":[{"name":"wp","href":"https:\/\/api.w.org\/{rel}","templated":true}]}}