{"id":55810,"date":"2023-02-09T22:59:08","date_gmt":"2023-02-25T04:28:57","guid":{"rendered":"https:\/\/diamant-strass-dmc.com\/perles-broderie\/diamantmalningsklampor\/"},"modified":"2024-09-17T17:24:12","modified_gmt":"2024-09-17T15:24:12","slug":"diamantmalningsklampor","status":"publish","type":"product","link":"https:\/\/diamant-strass-dmc.com\/sv\/perles-broderie\/diamantmalningsklampor\/","title":{"rendered":"6 kl\u00e4mmor f\u00f6r diamantm\u00e5lning"},"content":{"rendered":"<p><span style=\"display:none;\">ok<\/span><\/p>\n","protected":false},"excerpt":{"rendered":"<p><strong>Set med 6 clips.<\/strong>  Idealisk f\u00f6r att h\u00e5lla dukens t\u00e4ckark eller duk p\u00e5 ett st\u00f6d.<\/p>\n","protected":false},"featured_media":55489,"template":"","meta":{"footnotes":""},"product_brand":[],"product_cat":[7178],"class_list":{"0":"post-55810","1":"product","2":"type-product","3":"status-publish","4":"has-post-thumbnail","6":"product_cat-tillbehor","8":"first","9":"instock","10":"taxable","11":"shipping-taxable","12":"purchasable","13":"product-type-variable","14":"has-default-attributes"},"aioseo_notices":[],"_links":{"self":[{"href":"https:\/\/diamant-strass-dmc.com\/sv\/wp-json\/wp\/v2\/product\/55810","targetHints":{"allow":["GET"]}}],"collection":[{"href":"https:\/\/diamant-strass-dmc.com\/sv\/wp-json\/wp\/v2\/product"}],"about":[{"href":"https:\/\/diamant-strass-dmc.com\/sv\/wp-json\/wp\/v2\/types\/product"}],"version-history":[{"count":2,"href":"https:\/\/diamant-strass-dmc.com\/sv\/wp-json\/wp\/v2\/product\/55810\/revisions"}],"predecessor-version":[{"id":77514,"href":"https:\/\/diamant-strass-dmc.com\/sv\/wp-json\/wp\/v2\/product\/55810\/revisions\/77514"}],"wp:featuredmedia":[{"embeddable":true,"href":"https:\/\/diamant-strass-dmc.com\/sv\/wp-json\/wp\/v2\/media\/55489"}],"wp:attachment":[{"href":"https:\/\/diamant-strass-dmc.com\/sv\/wp-json\/wp\/v2\/media?parent=55810"}],"wp:term":[{"taxonomy":"product_brand","embeddable":true,"href":"https:\/\/diamant-strass-dmc.com\/sv\/wp-json\/wp\/v2\/product_brand?post=55810"},{"taxonomy":"product_cat","embeddable":true,"href":"https:\/\/diamant-strass-dmc.com\/sv\/wp-json\/wp\/v2\/product_cat?post=55810"}],"curies":[{"name":"wp","href":"https:\/\/api.w.org\/{rel}","templated":true}]}}