{"id":55055,"date":"2023-02-01T01:43:46","date_gmt":"2023-02-01T00:43:46","guid":{"rendered":"https:\/\/diamant-strass-dmc.com\/perles-broderie\/head-stylo-metal-silver-gold-diamond-malning\/"},"modified":"2023-02-01T04:10:09","modified_gmt":"2023-02-01T03:10:09","slug":"head-stylo-metal-silver-gold-diamond-malning","status":"publish","type":"product","link":"https:\/\/diamant-strass-dmc.com\/sv\/perles-broderie\/head-stylo-metal-silver-gold-diamond-malning\/","title":{"rendered":"Silver- eller guldf\u00e4rgade pennhuvuden i metall"},"content":{"rendered":"<p><span style=\"color:red;\"><strong>Den f\u00f6rsta bilden visar de tv\u00e5 tillg\u00e4ngliga upps\u00e4ttningarna, men priset som visas \u00e4r f\u00f6r endast en upps\u00e4ttning.<\/strong><\/span><\/p>\n<p><strong>Inneh\u00e5llet i upps\u00e4ttningen :<\/strong><br \/>\n&#8211; Tv\u00e5 huvuden f\u00f6r en diamant;<br \/>\n&#8211; 1 vinklat huvud f\u00f6r 1 diamant ;<br \/>\n&#8211; 1 huvud f\u00f6r 3 diamanter;<br \/>\n&#8211; 1 huvud f\u00f6r 4 diamanter ;<br \/>\n&#8211; 1 huvud f\u00f6r 5 diamanter;<br \/>\n&#8211; 1 huvud f\u00f6r 6 diamanter;<br \/>\n&#8211; 1 huvud f\u00f6r 7 diamanter ;<br \/>\n&#8211; 1 huvud f\u00f6r 8 diamanter;<br \/>\n&#8211; 1 huvud f\u00f6r 9 diamanter ;<br \/>\n&#8211; 1 huvud f\u00f6r 10 diamanter;<br \/>\n&#8211; 1 korrigeringshuvud.<\/p>\n<p>Korrigeringshuvudet, som ska s\u00e4ttas in mellan raderna av diamanter, g\u00f6r det m\u00f6jligt att placera dem p\u00e5 r\u00e4tt s\u00e4tt.<\/p>\n","protected":false},"excerpt":{"rendered":"<p>&#8211; I rostfritt st\u00e5l<br \/>\n&#8211; Presenteras i en liten plastl\u00e5da<\/p>\n","protected":false},"featured_media":54918,"template":"","meta":{"footnotes":""},"product_brand":[],"product_cat":[7178],"class_list":{"0":"post-55055","1":"product","2":"type-product","3":"status-publish","4":"has-post-thumbnail","6":"product_cat-tillbehor","8":"first","9":"instock","10":"sale","11":"taxable","12":"shipping-taxable","13":"purchasable","14":"product-type-variable","15":"has-default-attributes"},"aioseo_notices":[],"_links":{"self":[{"href":"https:\/\/diamant-strass-dmc.com\/sv\/wp-json\/wp\/v2\/product\/55055","targetHints":{"allow":["GET"]}}],"collection":[{"href":"https:\/\/diamant-strass-dmc.com\/sv\/wp-json\/wp\/v2\/product"}],"about":[{"href":"https:\/\/diamant-strass-dmc.com\/sv\/wp-json\/wp\/v2\/types\/product"}],"version-history":[{"count":0,"href":"https:\/\/diamant-strass-dmc.com\/sv\/wp-json\/wp\/v2\/product\/55055\/revisions"}],"wp:featuredmedia":[{"embeddable":true,"href":"https:\/\/diamant-strass-dmc.com\/sv\/wp-json\/wp\/v2\/media\/54918"}],"wp:attachment":[{"href":"https:\/\/diamant-strass-dmc.com\/sv\/wp-json\/wp\/v2\/media?parent=55055"}],"wp:term":[{"taxonomy":"product_brand","embeddable":true,"href":"https:\/\/diamant-strass-dmc.com\/sv\/wp-json\/wp\/v2\/product_brand?post=55055"},{"taxonomy":"product_cat","embeddable":true,"href":"https:\/\/diamant-strass-dmc.com\/sv\/wp-json\/wp\/v2\/product_cat?post=55055"}],"curies":[{"name":"wp","href":"https:\/\/api.w.org\/{rel}","templated":true}]}}