{"id":55037,"date":"2023-02-01T03:24:35","date_gmt":"2023-02-01T02:24:35","guid":{"rendered":"https:\/\/diamant-strass-dmc.com\/perles-broderie\/metal-styloheads-limited-edition\/"},"modified":"2023-02-01T04:08:55","modified_gmt":"2023-02-01T03:08:55","slug":"metal-styloheads-limited-edition","status":"publish","type":"product","link":"https:\/\/diamant-strass-dmc.com\/sv\/perles-broderie\/metal-styloheads-limited-edition\/","title":{"rendered":"Pennhuvuden i metall begr\u00e4nsad upplaga"},"content":{"rendered":"<p><span style=\"color:red;\"><strong>Vissa bilder visar tv\u00e5 upps\u00e4ttningar, men priset som visas \u00e4r f\u00f6r endast en upps\u00e4ttning.<\/strong><\/span><\/p>\n<p><strong>Inneh\u00e5llet i upps\u00e4ttningen :<\/strong><br \/>\n&#8211; 1 huvud f\u00f6r 1 diamant ;<br \/>\n&#8211; 1 vinklat huvud f\u00f6r 1 diamant ;<br \/>\n&#8211; 1 huvud f\u00f6r 3 diamanter;<br \/>\n&#8211; 1 huvud f\u00f6r 6 diamanter;<br \/>\n&#8211; 1 huvud f\u00f6r 9 diamanter;<br \/>\n&#8211; 1 korrigeringshuvud.<\/p>\n<p>Korrigeringshuvudet, som ska s\u00e4ttas in mellan raderna av diamanter, g\u00f6r det m\u00f6jligt att placera dem p\u00e5 r\u00e4tt s\u00e4tt.<\/p>\n<p>Spetsarna i <strong>&#8221;Magic&#8221;-setet<\/strong> \u00e4r silverf\u00e4rgade, asymmetriska och fyllda med glittrande strassstenar.<\/p>\n<p>Slutstyckena p\u00e5 <strong>&#8221;Renaissance&#8221;-l\u00e5dan<\/strong> \u00e4r f\u00f6rgyllda och graverade med arabesker.<\/p>\n","protected":false},"excerpt":{"rendered":"<p>&#8211; Begr\u00e4nsad upplaga<br \/>\n&#8211; I rostfritt st\u00e5l<br \/>\n&#8211; Presenteras i en liten plastl\u00e5da<\/p>\n","protected":false},"featured_media":116134,"template":"","meta":{"footnotes":""},"product_brand":[],"product_cat":[7178],"class_list":{"0":"post-55037","1":"product","2":"type-product","3":"status-publish","4":"has-post-thumbnail","6":"product_cat-tillbehor","8":"first","9":"instock","10":"sale","11":"taxable","12":"shipping-taxable","13":"purchasable","14":"product-type-variable"},"aioseo_notices":[],"_links":{"self":[{"href":"https:\/\/diamant-strass-dmc.com\/sv\/wp-json\/wp\/v2\/product\/55037","targetHints":{"allow":["GET"]}}],"collection":[{"href":"https:\/\/diamant-strass-dmc.com\/sv\/wp-json\/wp\/v2\/product"}],"about":[{"href":"https:\/\/diamant-strass-dmc.com\/sv\/wp-json\/wp\/v2\/types\/product"}],"version-history":[{"count":0,"href":"https:\/\/diamant-strass-dmc.com\/sv\/wp-json\/wp\/v2\/product\/55037\/revisions"}],"wp:featuredmedia":[{"embeddable":true,"href":"https:\/\/diamant-strass-dmc.com\/sv\/wp-json\/wp\/v2\/media\/116134"}],"wp:attachment":[{"href":"https:\/\/diamant-strass-dmc.com\/sv\/wp-json\/wp\/v2\/media?parent=55037"}],"wp:term":[{"taxonomy":"product_brand","embeddable":true,"href":"https:\/\/diamant-strass-dmc.com\/sv\/wp-json\/wp\/v2\/product_brand?post=55037"},{"taxonomy":"product_cat","embeddable":true,"href":"https:\/\/diamant-strass-dmc.com\/sv\/wp-json\/wp\/v2\/product_cat?post=55037"}],"curies":[{"name":"wp","href":"https:\/\/api.w.org\/{rel}","templated":true}]}}