{"id":49291,"date":"2022-09-05T18:43:28","date_gmt":"2023-01-18T01:41:09","guid":{"rendered":"https:\/\/diamant-strass-dmc.com\/perles-broderie\/jul-ringbroderi-diamond-malning\/"},"modified":"2025-03-11T20:15:01","modified_gmt":"2025-03-11T19:15:01","slug":"jul-ringbroderi-diamond-malning","status":"publish","type":"product","link":"https:\/\/diamant-strass-dmc.com\/sv\/perles-broderie\/jul-ringbroderi-diamond-malning\/","title":{"rendered":"4 julnyckelringar med diamantbroderi"},"content":{"rendered":"<p><strong>M\u00e5tt p\u00e5 nyckelringar (utan kedja) i <\/strong><strong>Bredd x h\u00f6jd :<\/strong><br \/>\nGran: 6 x 6,9 cm<br \/>\nSn\u00f6gubbe: 7,8 x 5 cm<br \/>\nMuffel: 6,9 x 5,1 cm<br \/>\nStrumpa: 4,7 x 7,3 cm<\/p>\n","protected":false},"excerpt":{"rendered":"<p><strong>Denna upps\u00e4ttning inneh\u00e5ller:<\/strong><\/p>\n<ul>\n<li>4 element f\u00f6r att brodera<\/li>\n<li>1 penna med spets<\/li>\n<li>Diamantp\u00e5sar<\/li>\n<li>1 kvadrat med lim<\/li>\n<li>1 diamant-sorteringsbricka<\/li>\n<li>4 kedjor + clips<\/li>\n<li>Tomma p\u00e5sar f\u00f6r f\u00f6rvaring av diamanter<\/li>\n<\/ul>\n","protected":false},"featured_media":44290,"template":"","meta":{"footnotes":""},"product_brand":[],"product_cat":[7210],"class_list":{"0":"post-49291","1":"product","2":"type-product","3":"status-publish","4":"has-post-thumbnail","6":"product_cat-diamond-broderi-nyckelring","8":"first","9":"outofstock","10":"sale","11":"taxable","12":"shipping-taxable","13":"purchasable","14":"product-type-simple"},"aioseo_notices":[],"_links":{"self":[{"href":"https:\/\/diamant-strass-dmc.com\/sv\/wp-json\/wp\/v2\/product\/49291","targetHints":{"allow":["GET"]}}],"collection":[{"href":"https:\/\/diamant-strass-dmc.com\/sv\/wp-json\/wp\/v2\/product"}],"about":[{"href":"https:\/\/diamant-strass-dmc.com\/sv\/wp-json\/wp\/v2\/types\/product"}],"version-history":[{"count":0,"href":"https:\/\/diamant-strass-dmc.com\/sv\/wp-json\/wp\/v2\/product\/49291\/revisions"}],"wp:featuredmedia":[{"embeddable":true,"href":"https:\/\/diamant-strass-dmc.com\/sv\/wp-json\/wp\/v2\/media\/44290"}],"wp:attachment":[{"href":"https:\/\/diamant-strass-dmc.com\/sv\/wp-json\/wp\/v2\/media?parent=49291"}],"wp:term":[{"taxonomy":"product_brand","embeddable":true,"href":"https:\/\/diamant-strass-dmc.com\/sv\/wp-json\/wp\/v2\/product_brand?post=49291"},{"taxonomy":"product_cat","embeddable":true,"href":"https:\/\/diamant-strass-dmc.com\/sv\/wp-json\/wp\/v2\/product_cat?post=49291"}],"curies":[{"name":"wp","href":"https:\/\/api.w.org\/{rel}","templated":true}]}}