{"id":49184,"date":"2022-09-05T19:31:56","date_gmt":"2023-01-18T01:36:54","guid":{"rendered":"https:\/\/diamant-strass-dmc.com\/perles-broderie\/fagel-ringhallare-broderi-diamond-malning\/"},"modified":"2023-01-18T02:36:54","modified_gmt":"2023-01-18T01:36:54","slug":"fagel-ringhallare-broderi-diamond-malning","status":"publish","type":"product","link":"https:\/\/diamant-strass-dmc.com\/sv\/perles-broderie\/fagel-ringhallare-broderi-diamond-malning\/","title":{"rendered":"4 nyckelringar med diamantbroderi f\u00f6r f\u00e5glar"},"content":{"rendered":"<p>Nyckelringarnas m\u00e5tt (utan kedja): 7 x 5 cm.<\/p>\n","protected":false},"excerpt":{"rendered":"<p><strong>Denna upps\u00e4ttning inneh\u00e5ller:<\/strong><\/p>\n<ul>\n<li>4 element f\u00f6r att brodera<\/li>\n<li>1 penna med spets<\/li>\n<li>Diamantp\u00e5sar<\/li>\n<li>1 kvadrat med lim<\/li>\n<li>1 diamant-sorteringsbricka<\/li>\n<li>4 kedjor + clips<\/li>\n<li>Tomma p\u00e5sar f\u00f6r f\u00f6rvaring av diamanter<\/li>\n<\/ul>\n","protected":false},"featured_media":44195,"template":"","meta":{"footnotes":""},"product_brand":[],"product_cat":[7210],"class_list":{"0":"post-49184","1":"product","2":"type-product","3":"status-publish","4":"has-post-thumbnail","6":"product_cat-diamond-broderi-nyckelring","8":"first","9":"outofstock","10":"sale","11":"taxable","12":"shipping-taxable","13":"purchasable","14":"product-type-simple"},"aioseo_notices":[],"_links":{"self":[{"href":"https:\/\/diamant-strass-dmc.com\/sv\/wp-json\/wp\/v2\/product\/49184","targetHints":{"allow":["GET"]}}],"collection":[{"href":"https:\/\/diamant-strass-dmc.com\/sv\/wp-json\/wp\/v2\/product"}],"about":[{"href":"https:\/\/diamant-strass-dmc.com\/sv\/wp-json\/wp\/v2\/types\/product"}],"version-history":[{"count":0,"href":"https:\/\/diamant-strass-dmc.com\/sv\/wp-json\/wp\/v2\/product\/49184\/revisions"}],"wp:featuredmedia":[{"embeddable":true,"href":"https:\/\/diamant-strass-dmc.com\/sv\/wp-json\/wp\/v2\/media\/44195"}],"wp:attachment":[{"href":"https:\/\/diamant-strass-dmc.com\/sv\/wp-json\/wp\/v2\/media?parent=49184"}],"wp:term":[{"taxonomy":"product_brand","embeddable":true,"href":"https:\/\/diamant-strass-dmc.com\/sv\/wp-json\/wp\/v2\/product_brand?post=49184"},{"taxonomy":"product_cat","embeddable":true,"href":"https:\/\/diamant-strass-dmc.com\/sv\/wp-json\/wp\/v2\/product_cat?post=49184"}],"curies":[{"name":"wp","href":"https:\/\/api.w.org\/{rel}","templated":true}]}}