{"id":49045,"date":"2022-09-05T19:12:48","date_gmt":"2023-01-18T01:33:15","guid":{"rendered":"https:\/\/diamant-strass-dmc.com\/perles-broderie\/horn-ringhallare-diamond-malning\/"},"modified":"2023-01-18T02:33:15","modified_gmt":"2023-01-18T01:33:15","slug":"horn-ringhallare-diamond-malning","status":"publish","type":"product","link":"https:\/\/diamant-strass-dmc.com\/sv\/perles-broderie\/horn-ringhallare-diamond-malning\/","title":{"rendered":"5 nyckelringar med enh\u00f6rning i diamantbroderi"},"content":{"rendered":"<p>Nyckelringarnas m\u00e5tt (utan kedja): 6 x 6 cm<\/p>\n","protected":false},"excerpt":{"rendered":"<p><strong>Denna upps\u00e4ttning inneh\u00e5ller:<\/strong><\/p>\n<ul>\n<li>5 enh\u00f6rningar att brodera<\/li>\n<li>1 penna med spets<\/li>\n<li>Diamantp\u00e5sar<\/li>\n<li>1 kvadrat med lim<\/li>\n<li>1 diamant-sorteringsbricka<\/li>\n<li>5 kedjor + band<\/li>\n<li>Tomma p\u00e5sar f\u00f6r f\u00f6rvaring av diamanter<\/li>\n<\/ul>\n","protected":false},"featured_media":44275,"template":"","meta":{"footnotes":""},"product_brand":[],"product_cat":[7210],"class_list":{"0":"post-49045","1":"product","2":"type-product","3":"status-publish","4":"has-post-thumbnail","6":"product_cat-diamond-broderi-nyckelring","8":"first","9":"outofstock","10":"sale","11":"taxable","12":"shipping-taxable","13":"purchasable","14":"product-type-simple"},"aioseo_notices":[],"_links":{"self":[{"href":"https:\/\/diamant-strass-dmc.com\/sv\/wp-json\/wp\/v2\/product\/49045","targetHints":{"allow":["GET"]}}],"collection":[{"href":"https:\/\/diamant-strass-dmc.com\/sv\/wp-json\/wp\/v2\/product"}],"about":[{"href":"https:\/\/diamant-strass-dmc.com\/sv\/wp-json\/wp\/v2\/types\/product"}],"version-history":[{"count":0,"href":"https:\/\/diamant-strass-dmc.com\/sv\/wp-json\/wp\/v2\/product\/49045\/revisions"}],"wp:featuredmedia":[{"embeddable":true,"href":"https:\/\/diamant-strass-dmc.com\/sv\/wp-json\/wp\/v2\/media\/44275"}],"wp:attachment":[{"href":"https:\/\/diamant-strass-dmc.com\/sv\/wp-json\/wp\/v2\/media?parent=49045"}],"wp:term":[{"taxonomy":"product_brand","embeddable":true,"href":"https:\/\/diamant-strass-dmc.com\/sv\/wp-json\/wp\/v2\/product_brand?post=49045"},{"taxonomy":"product_cat","embeddable":true,"href":"https:\/\/diamant-strass-dmc.com\/sv\/wp-json\/wp\/v2\/product_cat?post=49045"}],"curies":[{"name":"wp","href":"https:\/\/api.w.org\/{rel}","templated":true}]}}