{"id":47741,"date":"2022-11-17T19:12:57","date_gmt":"2022-11-17T18:12:57","guid":{"rendered":"https:\/\/diamant-strass-dmc.com\/perles-broderie\/bricka-geant-xxl-embroidery-diamond\/"},"modified":"2023-01-18T02:36:46","modified_gmt":"2023-01-18T01:36:46","slug":"bricka-geant-xxl-embroidery-diamond","status":"publish","type":"product","link":"https:\/\/diamant-strass-dmc.com\/sv\/perles-broderie\/bricka-geant-xxl-embroidery-diamond\/","title":{"rendered":"J\u00e4ttelik bricka f\u00f6r diamantbroderi"},"content":{"rendered":"","protected":false},"excerpt":{"rendered":"<p>Den h\u00e4r j\u00e4ttelika r\u00e4fflade brickan m\u00e4ter <strong>16,5 x 8,5 cm<\/strong>. Sidorna \u00e4r s\u00e4rskilt h\u00f6ga (1 cm) och den har en <strong>pip<\/strong> f\u00f6r att l\u00e4tt kunna t\u00f6mma \u00f6verblivna diamanter.<\/p>\n","protected":false},"featured_media":116119,"template":"","meta":{"footnotes":""},"product_brand":[],"product_cat":[7178],"class_list":{"0":"post-47741","1":"product","2":"type-product","3":"status-publish","4":"has-post-thumbnail","6":"product_cat-tillbehor","8":"first","9":"instock","10":"sale","11":"taxable","12":"shipping-taxable","13":"purchasable","14":"product-type-simple"},"aioseo_notices":[],"_links":{"self":[{"href":"https:\/\/diamant-strass-dmc.com\/sv\/wp-json\/wp\/v2\/product\/47741","targetHints":{"allow":["GET"]}}],"collection":[{"href":"https:\/\/diamant-strass-dmc.com\/sv\/wp-json\/wp\/v2\/product"}],"about":[{"href":"https:\/\/diamant-strass-dmc.com\/sv\/wp-json\/wp\/v2\/types\/product"}],"version-history":[{"count":0,"href":"https:\/\/diamant-strass-dmc.com\/sv\/wp-json\/wp\/v2\/product\/47741\/revisions"}],"wp:featuredmedia":[{"embeddable":true,"href":"https:\/\/diamant-strass-dmc.com\/sv\/wp-json\/wp\/v2\/media\/116119"}],"wp:attachment":[{"href":"https:\/\/diamant-strass-dmc.com\/sv\/wp-json\/wp\/v2\/media?parent=47741"}],"wp:term":[{"taxonomy":"product_brand","embeddable":true,"href":"https:\/\/diamant-strass-dmc.com\/sv\/wp-json\/wp\/v2\/product_brand?post=47741"},{"taxonomy":"product_cat","embeddable":true,"href":"https:\/\/diamant-strass-dmc.com\/sv\/wp-json\/wp\/v2\/product_cat?post=47741"}],"curies":[{"name":"wp","href":"https:\/\/api.w.org\/{rel}","templated":true}]}}