{"id":46693,"date":"2022-08-10T21:29:16","date_gmt":"2022-08-10T19:29:16","guid":{"rendered":"https:\/\/diamant-strass-dmc.com\/perles-broderie\/100-zippasar-for-parlor-i-overskott\/"},"modified":"2024-09-16T15:04:28","modified_gmt":"2024-09-16T13:04:28","slug":"zip-pasar-parlor-diamanter-overskott","status":"publish","type":"product","link":"https:\/\/diamant-strass-dmc.com\/sv\/perles-broderie\/zip-pasar-parlor-diamanter-overskott\/","title":{"rendered":"Tjocka zip-p\u00e5sar f\u00f6r \u00f6verblivna p\u00e4rlor"},"content":{"rendered":"<p>Detta paket med <strong>p\u00e5sar med blixtl\u00e5s<\/strong> \u00e4r praktiskt f\u00f6r f\u00f6rvaring av dina p\u00e4rlor eller <strong>\u00f6verblivna diamantm\u00e5lningsp\u00e4rlor<\/strong>.<br \/>\nDe h\u00e4r sm\u00e5 p\u00e5sarna har en praktisk storlek p\u00e5 <strong>4 x 6 cm<\/strong> (anv\u00e4ndbar storlek, dvs. exklusive f\u00e4stremsan). <\/p>\n<p>St\u00e4ngningen \u00e4r mycket tillf\u00f6rlitlig och <strong>plasten \u00e4r tjock<\/strong> (50 mikrometer).<\/p>\n<p>F\u00f6rslutningslisten har ett centralt upph\u00e4ngningsh\u00e5l med en diameter p\u00e5 6 mm.<\/p>\n","protected":false},"excerpt":{"rendered":"<p style=\"display:none;\">ok2<\/p>\n","protected":false},"featured_media":35877,"template":"","meta":{"footnotes":""},"product_brand":[],"product_cat":[7291,7178],"class_list":{"0":"post-46693","1":"product","2":"type-product","3":"status-publish","4":"has-post-thumbnail","6":"product_cat-promo-sv","7":"product_cat-tillbehor","9":"first","10":"instock","11":"sale","12":"taxable","13":"shipping-taxable","14":"purchasable","15":"product-type-variable","16":"has-default-attributes"},"aioseo_notices":[],"_links":{"self":[{"href":"https:\/\/diamant-strass-dmc.com\/sv\/wp-json\/wp\/v2\/product\/46693","targetHints":{"allow":["GET"]}}],"collection":[{"href":"https:\/\/diamant-strass-dmc.com\/sv\/wp-json\/wp\/v2\/product"}],"about":[{"href":"https:\/\/diamant-strass-dmc.com\/sv\/wp-json\/wp\/v2\/types\/product"}],"version-history":[{"count":8,"href":"https:\/\/diamant-strass-dmc.com\/sv\/wp-json\/wp\/v2\/product\/46693\/revisions"}],"predecessor-version":[{"id":76844,"href":"https:\/\/diamant-strass-dmc.com\/sv\/wp-json\/wp\/v2\/product\/46693\/revisions\/76844"}],"wp:featuredmedia":[{"embeddable":true,"href":"https:\/\/diamant-strass-dmc.com\/sv\/wp-json\/wp\/v2\/media\/35877"}],"wp:attachment":[{"href":"https:\/\/diamant-strass-dmc.com\/sv\/wp-json\/wp\/v2\/media?parent=46693"}],"wp:term":[{"taxonomy":"product_brand","embeddable":true,"href":"https:\/\/diamant-strass-dmc.com\/sv\/wp-json\/wp\/v2\/product_brand?post=46693"},{"taxonomy":"product_cat","embeddable":true,"href":"https:\/\/diamant-strass-dmc.com\/sv\/wp-json\/wp\/v2\/product_cat?post=46693"}],"curies":[{"name":"wp","href":"https:\/\/api.w.org\/{rel}","templated":true}]}}