{"id":46607,"date":"2022-07-27T03:09:55","date_gmt":"2022-07-27T01:09:55","guid":{"rendered":"https:\/\/diamant-strass-dmc.com\/perles-broderie\/standardpenna-med-7-diamanthuvud\/"},"modified":"2024-10-19T02:30:39","modified_gmt":"2024-10-19T00:30:39","slug":"standard-penna-embroidery-diamond","status":"publish","type":"product","link":"https:\/\/diamant-strass-dmc.com\/sv\/perles-broderie\/standard-penna-embroidery-diamond\/","title":{"rendered":"Sats med 2 diamantm\u00e5larpennor med huvuden och grepp"},"content":{"rendered":"<p><strong>Pennans l\u00e4ngd: 12,6 cm.<\/strong><\/p>\n<p>Standardpennor som \u00e4r kompatibla med alla grepp eller standardpennhuvuden.<\/p>\n<p>Multi-diamanthuvuden anv\u00e4nds f\u00f6r att f\u00e5nga och f\u00e4sta flera p\u00e4rlor samtidigt. I detta kit finns ett huvud f\u00f6r infattning av 3 diamanter samtidigt och ett annat f\u00f6r infattning av 9 diamanter samtidigt (ut\u00f6ver de 2 huvudena f\u00f6r infattning av bara en diamant). <\/p>\n<p>Huvudena \u00e4r semi-opaka, dvs. de sl\u00e4pper igenom ljus men \u00e4r inte heller genomskinliga. Plasten \u00e4r r\u00f6kt vit. <\/p>\n","protected":false},"excerpt":{"rendered":"<p style=\"margin-bottom:0;\"><strong>Denna sats inneh\u00e5ller :<\/strong><\/p>\n<ul>\n<li>1 rosa penna + 1 r\u00f6tt grepp;<\/li>\n<li>1 bl\u00e5 penna + 1 bl\u00e5tt grepp ;<\/li>\n<li>2 huvuden f\u00f6r 1 diamant ;<\/li>\n<li>1 huvud f\u00f6r 3 diamanter ;<\/li>\n<li>1 huvud f\u00f6r 9 diamanter.<\/li>\n<\/ul>\n","protected":false},"featured_media":79394,"template":"","meta":{"footnotes":""},"product_brand":[],"product_cat":[7291,7178],"class_list":{"0":"post-46607","1":"product","2":"type-product","3":"status-publish","4":"has-post-thumbnail","6":"product_cat-promo-sv","7":"product_cat-tillbehor","9":"first","10":"instock","11":"sale","12":"taxable","13":"shipping-taxable","14":"purchasable","15":"product-type-simple"},"aioseo_notices":[],"_links":{"self":[{"href":"https:\/\/diamant-strass-dmc.com\/sv\/wp-json\/wp\/v2\/product\/46607","targetHints":{"allow":["GET"]}}],"collection":[{"href":"https:\/\/diamant-strass-dmc.com\/sv\/wp-json\/wp\/v2\/product"}],"about":[{"href":"https:\/\/diamant-strass-dmc.com\/sv\/wp-json\/wp\/v2\/types\/product"}],"version-history":[{"count":1,"href":"https:\/\/diamant-strass-dmc.com\/sv\/wp-json\/wp\/v2\/product\/46607\/revisions"}],"predecessor-version":[{"id":79452,"href":"https:\/\/diamant-strass-dmc.com\/sv\/wp-json\/wp\/v2\/product\/46607\/revisions\/79452"}],"wp:featuredmedia":[{"embeddable":true,"href":"https:\/\/diamant-strass-dmc.com\/sv\/wp-json\/wp\/v2\/media\/79394"}],"wp:attachment":[{"href":"https:\/\/diamant-strass-dmc.com\/sv\/wp-json\/wp\/v2\/media?parent=46607"}],"wp:term":[{"taxonomy":"product_brand","embeddable":true,"href":"https:\/\/diamant-strass-dmc.com\/sv\/wp-json\/wp\/v2\/product_brand?post=46607"},{"taxonomy":"product_cat","embeddable":true,"href":"https:\/\/diamant-strass-dmc.com\/sv\/wp-json\/wp\/v2\/product_cat?post=46607"}],"curies":[{"name":"wp","href":"https:\/\/api.w.org\/{rel}","templated":true}]}}