{"id":46579,"date":"2022-07-27T23:28:44","date_gmt":"2022-07-27T21:28:44","guid":{"rendered":"https:\/\/diamant-strass-dmc.com\/perles-broderie\/lysande-penna-med-forstoringsglas-och-huvuden\/"},"modified":"2024-09-17T17:20:37","modified_gmt":"2024-09-17T15:20:37","slug":"belyst-penna-skarande-huvud-diamant","status":"publish","type":"product","link":"https:\/\/diamant-strass-dmc.com\/sv\/perles-broderie\/belyst-penna-skarande-huvud-diamant\/","title":{"rendered":"Ljuspenna med f\u00f6rstoringsglas och huvuden"},"content":{"rendered":"<p>Den h\u00e4r sj\u00e4lvlysande pennan avger ett <strong>riktat ljus<\/strong> som g\u00f6r det l\u00e4ttare att plocka upp och placera diamanter.<\/p>\n<p>Den drivs av <strong>2 AAA-batterier (ing\u00e5r ej)<\/strong> och levereras med <strong>flera huvuden<\/strong> f\u00f6r 1, 3 eller 6 diamanter samt ett &#8221;korrigeringshuvud&#8221; f\u00f6r att rikta in diamanterna n\u00e4r de s\u00e4tts in mellan raderna.<\/p>\n<p>Pennan levereras ocks\u00e5 med <strong>ett<\/strong> vridbart <strong>f\u00f6rstoringsglas<\/strong> som kan f\u00e4stas f\u00f6r att f\u00f6rstora det omr\u00e5de som ska broderas och framh\u00e4va detaljerna.<\/p>\n<p>Ljuset t\u00e4nds och sl\u00e4cks med hj\u00e4lp av knappen i slutet av pennan.<\/p>\n","protected":false},"excerpt":{"rendered":"<p><strong>Inneh\u00e5llet i f\u00f6rpackningen :<\/strong><\/p>\n<ul>\n<li>1 ljuspenna ;<\/li>\n<li>1 f\u00f6rstoringsglas med clip-on ;<\/li>\n<li>1 standardhuvud 1 diamant ;<\/li>\n<li>1 standard 3-diamant huvud ;<\/li>\n<li>1 huvud 6 diamanter ;<\/li>\n<li>1 korrigeringshuvud ;<\/li>\n<\/ul>\n","protected":false},"featured_media":70704,"template":"","meta":{"footnotes":""},"product_brand":[],"product_cat":[7291,7178],"class_list":{"0":"post-46579","1":"product","2":"type-product","3":"status-publish","4":"has-post-thumbnail","6":"product_cat-promo-sv","7":"product_cat-tillbehor","9":"first","10":"instock","11":"sale","12":"taxable","13":"shipping-taxable","14":"purchasable","15":"product-type-variable","16":"has-default-attributes"},"aioseo_notices":[],"_links":{"self":[{"href":"https:\/\/diamant-strass-dmc.com\/sv\/wp-json\/wp\/v2\/product\/46579","targetHints":{"allow":["GET"]}}],"collection":[{"href":"https:\/\/diamant-strass-dmc.com\/sv\/wp-json\/wp\/v2\/product"}],"about":[{"href":"https:\/\/diamant-strass-dmc.com\/sv\/wp-json\/wp\/v2\/types\/product"}],"version-history":[{"count":4,"href":"https:\/\/diamant-strass-dmc.com\/sv\/wp-json\/wp\/v2\/product\/46579\/revisions"}],"predecessor-version":[{"id":77503,"href":"https:\/\/diamant-strass-dmc.com\/sv\/wp-json\/wp\/v2\/product\/46579\/revisions\/77503"}],"wp:featuredmedia":[{"embeddable":true,"href":"https:\/\/diamant-strass-dmc.com\/sv\/wp-json\/wp\/v2\/media\/70704"}],"wp:attachment":[{"href":"https:\/\/diamant-strass-dmc.com\/sv\/wp-json\/wp\/v2\/media?parent=46579"}],"wp:term":[{"taxonomy":"product_brand","embeddable":true,"href":"https:\/\/diamant-strass-dmc.com\/sv\/wp-json\/wp\/v2\/product_brand?post=46579"},{"taxonomy":"product_cat","embeddable":true,"href":"https:\/\/diamant-strass-dmc.com\/sv\/wp-json\/wp\/v2\/product_cat?post=46579"}],"curies":[{"name":"wp","href":"https:\/\/api.w.org\/{rel}","templated":true}]}}