{"id":46461,"date":"2022-07-28T01:36:54","date_gmt":"2022-10-05T00:02:25","guid":{"rendered":"https:\/\/diamant-strass-dmc.com\/perles-broderie\/diamantbroderi-pennhuvud\/"},"modified":"2024-09-17T17:45:03","modified_gmt":"2024-09-17T15:45:03","slug":"huvud-stylo-brodery-diamant","status":"publish","type":"product","link":"https:\/\/diamant-strass-dmc.com\/sv\/perles-broderie\/huvud-stylo-brodery-diamant\/","title":{"rendered":"Pennhuvuden f\u00f6r diamantm\u00e5lning"},"content":{"rendered":"<p>Bilden visar alla tillg\u00e4ngliga huvuden, men <strong>priset g\u00e4ller f\u00f6r ett enda<\/strong> huvud och inte f\u00f6r <strong>ett<\/strong> parti, s\u00e5vida du inte v\u00e4ljer <strong><em>Alla huvuden, utom &#8221;A &#8211; Korrigerande huvud&#8221;.<\/em><\/strong>I s\u00e5 fall f\u00e5r du alla 13 multidiamanthuvudena plus det 1 vinklade diamanthuvudet (totalt 14 huvuden).<\/p>\n<p><strong>3 till 15 diamanter<\/strong> kan s\u00e4ttas p\u00e5 en g\u00e5ng, beroende p\u00e5 huvudets storlek (figur p\u00e5 bilden). Denna storlek \u00e4r vald i &#8221;huvudtyp&#8221;.<\/p>\n<p>Vi erbjuder ocks\u00e5 ett huvud som endast till\u00e5ter att en diamant placeras, och vars speciella egenskap \u00e4r att det \u00e4r <strong>vinklat<\/strong>, vilket ger <strong>b\u00e4ttre ergonomi<\/strong> och positionering av pennan.<\/p>\n<p>Slutligen erbjuder vi <strong>&#8221;korrigeringshuvudet<\/strong>&#8221;, som inte g\u00f6r det m\u00f6jligt att f\u00e4sta diamanterna utan s\u00e4tts in mellan raderna s\u00e5 att diamanterna \u00e4r korrekt inriktade.<\/p>\n<p>Dessa huvuden passar alla standardpennor f\u00f6r diamantm\u00e5lning, inklusive den rosa pennan som medf\u00f6ljer i de flesta kit.<\/p>\n<style><!-- .woo-selected-variation-item-name, .woocommerce-product-details__short-description { display:none !important; } li.variable-item { line-height: 1em; } --><\/style>\n","protected":false},"excerpt":{"rendered":"<p>Diamantm\u00e5lning<\/p>\n","protected":false},"featured_media":69633,"template":"","meta":{"footnotes":""},"product_brand":[],"product_cat":[7178],"class_list":{"0":"post-46461","1":"product","2":"type-product","3":"status-publish","4":"has-post-thumbnail","6":"product_cat-tillbehor","8":"first","9":"instock","10":"sale","11":"taxable","12":"shipping-taxable","13":"purchasable","14":"product-type-variable","15":"has-default-attributes"},"aioseo_notices":[],"_links":{"self":[{"href":"https:\/\/diamant-strass-dmc.com\/sv\/wp-json\/wp\/v2\/product\/46461","targetHints":{"allow":["GET"]}}],"collection":[{"href":"https:\/\/diamant-strass-dmc.com\/sv\/wp-json\/wp\/v2\/product"}],"about":[{"href":"https:\/\/diamant-strass-dmc.com\/sv\/wp-json\/wp\/v2\/types\/product"}],"version-history":[{"count":8,"href":"https:\/\/diamant-strass-dmc.com\/sv\/wp-json\/wp\/v2\/product\/46461\/revisions"}],"predecessor-version":[{"id":77573,"href":"https:\/\/diamant-strass-dmc.com\/sv\/wp-json\/wp\/v2\/product\/46461\/revisions\/77573"}],"wp:featuredmedia":[{"embeddable":true,"href":"https:\/\/diamant-strass-dmc.com\/sv\/wp-json\/wp\/v2\/media\/69633"}],"wp:attachment":[{"href":"https:\/\/diamant-strass-dmc.com\/sv\/wp-json\/wp\/v2\/media?parent=46461"}],"wp:term":[{"taxonomy":"product_brand","embeddable":true,"href":"https:\/\/diamant-strass-dmc.com\/sv\/wp-json\/wp\/v2\/product_brand?post=46461"},{"taxonomy":"product_cat","embeddable":true,"href":"https:\/\/diamant-strass-dmc.com\/sv\/wp-json\/wp\/v2\/product_cat?post=46461"}],"curies":[{"name":"wp","href":"https:\/\/api.w.org\/{rel}","templated":true}]}}