{"id":46428,"date":"2022-09-07T02:33:03","date_gmt":"2022-09-07T00:33:03","guid":{"rendered":"https:\/\/diamant-strass-dmc.com\/perles-broderie\/unik-penna-6-huvuden\/"},"modified":"2024-09-17T17:18:20","modified_gmt":"2024-09-17T15:18:20","slug":"pen-painting-diamond-painting-embroidery-diamond","status":"publish","type":"product","link":"https:\/\/diamant-strass-dmc.com\/sv\/perles-broderie\/pen-painting-diamond-painting-embroidery-diamond\/","title":{"rendered":"Unik&#8221; penna + 6 huvuden f\u00f6r diamantm\u00e5lning"},"content":{"rendered":"<p>Varje set inneh\u00e5ller <strong>1 penna<\/strong> (bl\u00e5 eller fuchsiarosa) och <strong>6 huvuden<\/strong>, <strong>4 platta<\/strong> (f\u00f6r 1, 3, 6 och 9 diamanter), <strong>1 vinklad<\/strong> (f\u00f6r 1 diamant) och <strong>1 korrektor<\/strong> (f\u00f6r att justera diamanterna).<\/p>\n<p>Varf\u00f6r \u00e4r den h\u00e4r pennan <strong>unik<\/strong>? Eftersom <strong>dess linjer aldrig \u00e4r desamma!<\/strong><br \/> Marmoreffekten \u00e4r <strong>olika varje g\u00e5ng<\/strong>, som du kan se p\u00e5 en av bilderna p\u00e5 motsatt sida.<\/p>\n<p>Pennan \u00e4r genomskinlig, s\u00e5 den ser bra ut i dagsljus.<\/p>\n<p>M\u00e5tt (med huvuden): 15,5 cm.<br \/>  Ett huvud kan monteras i varje \u00e4nde.<\/p>\n","protected":false},"excerpt":{"rendered":"<p>Unik penna: olika marmorerad effekt f\u00f6r varje penna (se foto).<\/p>\n","protected":false},"featured_media":44638,"template":"","meta":{"footnotes":""},"product_brand":[],"product_cat":[7178],"class_list":{"0":"post-46428","1":"product","2":"type-product","3":"status-publish","4":"has-post-thumbnail","6":"product_cat-tillbehor","8":"first","9":"instock","10":"sale","11":"taxable","12":"shipping-taxable","13":"purchasable","14":"product-type-variable","15":"has-default-attributes"},"aioseo_notices":[],"_links":{"self":[{"href":"https:\/\/diamant-strass-dmc.com\/sv\/wp-json\/wp\/v2\/product\/46428","targetHints":{"allow":["GET"]}}],"collection":[{"href":"https:\/\/diamant-strass-dmc.com\/sv\/wp-json\/wp\/v2\/product"}],"about":[{"href":"https:\/\/diamant-strass-dmc.com\/sv\/wp-json\/wp\/v2\/types\/product"}],"version-history":[{"count":2,"href":"https:\/\/diamant-strass-dmc.com\/sv\/wp-json\/wp\/v2\/product\/46428\/revisions"}],"predecessor-version":[{"id":77494,"href":"https:\/\/diamant-strass-dmc.com\/sv\/wp-json\/wp\/v2\/product\/46428\/revisions\/77494"}],"wp:featuredmedia":[{"embeddable":true,"href":"https:\/\/diamant-strass-dmc.com\/sv\/wp-json\/wp\/v2\/media\/44638"}],"wp:attachment":[{"href":"https:\/\/diamant-strass-dmc.com\/sv\/wp-json\/wp\/v2\/media?parent=46428"}],"wp:term":[{"taxonomy":"product_brand","embeddable":true,"href":"https:\/\/diamant-strass-dmc.com\/sv\/wp-json\/wp\/v2\/product_brand?post=46428"},{"taxonomy":"product_cat","embeddable":true,"href":"https:\/\/diamant-strass-dmc.com\/sv\/wp-json\/wp\/v2\/product_cat?post=46428"}],"curies":[{"name":"wp","href":"https:\/\/api.w.org\/{rel}","templated":true}]}}