{"id":46343,"date":"2022-09-06T18:03:14","date_gmt":"2022-10-05T00:01:48","guid":{"rendered":"https:\/\/diamant-strass-dmc.com\/perles-broderie\/3-hjul-sjalvhaftande-rulle\/"},"modified":"2023-01-18T02:33:12","modified_gmt":"2023-01-18T01:33:12","slug":"roulette-broderie-diamond-painting","status":"publish","type":"product","link":"https:\/\/diamant-strass-dmc.com\/sv\/perles-broderie\/roulette-broderie-diamond-painting\/","title":{"rendered":"3 hjul + limrulle"},"content":{"rendered":"<p>1\/ <strong>F\u00e4st en bit tejp<\/strong> runt hjulet;<br \/>\n2\/ Rulla hjulet i din bricka f\u00f6r att <strong>ta diamanterna<\/strong>;<br \/>\n3\/ Rulla rullen p\u00e5 din duk f\u00f6r att <strong>f\u00e4sta diamanterna<\/strong> p\u00e5 den.<\/p>\n<p>Placera flera diamanter med de hjul som ing\u00e5r i detta kit, med tre olika diametrar beroende p\u00e5 dina behov (ju st\u00f6rre hjulet \u00e4r, desto fler diamanter kan du placera).<\/p>\n<p>Rullarna \u00e4r fast monterade i spindelns \u00e4nde med en skruvg\u00e4ngor, och tre spindlar medf\u00f6ljer s\u00e5 att du kan njuta av de olika storlekarna p\u00e5 rullarna utan att beh\u00f6va ta is\u00e4r dem varje g\u00e5ng.<\/p>\n<p>En rulle tejp som \u00e4r lika bred som hjulens bredd finns ocks\u00e5 med.<\/p>\n<p><strong>Roulettehjulet kr\u00e4ver \u00f6vning, men n\u00e4r du v\u00e4l beh\u00e4rskar det kan du inte l\u00e4ngre vara utan det!<\/strong><\/p>\n","protected":false},"excerpt":{"rendered":"<p><strong>Detta kit inneh\u00e5ller:<\/strong><\/p>\n<ul>\n<li><strong>3 hjul<\/strong> (diameter 3 cm, 4 cm och 5 cm) ;<\/li>\n<li><strong>3 st\u00e4nger<\/strong> f\u00f6r att \u00e5tg\u00e4rda dem;<\/li>\n<li><strong>1 rulle tejp<\/strong>.<\/li>\n<\/ul>\n","protected":false},"featured_media":44347,"template":"","meta":{"footnotes":""},"product_brand":[],"product_cat":[7178],"class_list":{"0":"post-46343","1":"product","2":"type-product","3":"status-publish","4":"has-post-thumbnail","6":"product_cat-tillbehor","8":"first","9":"instock","10":"sale","11":"taxable","12":"shipping-taxable","13":"purchasable","14":"product-type-simple"},"aioseo_notices":[],"_links":{"self":[{"href":"https:\/\/diamant-strass-dmc.com\/sv\/wp-json\/wp\/v2\/product\/46343","targetHints":{"allow":["GET"]}}],"collection":[{"href":"https:\/\/diamant-strass-dmc.com\/sv\/wp-json\/wp\/v2\/product"}],"about":[{"href":"https:\/\/diamant-strass-dmc.com\/sv\/wp-json\/wp\/v2\/types\/product"}],"version-history":[{"count":0,"href":"https:\/\/diamant-strass-dmc.com\/sv\/wp-json\/wp\/v2\/product\/46343\/revisions"}],"wp:featuredmedia":[{"embeddable":true,"href":"https:\/\/diamant-strass-dmc.com\/sv\/wp-json\/wp\/v2\/media\/44347"}],"wp:attachment":[{"href":"https:\/\/diamant-strass-dmc.com\/sv\/wp-json\/wp\/v2\/media?parent=46343"}],"wp:term":[{"taxonomy":"product_brand","embeddable":true,"href":"https:\/\/diamant-strass-dmc.com\/sv\/wp-json\/wp\/v2\/product_brand?post=46343"},{"taxonomy":"product_cat","embeddable":true,"href":"https:\/\/diamant-strass-dmc.com\/sv\/wp-json\/wp\/v2\/product_cat?post=46343"}],"curies":[{"name":"wp","href":"https:\/\/api.w.org\/{rel}","templated":true}]}}