{"id":46330,"date":"2022-09-22T02:40:14","date_gmt":"2022-10-05T00:01:45","guid":{"rendered":"https:\/\/diamant-strass-dmc.com\/perles-broderie\/10-non-stick-ark-av-dukskydd\/"},"modified":"2024-09-16T15:33:50","modified_gmt":"2024-09-16T13:33:50","slug":"antiklisterblad-overdrag-for-toaletter","status":"publish","type":"product","link":"https:\/\/diamant-strass-dmc.com\/sv\/perles-broderie\/antiklisterblad-overdrag-for-toaletter\/","title":{"rendered":"Non-stick-ark f\u00f6r duk\u00f6verdrag"},"content":{"rendered":"<p>Kan skalas av och klistras p\u00e5 om och <strong>om<\/strong> igen.<br \/>\nDet \u00e4r mycket mer effektivt och trevligt, eftersom du kan arbeta i sm\u00e5 omr\u00e5den<strong> utan att hindras<\/strong> av det ursprungliga stora arket, som ofta slutar med att det inte fastnar. <\/p>\n","protected":false},"excerpt":{"rendered":"<p style=\"display:none;\">ok<\/p>\n","protected":false},"featured_media":45369,"template":"","meta":{"footnotes":""},"product_brand":[],"product_cat":[7291,7178],"class_list":{"0":"post-46330","1":"product","2":"type-product","3":"status-publish","4":"has-post-thumbnail","6":"product_cat-promo-sv","7":"product_cat-tillbehor","9":"first","10":"instock","11":"sale","12":"taxable","13":"shipping-taxable","14":"purchasable","15":"product-type-variable","16":"has-default-attributes"},"aioseo_notices":[],"_links":{"self":[{"href":"https:\/\/diamant-strass-dmc.com\/sv\/wp-json\/wp\/v2\/product\/46330","targetHints":{"allow":["GET"]}}],"collection":[{"href":"https:\/\/diamant-strass-dmc.com\/sv\/wp-json\/wp\/v2\/product"}],"about":[{"href":"https:\/\/diamant-strass-dmc.com\/sv\/wp-json\/wp\/v2\/types\/product"}],"version-history":[{"count":1,"href":"https:\/\/diamant-strass-dmc.com\/sv\/wp-json\/wp\/v2\/product\/46330\/revisions"}],"predecessor-version":[{"id":76929,"href":"https:\/\/diamant-strass-dmc.com\/sv\/wp-json\/wp\/v2\/product\/46330\/revisions\/76929"}],"wp:featuredmedia":[{"embeddable":true,"href":"https:\/\/diamant-strass-dmc.com\/sv\/wp-json\/wp\/v2\/media\/45369"}],"wp:attachment":[{"href":"https:\/\/diamant-strass-dmc.com\/sv\/wp-json\/wp\/v2\/media?parent=46330"}],"wp:term":[{"taxonomy":"product_brand","embeddable":true,"href":"https:\/\/diamant-strass-dmc.com\/sv\/wp-json\/wp\/v2\/product_brand?post=46330"},{"taxonomy":"product_cat","embeddable":true,"href":"https:\/\/diamant-strass-dmc.com\/sv\/wp-json\/wp\/v2\/product_cat?post=46330"}],"curies":[{"name":"wp","href":"https:\/\/api.w.org\/{rel}","templated":true}]}}