{"id":46231,"date":"2022-08-30T22:19:36","date_gmt":"2022-08-30T20:19:36","guid":{"rendered":"https:\/\/diamant-strass-dmc.com\/perles-broderie\/justeringslinjal-for-diamantbroderi\/"},"modified":"2024-09-17T17:41:11","modified_gmt":"2024-09-17T15:41:11","slug":"linjal-justering-embroidery-diamond","status":"publish","type":"product","link":"https:\/\/diamant-strass-dmc.com\/sv\/perles-broderie\/linjal-justering-embroidery-diamond\/","title":{"rendered":"Riktningsregel f\u00f6r diamantm\u00e5lning"},"content":{"rendered":"<p>Denna regel g\u00f6r att du kan rikta in diamanterna perfekt.<\/p>\n<p>Om du v\u00e4ljer &#8221;en linjal av varje&#8221; f\u00e5r du tv\u00e5 linjaler: en f\u00f6r runda diamanter och en f\u00f6r fyrkantiga diamanter.<\/p>\n<p>Linjalen \u00e4r stark men <strong>avsiktligt mycket tunn<\/strong> s\u00e5 att den inte fastnar i diamanterna n\u00e4r den lyfts upp fr\u00e5n duken.<\/p>\n<p>1\/ Placera linjalen \u00f6ver din duk och limma sedan fast varje diamant i det utrymme som finns.<\/p>\n<p>2\/ Dra sedan f\u00f6rsiktigt av linjalen genom att b\u00f6ja den n\u00e5got (dess flexibilitet g\u00f6r det m\u00f6jligt).<\/p>\n<div style=\"order: 6; border: 1px solid grey; padding: 10px 10px 0 10px; display: block; font-size: 14px; margin-bottom: 20px;\">\n<p>Den runda diamantlinjalen har ett utrymme f\u00f6r varje diamant i det omr\u00e5de d\u00e4r den ska placeras, medan den fyrkantiga diamantlinjalen inte visar alla diamanter.<\/p>\n<p>Men <strong>resultatet av den perfekta anpassningen blir detsamma<\/strong>, f\u00f6r n\u00e4r de fyrkantiga diamanterna v\u00e4l \u00e4r placerade och linjalen \u00e4r borttagen fr\u00e5n duken beh\u00f6ver du bara limma fast diamanterna p\u00e5 de st\u00e4llen som linjalen inte visade.<\/p>\n<p>Och dessa kommer n\u00f6dv\u00e4ndigtvis att vara perfekt placerade eftersom de kommer att placeras mot de redan limmade och v\u00e4ljusterade diamanterna.<\/p>\n<p>&nbsp;&nbsp;<\/p>\n<\/div>\n","protected":false},"excerpt":{"rendered":"<ul>\n<li>Linjal f\u00f6r runda diamanter: 11,5 x 3 cm ;<\/li>\n<li>Linjal f\u00f6r kvadratiska diamanter: 15,5 x 4,5 cm.<\/p>\n<\/li>\n<\/ul>\n","protected":false},"featured_media":70905,"template":"","meta":{"footnotes":""},"product_brand":[],"product_cat":[7291,7178],"class_list":{"0":"post-46231","1":"product","2":"type-product","3":"status-publish","4":"has-post-thumbnail","6":"product_cat-promo-sv","7":"product_cat-tillbehor","9":"first","10":"instock","11":"sale","12":"taxable","13":"shipping-taxable","14":"purchasable","15":"product-type-variable","16":"has-default-attributes"},"aioseo_notices":[],"_links":{"self":[{"href":"https:\/\/diamant-strass-dmc.com\/sv\/wp-json\/wp\/v2\/product\/46231","targetHints":{"allow":["GET"]}}],"collection":[{"href":"https:\/\/diamant-strass-dmc.com\/sv\/wp-json\/wp\/v2\/product"}],"about":[{"href":"https:\/\/diamant-strass-dmc.com\/sv\/wp-json\/wp\/v2\/types\/product"}],"version-history":[{"count":8,"href":"https:\/\/diamant-strass-dmc.com\/sv\/wp-json\/wp\/v2\/product\/46231\/revisions"}],"predecessor-version":[{"id":77558,"href":"https:\/\/diamant-strass-dmc.com\/sv\/wp-json\/wp\/v2\/product\/46231\/revisions\/77558"}],"wp:featuredmedia":[{"embeddable":true,"href":"https:\/\/diamant-strass-dmc.com\/sv\/wp-json\/wp\/v2\/media\/70905"}],"wp:attachment":[{"href":"https:\/\/diamant-strass-dmc.com\/sv\/wp-json\/wp\/v2\/media?parent=46231"}],"wp:term":[{"taxonomy":"product_brand","embeddable":true,"href":"https:\/\/diamant-strass-dmc.com\/sv\/wp-json\/wp\/v2\/product_brand?post=46231"},{"taxonomy":"product_cat","embeddable":true,"href":"https:\/\/diamant-strass-dmc.com\/sv\/wp-json\/wp\/v2\/product_cat?post=46231"}],"curies":[{"name":"wp","href":"https:\/\/api.w.org\/{rel}","templated":true}]}}