{"id":46191,"date":"2022-07-27T01:22:29","date_gmt":"2022-07-26T23:22:29","guid":{"rendered":"https:\/\/diamant-strass-dmc.com\/perles-broderie\/10-rutor-lim-for-diamantbroderi\/"},"modified":"2024-09-16T15:10:07","modified_gmt":"2024-09-16T13:10:07","slug":"carres-colle-broderie-diamant","status":"publish","type":"product","link":"https:\/\/diamant-strass-dmc.com\/sv\/perles-broderie\/carres-colle-broderie-diamant\/","title":{"rendered":"Limrutor f\u00f6r diamantm\u00e5lning"},"content":{"rendered":"<p>Material: lera och silikon.<\/p>\n<p>Oumb\u00e4rlig f\u00f6r att f\u00e5nga diamanter.<\/p>\n<p>Tryck spetsen p\u00e5 specialpennan p\u00e5 limrutan och sedan p\u00e5 diamanten som ska f\u00e5ngas. Tryck sedan diamanten mot den sj\u00e4lvh\u00e4ftande duken, tryck ner och ta bort pennan.<\/p>\n","protected":false},"excerpt":{"rendered":"<p style=\"display:none;\">ok<\/p>\n","protected":false},"featured_media":76596,"template":"","meta":{"footnotes":""},"product_brand":[],"product_cat":[7291,7178],"class_list":{"0":"post-46191","1":"product","2":"type-product","3":"status-publish","4":"has-post-thumbnail","6":"product_cat-promo-sv","7":"product_cat-tillbehor","9":"first","10":"instock","11":"sale","12":"taxable","13":"shipping-taxable","14":"purchasable","15":"product-type-variable","16":"has-default-attributes"},"aioseo_notices":[],"_links":{"self":[{"href":"https:\/\/diamant-strass-dmc.com\/sv\/wp-json\/wp\/v2\/product\/46191","targetHints":{"allow":["GET"]}}],"collection":[{"href":"https:\/\/diamant-strass-dmc.com\/sv\/wp-json\/wp\/v2\/product"}],"about":[{"href":"https:\/\/diamant-strass-dmc.com\/sv\/wp-json\/wp\/v2\/types\/product"}],"version-history":[{"count":2,"href":"https:\/\/diamant-strass-dmc.com\/sv\/wp-json\/wp\/v2\/product\/46191\/revisions"}],"predecessor-version":[{"id":76846,"href":"https:\/\/diamant-strass-dmc.com\/sv\/wp-json\/wp\/v2\/product\/46191\/revisions\/76846"}],"wp:featuredmedia":[{"embeddable":true,"href":"https:\/\/diamant-strass-dmc.com\/sv\/wp-json\/wp\/v2\/media\/76596"}],"wp:attachment":[{"href":"https:\/\/diamant-strass-dmc.com\/sv\/wp-json\/wp\/v2\/media?parent=46191"}],"wp:term":[{"taxonomy":"product_brand","embeddable":true,"href":"https:\/\/diamant-strass-dmc.com\/sv\/wp-json\/wp\/v2\/product_brand?post=46191"},{"taxonomy":"product_cat","embeddable":true,"href":"https:\/\/diamant-strass-dmc.com\/sv\/wp-json\/wp\/v2\/product_cat?post=46191"}],"curies":[{"name":"wp","href":"https:\/\/api.w.org\/{rel}","templated":true}]}}