{"id":22876,"date":"2020-12-29T02:28:26","date_gmt":"2021-04-08T06:58:09","guid":{"rendered":"https:\/\/diamant-strass-dmc.com\/perles-broderie\/dmc-diamanter-nr-3766-gronbla\/"},"modified":"2021-04-08T08:58:09","modified_gmt":"2021-04-08T06:58:09","slug":"vaska-diamanter-dmc-3766","status":"publish","type":"product","link":"https:\/\/diamant-strass-dmc.com\/sv\/perles-broderie\/vaska-diamanter-dmc-3766\/","title":{"rendered":"DMC Diamanter Nr.3766 (Gr\u00f6nbl\u00e5)"},"content":{"rendered":"<p>P\u00e5se med 200 <strong>diamanter nr 3766<\/strong> (DMC-kod) <strong>rund eller fyrkantig.<\/strong><br \/>F\u00e4rg: <strong>Gr\u00f6nbl\u00e5<\/strong><br \/>F\u00e4rgfamilj: <strong>Bl\u00e5bl\u00e5gr\u00e5<\/strong><br \/>Akrylskikt av h\u00f6g kvalitet.<br \/><strong>Standardstorlek<\/strong> (kvadrater: 2,5 mm, rund: 2,8 mm).<\/p>\n","protected":false},"excerpt":{"rendered":"[widget id=\"advanced_text-2\"]\n","protected":false},"featured_media":91568,"template":"","meta":{"footnotes":""},"product_brand":[],"product_cat":[588,676],"class_list":{"0":"post-22876","1":"product","2":"type-product","3":"status-publish","4":"has-post-thumbnail","6":"product_cat-bla-sv","7":"product_cat-turkos","9":"first","10":"instock","11":"sale","12":"taxable","13":"shipping-taxable","14":"purchasable","15":"product-type-variable","16":"has-default-attributes"},"aioseo_notices":[],"_links":{"self":[{"href":"https:\/\/diamant-strass-dmc.com\/sv\/wp-json\/wp\/v2\/product\/22876","targetHints":{"allow":["GET"]}}],"collection":[{"href":"https:\/\/diamant-strass-dmc.com\/sv\/wp-json\/wp\/v2\/product"}],"about":[{"href":"https:\/\/diamant-strass-dmc.com\/sv\/wp-json\/wp\/v2\/types\/product"}],"version-history":[{"count":0,"href":"https:\/\/diamant-strass-dmc.com\/sv\/wp-json\/wp\/v2\/product\/22876\/revisions"}],"wp:featuredmedia":[{"embeddable":true,"href":"https:\/\/diamant-strass-dmc.com\/sv\/wp-json\/wp\/v2\/media\/91568"}],"wp:attachment":[{"href":"https:\/\/diamant-strass-dmc.com\/sv\/wp-json\/wp\/v2\/media?parent=22876"}],"wp:term":[{"taxonomy":"product_brand","embeddable":true,"href":"https:\/\/diamant-strass-dmc.com\/sv\/wp-json\/wp\/v2\/product_brand?post=22876"},{"taxonomy":"product_cat","embeddable":true,"href":"https:\/\/diamant-strass-dmc.com\/sv\/wp-json\/wp\/v2\/product_cat?post=22876"}],"curies":[{"name":"wp","href":"https:\/\/api.w.org\/{rel}","templated":true}]}}