{"id":22632,"date":"2020-12-29T02:28:23","date_gmt":"2021-04-08T06:57:39","guid":{"rendered":"https:\/\/diamant-strass-dmc.com\/perles-broderie\/dmc-diamanter-3753-mansken-bla\/"},"modified":"2021-04-08T08:57:39","modified_gmt":"2021-04-08T06:57:39","slug":"vaska-diamanter-dmc-3753","status":"publish","type":"product","link":"https:\/\/diamant-strass-dmc.com\/sv\/perles-broderie\/vaska-diamanter-dmc-3753\/","title":{"rendered":"DMC Diamanter 3753 (M\u00e5nsken Bl\u00e5)"},"content":{"rendered":"<p>P\u00e5se med 200 <strong>diamanter nr 3753<\/strong> (DMC-kod) <strong>rund eller fyrkantig.<\/strong><br \/>F\u00e4rg: <strong>M\u00e5nsken Bl\u00e5<\/strong><br \/>F\u00e4rgfamilj: <strong>Bl\u00e5 bl\u00e5 skiffer<\/strong><br \/>Akrylskikt av h\u00f6g kvalitet.<br \/><strong>Standardstorlek<\/strong> (kvadrater: 2,5 mm, rund: 2,8 mm).<\/p>\n","protected":false},"excerpt":{"rendered":"[widget id=\"advanced_text-2\"]\n","protected":false},"featured_media":93412,"template":"","meta":{"footnotes":""},"product_brand":[],"product_cat":[1259,588],"class_list":{"0":"post-22632","1":"product","2":"type-product","3":"status-publish","4":"has-post-thumbnail","6":"product_cat-svart-och-gratt","7":"product_cat-bla-sv","9":"first","10":"instock","11":"sale","12":"taxable","13":"shipping-taxable","14":"purchasable","15":"product-type-variable","16":"has-default-attributes"},"aioseo_notices":[],"_links":{"self":[{"href":"https:\/\/diamant-strass-dmc.com\/sv\/wp-json\/wp\/v2\/product\/22632","targetHints":{"allow":["GET"]}}],"collection":[{"href":"https:\/\/diamant-strass-dmc.com\/sv\/wp-json\/wp\/v2\/product"}],"about":[{"href":"https:\/\/diamant-strass-dmc.com\/sv\/wp-json\/wp\/v2\/types\/product"}],"version-history":[{"count":0,"href":"https:\/\/diamant-strass-dmc.com\/sv\/wp-json\/wp\/v2\/product\/22632\/revisions"}],"wp:featuredmedia":[{"embeddable":true,"href":"https:\/\/diamant-strass-dmc.com\/sv\/wp-json\/wp\/v2\/media\/93412"}],"wp:attachment":[{"href":"https:\/\/diamant-strass-dmc.com\/sv\/wp-json\/wp\/v2\/media?parent=22632"}],"wp:term":[{"taxonomy":"product_brand","embeddable":true,"href":"https:\/\/diamant-strass-dmc.com\/sv\/wp-json\/wp\/v2\/product_brand?post=22632"},{"taxonomy":"product_cat","embeddable":true,"href":"https:\/\/diamant-strass-dmc.com\/sv\/wp-json\/wp\/v2\/product_cat?post=22632"}],"curies":[{"name":"wp","href":"https:\/\/api.w.org\/{rel}","templated":true}]}}