{"id":18495,"date":"2020-12-29T02:28:10","date_gmt":"2020-12-29T01:28:10","guid":{"rendered":"https:\/\/diamant-strass-dmc.com\/perles-broderie\/diamanter-dmc-nr-939-hogbla\/"},"modified":"2021-05-11T21:37:07","modified_gmt":"2021-05-11T19:37:07","slug":"vaska-diamanter-dmc-939","status":"publish","type":"product","link":"https:\/\/diamant-strass-dmc.com\/sv\/perles-broderie\/vaska-diamanter-dmc-939\/","title":{"rendered":"Diamanter DMC Nr.939 (H\u00f6gbl\u00e5)"},"content":{"rendered":"<p>P\u00e5se med 200 <strong>diamanter nr 939<\/strong> (DMC-kod) <strong>rund eller fyrkantig.<\/strong><br \/>\nF\u00e4rg: <strong>H\u00f6gbl\u00e5<\/strong><br \/>\nF\u00e4rgfamilj: <strong>Bl\u00e5bl\u00e5<\/strong><br \/>\nAkrylskikt av h\u00f6g kvalitet.<br \/>\n<strong>Standardstorlek<\/strong> (kvadrater: 2,5 mm, rund: 2,8 mm).<\/p>\n","protected":false},"excerpt":{"rendered":"[widget id=\"advanced_text-2\"]\n","protected":false},"featured_media":115908,"template":"","meta":{"footnotes":""},"product_brand":[],"product_cat":[1259,588],"class_list":{"0":"post-18495","1":"product","2":"type-product","3":"status-publish","4":"has-post-thumbnail","6":"product_cat-svart-och-gratt","7":"product_cat-bla-sv","9":"first","10":"instock","11":"sale","12":"taxable","13":"shipping-taxable","14":"purchasable","15":"product-type-variable","16":"has-default-attributes"},"aioseo_notices":[],"_links":{"self":[{"href":"https:\/\/diamant-strass-dmc.com\/sv\/wp-json\/wp\/v2\/product\/18495","targetHints":{"allow":["GET"]}}],"collection":[{"href":"https:\/\/diamant-strass-dmc.com\/sv\/wp-json\/wp\/v2\/product"}],"about":[{"href":"https:\/\/diamant-strass-dmc.com\/sv\/wp-json\/wp\/v2\/types\/product"}],"version-history":[{"count":0,"href":"https:\/\/diamant-strass-dmc.com\/sv\/wp-json\/wp\/v2\/product\/18495\/revisions"}],"wp:featuredmedia":[{"embeddable":true,"href":"https:\/\/diamant-strass-dmc.com\/sv\/wp-json\/wp\/v2\/media\/115908"}],"wp:attachment":[{"href":"https:\/\/diamant-strass-dmc.com\/sv\/wp-json\/wp\/v2\/media?parent=18495"}],"wp:term":[{"taxonomy":"product_brand","embeddable":true,"href":"https:\/\/diamant-strass-dmc.com\/sv\/wp-json\/wp\/v2\/product_brand?post=18495"},{"taxonomy":"product_cat","embeddable":true,"href":"https:\/\/diamant-strass-dmc.com\/sv\/wp-json\/wp\/v2\/product_cat?post=18495"}],"curies":[{"name":"wp","href":"https:\/\/api.w.org\/{rel}","templated":true}]}}