{"id":150637,"date":"2026-05-12T18:02:32","date_gmt":"2026-05-12T16:02:32","guid":{"rendered":"https:\/\/diamant-strass-dmc.com\/perles-broderie\/tratt-parlor-diamond-malning-2\/"},"modified":"2026-05-13T02:24:38","modified_gmt":"2026-05-13T00:24:38","slug":"tratt-parlor-diamond-malning-2","status":"publish","type":"product","link":"https:\/\/diamant-strass-dmc.com\/sv\/perles-broderie\/tratt-parlor-diamond-malning-2\/","title":{"rendered":"Tratt f\u00f6r diamantm\u00e5lningsp\u00e4rlor"},"content":{"rendered":"","protected":false},"excerpt":{"rendered":"<p>Tratt f\u00f6r diamantm\u00e5lningsp\u00e4rlor :<\/p>\n<ul>\n<li><strong>Utdragbar<\/strong>, tar liten plats n\u00e4r den \u00e4r hopf\u00e4lld;<\/li>\n<li>Kompatibel med standard<strong> p\u00e4rlburkar<\/strong> (s\u00e4ljs p\u00e5 v\u00e5r webbplats);<\/li>\n<li>Tillverkad av silikon;<\/li>\n<li>F\u00e4rg: bl\u00e5 ;<\/li>\n<li>M\u00e5tt: <strong>7 x 5,7 cm.<\/strong><\/li>\n<\/ul>\n","protected":false},"featured_media":150646,"template":"","meta":{"footnotes":""},"product_brand":[],"product_cat":[7178],"class_list":{"0":"post-150637","1":"product","2":"type-product","3":"status-publish","4":"has-post-thumbnail","6":"product_cat-tillbehor","8":"first","9":"instock","10":"sale","11":"taxable","12":"shipping-taxable","13":"purchasable","14":"product-type-simple"},"aioseo_notices":[],"_links":{"self":[{"href":"https:\/\/diamant-strass-dmc.com\/sv\/wp-json\/wp\/v2\/product\/150637","targetHints":{"allow":["GET"]}}],"collection":[{"href":"https:\/\/diamant-strass-dmc.com\/sv\/wp-json\/wp\/v2\/product"}],"about":[{"href":"https:\/\/diamant-strass-dmc.com\/sv\/wp-json\/wp\/v2\/types\/product"}],"version-history":[{"count":0,"href":"https:\/\/diamant-strass-dmc.com\/sv\/wp-json\/wp\/v2\/product\/150637\/revisions"}],"wp:featuredmedia":[{"embeddable":true,"href":"https:\/\/diamant-strass-dmc.com\/sv\/wp-json\/wp\/v2\/media\/150646"}],"wp:attachment":[{"href":"https:\/\/diamant-strass-dmc.com\/sv\/wp-json\/wp\/v2\/media?parent=150637"}],"wp:term":[{"taxonomy":"product_brand","embeddable":true,"href":"https:\/\/diamant-strass-dmc.com\/sv\/wp-json\/wp\/v2\/product_brand?post=150637"},{"taxonomy":"product_cat","embeddable":true,"href":"https:\/\/diamant-strass-dmc.com\/sv\/wp-json\/wp\/v2\/product_cat?post=150637"}],"curies":[{"name":"wp","href":"https:\/\/api.w.org\/{rel}","templated":true}]}}