{"id":12197,"date":"2020-12-29T02:27:51","date_gmt":"2021-04-08T06:18:15","guid":{"rendered":"https:\/\/diamant-strass-dmc.com\/perles-broderie\/diamanter-dmc-nr-581-gron-johannesbrod\/"},"modified":"2021-04-08T08:18:15","modified_gmt":"2021-04-08T06:18:15","slug":"vaska-diamanter-dmc-581","status":"publish","type":"product","link":"https:\/\/diamant-strass-dmc.com\/sv\/perles-broderie\/vaska-diamanter-dmc-581\/","title":{"rendered":"Diamanter DMC Nr.581 (Gr\u00f6n Johannesbr\u00f6d)"},"content":{"rendered":"<p>P\u00e5se med 200 <strong>diamanter nr 581<\/strong> (DMC-kod) <strong>rund eller fyrkantig.<\/strong><br \/>F\u00e4rg: <strong>Locust Green<\/strong><br \/>F\u00e4rgfamilj: <strong>Olivgr\u00f6n<\/strong><br \/>Akrylskikt av h\u00f6g kvalitet.<br \/><strong>Standardstorlek<\/strong> (kvadrater: 2,5 mm, rund: 2,8 mm).<\/p>\n","protected":false},"excerpt":{"rendered":"[widget id=\"advanced_text-2\"]\n","protected":false},"featured_media":95559,"template":"","meta":{"footnotes":""},"product_brand":[],"product_cat":[753],"class_list":{"0":"post-12197","1":"product","2":"type-product","3":"status-publish","4":"has-post-thumbnail","6":"product_cat-gron-sv","8":"first","9":"instock","10":"sale","11":"taxable","12":"shipping-taxable","13":"purchasable","14":"product-type-variable","15":"has-default-attributes"},"aioseo_notices":[],"_links":{"self":[{"href":"https:\/\/diamant-strass-dmc.com\/sv\/wp-json\/wp\/v2\/product\/12197","targetHints":{"allow":["GET"]}}],"collection":[{"href":"https:\/\/diamant-strass-dmc.com\/sv\/wp-json\/wp\/v2\/product"}],"about":[{"href":"https:\/\/diamant-strass-dmc.com\/sv\/wp-json\/wp\/v2\/types\/product"}],"version-history":[{"count":0,"href":"https:\/\/diamant-strass-dmc.com\/sv\/wp-json\/wp\/v2\/product\/12197\/revisions"}],"wp:featuredmedia":[{"embeddable":true,"href":"https:\/\/diamant-strass-dmc.com\/sv\/wp-json\/wp\/v2\/media\/95559"}],"wp:attachment":[{"href":"https:\/\/diamant-strass-dmc.com\/sv\/wp-json\/wp\/v2\/media?parent=12197"}],"wp:term":[{"taxonomy":"product_brand","embeddable":true,"href":"https:\/\/diamant-strass-dmc.com\/sv\/wp-json\/wp\/v2\/product_brand?post=12197"},{"taxonomy":"product_cat","embeddable":true,"href":"https:\/\/diamant-strass-dmc.com\/sv\/wp-json\/wp\/v2\/product_cat?post=12197"}],"curies":[{"name":"wp","href":"https:\/\/api.w.org\/{rel}","templated":true}]}}