{"id":11265,"date":"2020-12-29T02:27:50","date_gmt":"2021-04-08T06:05:59","guid":{"rendered":"https:\/\/diamant-strass-dmc.com\/perles-broderie\/dmc-diamanter-nr-519-bla-sprayer\/"},"modified":"2021-04-08T08:05:59","modified_gmt":"2021-04-08T06:05:59","slug":"pasdiamanter-dmc-519","status":"publish","type":"product","link":"https:\/\/diamant-strass-dmc.com\/sv\/perles-broderie\/pasdiamanter-dmc-519\/","title":{"rendered":"DMC Diamanter Nr.519 (Bl\u00e5 sprayer)"},"content":{"rendered":"<p>P\u00e5se med 200 <strong>diamanter nr 519<\/strong> (DMC-kod) <strong>rund eller fyrkantig.<\/strong><br \/>F\u00e4rg: <strong>Blued Embruns<\/strong><br \/>F\u00e4rgfamilj: <strong>Bl\u00e5 bl\u00e5 skiffer<\/strong><br \/>Akrylskikt av h\u00f6g kvalitet.<br \/><strong>Standardstorlek<\/strong> (kvadrater: 2,5 mm, rund: 2,8 mm).<\/p>\n","protected":false},"excerpt":{"rendered":"[widget id=\"advanced_text-2\"]\n","protected":false},"featured_media":90308,"template":"","meta":{"footnotes":""},"product_brand":[],"product_cat":[588],"class_list":{"0":"post-11265","1":"product","2":"type-product","3":"status-publish","4":"has-post-thumbnail","6":"product_cat-bla-sv","8":"first","9":"instock","10":"sale","11":"taxable","12":"shipping-taxable","13":"purchasable","14":"product-type-variable","15":"has-default-attributes"},"aioseo_notices":[],"_links":{"self":[{"href":"https:\/\/diamant-strass-dmc.com\/sv\/wp-json\/wp\/v2\/product\/11265","targetHints":{"allow":["GET"]}}],"collection":[{"href":"https:\/\/diamant-strass-dmc.com\/sv\/wp-json\/wp\/v2\/product"}],"about":[{"href":"https:\/\/diamant-strass-dmc.com\/sv\/wp-json\/wp\/v2\/types\/product"}],"version-history":[{"count":0,"href":"https:\/\/diamant-strass-dmc.com\/sv\/wp-json\/wp\/v2\/product\/11265\/revisions"}],"wp:featuredmedia":[{"embeddable":true,"href":"https:\/\/diamant-strass-dmc.com\/sv\/wp-json\/wp\/v2\/media\/90308"}],"wp:attachment":[{"href":"https:\/\/diamant-strass-dmc.com\/sv\/wp-json\/wp\/v2\/media?parent=11265"}],"wp:term":[{"taxonomy":"product_brand","embeddable":true,"href":"https:\/\/diamant-strass-dmc.com\/sv\/wp-json\/wp\/v2\/product_brand?post=11265"},{"taxonomy":"product_cat","embeddable":true,"href":"https:\/\/diamant-strass-dmc.com\/sv\/wp-json\/wp\/v2\/product_cat?post=11265"}],"curies":[{"name":"wp","href":"https:\/\/api.w.org\/{rel}","templated":true}]}}