{"id":64912,"date":"2023-11-14T22:43:00","date_gmt":"2023-11-14T21:43:00","guid":{"rendered":"https:\/\/diamant-strass-dmc.com\/diamant-malning-farger-dmc-nara-ersattning\/"},"modified":"2023-11-14T22:43:00","modified_gmt":"2023-11-14T21:43:00","slug":"diamant-malning-farger-dmc-nara-ersattning","status":"publish","type":"page","link":"https:\/\/diamant-strass-dmc.com\/sv\/diamant-malning-farger-dmc-nara-ersattning\/","title":{"rendered":"Diamantm\u00e5lning: n\u00e4rmaste DMC-f\u00e4rger f\u00f6r ers\u00e4ttning"},"content":{"rendered":"<p>\ud83d\udc41\ufe0f F\u00f6r att <strong>se de<\/strong> n\u00e4rmaste <strong>ers\u00e4ttningsf\u00e4rgerna<\/strong>, <span style=\"font-weight:bold;color:green;\">klicka p\u00e5 f\u00e4rgens namn<\/span>.<\/p>\n<p>\u2b07\ufe0f F\u00f6r att <strong>sortera listan \u00f6ver f\u00e4rger efter nummer<\/strong>, klicka p\u00e5 &#8221;Floss&#8221; (namnet p\u00e5 DMC-nummerkolumnen).<\/p>\n<p>\ud83d\udd0e F\u00f6r att <strong>hitta en viss f\u00e4rg<\/strong>, ange dess DMC-nummer i f\u00e4ltet ovanf\u00f6r listan.<\/p>\n<p>\ud83d\udd19 F\u00f6r att <strong>\u00e5terg\u00e5 till den ursprungliga listan<\/strong>, klicka p\u00e5 knappen &#8221;Rensa&#8221; l\u00e4ngst ner i listan \u00f6ver n\u00e4rliggande f\u00e4rger.<\/p>\n<p><iframe style=\"width:100%;height:500px;border:1px solid #01578B;\" id=\"dmc\" src=\"https:\/\/threadcolors.com\/\"><\/iframe><\/p>\n","protected":false},"excerpt":{"rendered":"<p>\ud83d\udc41\ufe0f F\u00f6r att se de n\u00e4rmaste ers\u00e4ttningsf\u00e4rgerna, klicka p\u00e5 f\u00e4rgens namn. \u2b07\ufe0f F\u00f6r att sortera listan \u00f6ver f\u00e4rger efter nummer, klicka p\u00e5 &#8221;Floss&#8221; (namnet p\u00e5 DMC-nummerkolumnen). \ud83d\udd0e F\u00f6r att hitta en viss f\u00e4rg, ange dess DMC-nummer i f\u00e4ltet ovanf\u00f6r listan. \ud83d\udd19 F\u00f6r att \u00e5terg\u00e5 till den ursprungliga listan, klicka p\u00e5 knappen &#8221;Rensa&#8221; l\u00e4ngst ner i [&hellip;]<\/p>\n","protected":false},"author":1,"featured_media":0,"parent":0,"menu_order":0,"comment_status":"closed","ping_status":"closed","template":"","meta":{"footnotes":""},"class_list":["post-64912","page","type-page","status-publish","hentry"],"blocksy_meta":[],"aioseo_notices":[],"_links":{"self":[{"href":"https:\/\/diamant-strass-dmc.com\/sv\/wp-json\/wp\/v2\/pages\/64912","targetHints":{"allow":["GET"]}}],"collection":[{"href":"https:\/\/diamant-strass-dmc.com\/sv\/wp-json\/wp\/v2\/pages"}],"about":[{"href":"https:\/\/diamant-strass-dmc.com\/sv\/wp-json\/wp\/v2\/types\/page"}],"author":[{"embeddable":true,"href":"https:\/\/diamant-strass-dmc.com\/sv\/wp-json\/wp\/v2\/users\/1"}],"replies":[{"embeddable":true,"href":"https:\/\/diamant-strass-dmc.com\/sv\/wp-json\/wp\/v2\/comments?post=64912"}],"version-history":[{"count":0,"href":"https:\/\/diamant-strass-dmc.com\/sv\/wp-json\/wp\/v2\/pages\/64912\/revisions"}],"wp:attachment":[{"href":"https:\/\/diamant-strass-dmc.com\/sv\/wp-json\/wp\/v2\/media?parent=64912"}],"curies":[{"name":"wp","href":"https:\/\/api.w.org\/{rel}","templated":true}]}}