{"id":63119,"date":"2023-10-27T23:25:46","date_gmt":"2023-10-27T21:25:46","guid":{"rendered":"https:\/\/diamant-strass-dmc.com\/leverans-retur-utbyte\/"},"modified":"2026-01-04T02:43:56","modified_gmt":"2026-01-04T01:43:56","slug":"leverans-retur-utbyte","status":"publish","type":"page","link":"https:\/\/diamant-strass-dmc.com\/sv\/leverans-retur-utbyte\/","title":{"rendered":"Leverans, returer och byten"},"content":{"rendered":"<p>De produkter som erbjuds p\u00e5 webbplatsen Diamant-Strass-DMC.com lagras i ett lager i Frankrike.<\/p>\n<h2 style=\"margin-top: 50px;\">Frakt och leverans<\/h2>\n<p>Best\u00e4llningar expedieras inom 24 timmar efter att best\u00e4llningen har gjorts.<\/p>\n<p>De skickas som vanligt brev, sp\u00e5rat brev eller Colissimo (La Postes tj\u00e4nster i Frankrike) eller med Mondial Relay, beroende p\u00e5 f\u00f6rs\u00e4ndelsernas antal och vikt.<\/p>\n<p>Leveranstiden \u00e4r 3 arbetsdagar f\u00f6r Frankrike och 4 till 10 arbetsdagar f\u00f6r andra l\u00e4nder, exklusive eventuella f\u00f6rseningar fr\u00e5n La Poste eller Mondial Relay utanf\u00f6r Diamant-Strass-DMC.coms kontroll. Denna leveranstid ber\u00e4knas p\u00e5 varje produktblad enligt kundens anslutningsland och anges sedan p\u00e5 orderbekr\u00e4ftelsessidan enligt det land som anges som leveransadress.<\/p>\n<p>Endast best\u00e4llningar med ett minimiv\u00e4rde skickas med sp\u00e5rning. Detta belopp \u00e4r 15 \u20ac f\u00f6r en f\u00f6rs\u00e4ndelse till Frankrike och 20 \u20ac f\u00f6r en f\u00f6rs\u00e4ndelse till ett annat land. Sp\u00e5rningsnumret ges till k\u00f6paren i e-postmeddelandet med bekr\u00e4ftelse p\u00e5 avs\u00e4ndandet. Om best\u00e4llningen betalades i en annan valuta \u00e4n euro, beaktas v\u00e4xelkursen f\u00f6r denna valuta p\u00e5 best\u00e4llningsdagen vid omvandlingen till ett belopp p\u00e5 15 \u20ac eller 20 \u20ac.<\/p>\n<h2 style=\"margin-top: 50px;\">F\u00f6rdr\u00f6jning och skada<\/h2>\n<p>Om f\u00f6rseningen av posttj\u00e4nsterna \u00f6verstiger 3 arbetsdagar f\u00f6r Frankrike eller 5 arbetsdagar f\u00f6r de andra l\u00e4nderna, \u00e5tar sig Diamant-Strass-DMC.com att skicka best\u00e4llningen igen med ett sp\u00e5rningsnummer som kommuniceras till k\u00f6paren.<\/p>\n<p>Om leveranstiden \u00f6verstiger 20 dagar fr\u00e5n best\u00e4llningsdatum kan k\u00f6peavtalet h\u00e4vas och kunden \u00e5terbetalas i sin helhet. Det \u00e4r ocks\u00e5 m\u00f6jligt att beg\u00e4ra fr\u00e5n Diamant-Strass-DMC.com en omedelbar omleverans av den f\u00f6rsenade eller f\u00f6rlorade best\u00e4llningen.<\/p>\n<p>I h\u00e4ndelse av skada under transport m\u00e5ste ett motiverat klagom\u00e5l g\u00f6ras till Diamant-Strass-DMC.com inom 3 dagar efter leverans, med ett fotografi, p\u00e5 adressen contact@diamant-strass-dmc.com.<\/p>\n<h2 style=\"margin-top: 50px;\">Leveranszon<\/h2>\n<p>Diamant-Strass-DMC.com levererar \u00f6ver hela v\u00e4rlden (inga landsrestriktioner), men vissa skrymmande tillbeh\u00f6r kan endast skickas till l\u00e4nder i Europeiska unionen. Om ett skrymmande tillbeh\u00f6r l\u00e4ggs i korgen f\u00f6r ett land utanf\u00f6r Europeiska unionen \u00e4r best\u00e4llningen tekniskt om\u00f6jlig (ett felmeddelande kommer att ange detta f\u00f6r k\u00f6paren).<\/p>\n<h2 style=\"margin-top: 50px;\">Priser f\u00f6r leverans<\/h2>\n<p>Leveransavgifterna anges uttryckligen p\u00e5 korgsidan och p\u00e5 sidan f\u00f6r orderbekr\u00e4ftelse. De beror p\u00e5 ett antal faktorer, t.ex. vikten p\u00e5 alla artiklar.<\/p>\n<h2 style=\"margin-top: 50px;\">\u00c5terkoppling och diskussion<\/h2>\n<p>Produkter som k\u00f6pts p\u00e5 webbplatsen Diamant-Strass-DMC.com kan returneras inom 30 dagar fr\u00e5n ink\u00f6psdatumet f\u00f6r full \u00e5terbetalning eller byte mot en vara av liknande v\u00e4rde. Fraktkostnader f\u00f6r varor som returneras till Diamant-Strass-DMC.com betalas av kunden.<\/p>\n<p>Beg\u00e4ran ska skickas till contact@diamant-strass-dmc.com, med angivande av ordernummer.<\/p>\n<p>Returadressen \u00e4r f\u00f6ljande<\/p>\n<p>DIAMANT STRASS DMC<br \/>\n570 RUE DE SOLESMES<br \/>\n59213 VENDEGIES SUR ECAILLON<br \/>\nFRANCE<\/p>\n<p>Varor som returneras efter denna 30-dagarsperiod kommer inte att \u00e5terbetalas eller bytas ut.<\/p>\n<p>Produkterna m\u00e5ste returneras rena och oskadade. N\u00e4r det g\u00e4ller f\u00f6rseglade p\u00e5sar med diamanter, till exempel, f\u00e5r de inte ha \u00f6ppnats.<\/p>\n","protected":false},"excerpt":{"rendered":"<p>De produkter som erbjuds p\u00e5 webbplatsen Diamant-Strass-DMC.com lagras i ett lager i Frankrike. Frakt och leverans Best\u00e4llningar expedieras inom 24 timmar efter att best\u00e4llningen har gjorts. De skickas som vanligt brev, sp\u00e5rat brev eller Colissimo (La Postes tj\u00e4nster i Frankrike) eller med Mondial Relay, beroende p\u00e5 f\u00f6rs\u00e4ndelsernas antal och vikt. Leveranstiden \u00e4r 3 arbetsdagar f\u00f6r [&hellip;]<\/p>\n","protected":false},"author":1,"featured_media":0,"parent":0,"menu_order":0,"comment_status":"closed","ping_status":"closed","template":"","meta":{"footnotes":""},"class_list":["post-63119","page","type-page","status-publish","hentry"],"blocksy_meta":[],"aioseo_notices":[],"_links":{"self":[{"href":"https:\/\/diamant-strass-dmc.com\/sv\/wp-json\/wp\/v2\/pages\/63119","targetHints":{"allow":["GET"]}}],"collection":[{"href":"https:\/\/diamant-strass-dmc.com\/sv\/wp-json\/wp\/v2\/pages"}],"about":[{"href":"https:\/\/diamant-strass-dmc.com\/sv\/wp-json\/wp\/v2\/types\/page"}],"author":[{"embeddable":true,"href":"https:\/\/diamant-strass-dmc.com\/sv\/wp-json\/wp\/v2\/users\/1"}],"replies":[{"embeddable":true,"href":"https:\/\/diamant-strass-dmc.com\/sv\/wp-json\/wp\/v2\/comments?post=63119"}],"version-history":[{"count":6,"href":"https:\/\/diamant-strass-dmc.com\/sv\/wp-json\/wp\/v2\/pages\/63119\/revisions"}],"predecessor-version":[{"id":125174,"href":"https:\/\/diamant-strass-dmc.com\/sv\/wp-json\/wp\/v2\/pages\/63119\/revisions\/125174"}],"wp:attachment":[{"href":"https:\/\/diamant-strass-dmc.com\/sv\/wp-json\/wp\/v2\/media?parent=63119"}],"curies":[{"name":"wp","href":"https:\/\/api.w.org\/{rel}","templated":true}]}}