{"id":26474,"date":"2021-04-09T09:53:13","date_gmt":"2021-04-09T07:53:13","guid":{"rendered":"https:\/\/diamant-strass-dmc.com\/sekretesspolicy-2\/"},"modified":"2024-09-08T03:40:11","modified_gmt":"2024-09-08T01:40:11","slug":"sekretesspolicy","status":"publish","type":"page","link":"https:\/\/diamant-strass-dmc.com\/sv\/sekretesspolicy\/","title":{"rendered":"Integritetspolicy"},"content":{"rendered":"<p>Diamant-Strass-DMC.com f\u00e4ster s\u00e4rskild vikt vid skyddet och s\u00e4kerheten f\u00f6r sina anv\u00e4ndares personuppgifter och bankuppgifter.  <\/p>\n<h2 style=\"margin-top:50px;\">F\u00f6rvaltning av bankuppgifter<\/h2>\n<p>  Diamant-Strass-DMC.com lagrar eller samlar inte in n\u00e5got kreditkortsnummer som anges av anv\u00e4ndaren och kan inte komma \u00e5t denna information.<br \/>\nDenna information \u00f6verf\u00f6rs s\u00e4kert och krypterat av de betaltj\u00e4nstleverant\u00f6rer som Diamant-Strass-DMC.com har utsett: <em>Stripe<\/em> om k\u00f6paren har valt alternativet &#8221;Betalning med kreditkort&#8221; och <em>PayPal <\/em>om k\u00f6paren har valt alternativet &#8221;Betalning via PayPal&#8221;.<br \/>\nAndra betalningsplattformar anges uttryckligen p\u00e5 sidan f\u00f6r orderbekr\u00e4ftelse.   N\u00e4r transaktionen \u00e4r genomf\u00f6rd informerar dessa betalningsleverant\u00f6rer Diamant-Strass-DMC.com om att betalningen har lyckats eller misslyckats och l\u00e4mnar inte ut n\u00e5gon annan information. Dessa plattformar \u00e4r de mest anv\u00e4nda av handelsplatser och garanterar s\u00e4kra transaktioner samt att det \u00e4r om\u00f6jligt f\u00f6r n\u00e5gon att komma \u00e5t bankuppgifter om Diamant-Strass-DMC.com-webbplatsen skulle hackas, eftersom den inte lagrar n\u00e5gra bankuppgifter.  <\/p>\n<h2 style=\"margin-top:50px;\">Hantering av andra personuppgifter<\/h2>\n<p>  Ingen personlig information om anv\u00e4ndaren av webbplatsen Diamant-Strass-DMC.com publiceras utan anv\u00e4ndarens vetskap, utbyts, \u00f6verf\u00f6rs, \u00f6verl\u00e5ts eller s\u00e4ljs p\u00e5 n\u00e5got medium till tredje part. Endast antagandet av k\u00f6pet av webbplatsen Diamant-Strass-DMC.com och dess r\u00e4ttigheter ger DLP Web, utgivare av webbplatsen Diamant-Strass-DMC.com, r\u00e4tt att \u00f6verf\u00f6ra n\u00e4mnda information till den eventuella k\u00f6paren som i sin tur skulle vara bunden av samma skyldighet att bevara och \u00e4ndra uppgifterna gentemot anv\u00e4ndaren av webbplatsen Diamant-Strass-DMC.com. I Frankrike skyddas personuppgifter s\u00e4rskilt av den franska lagen nr 78-87 av den 6 januari 1978, den franska lagen nr 2004-801 av den 6 augusti 2004, artikel L. 226-13 i strafflagen och det europeiska direktivet av den 24 oktober 1995.<br \/>\nP\u00e5 webbplatsen Diamant-Strass-DMC.com, i enlighet med artikel 4 i den franska lagen nr 78-17 av den 6 januari 1978, samlas uppgifter om anv\u00e4ndaren endast in f\u00f6r den tj\u00e4nst som erbjuds p\u00e5 webbplatsen, dvs. behandling av best\u00e4llningar.  Anv\u00e4ndaren l\u00e4mnar denna information med full k\u00e4nnedom om fakta, s\u00e4rskilt n\u00e4r han\/hon sj\u00e4lv anger den. Anv\u00e4ndaren av webbplatsen Diamant-Strass-DMC.com informeras sedan om huruvida han\/hon \u00e4r skyldig att l\u00e4mna denna information eller inte. I enlighet med best\u00e4mmelserna i artikel 38 och f\u00f6ljande i den franska lagen om dataskydd 78-17 av den 6 januari 1978 har alla anv\u00e4ndare r\u00e4tt att f\u00e5 tillg\u00e5ng till, r\u00e4tta, radera och mots\u00e4tta sig alla personuppgifter som r\u00f6r dem.<br \/>\nF\u00f6r att ut\u00f6va denna r\u00e4ttighet, skicka din beg\u00e4ran till Diamant-Strass-DMC.com via e-post till contact@diamant-strass-dmc.com.<br \/>\nDatabaser skyddas av best\u00e4mmelserna i lagen av den 1 juli 1998 om inf\u00f6rlivande av det franska direktivet 96\/9 av den 11 mars 1996 om r\u00e4ttsligt skydd f\u00f6r databaser.    <\/p>\n<style><!-- br { content: \" \";display: block;font-size: 100%;height: 2em; } --><\/style>\n","protected":false},"excerpt":{"rendered":"<p>Diamant-Strass-DMC.com f\u00e4ster s\u00e4rskild vikt vid skyddet och s\u00e4kerheten f\u00f6r sina anv\u00e4ndares personuppgifter och bankuppgifter. F\u00f6rvaltning av bankuppgifter Diamant-Strass-DMC.com lagrar eller samlar inte in n\u00e5got kreditkortsnummer som anges av anv\u00e4ndaren och kan inte komma \u00e5t denna information. Denna information \u00f6verf\u00f6rs s\u00e4kert och krypterat av de betaltj\u00e4nstleverant\u00f6rer som Diamant-Strass-DMC.com har utsett: Stripe om k\u00f6paren har valt alternativet [&hellip;]<\/p>\n","protected":false},"author":1,"featured_media":0,"parent":0,"menu_order":0,"comment_status":"closed","ping_status":"closed","template":"template-fullwidth.php","meta":{"footnotes":""},"class_list":["post-26474","page","type-page","status-publish","hentry"],"blocksy_meta":[],"aioseo_notices":[],"_links":{"self":[{"href":"https:\/\/diamant-strass-dmc.com\/sv\/wp-json\/wp\/v2\/pages\/26474","targetHints":{"allow":["GET"]}}],"collection":[{"href":"https:\/\/diamant-strass-dmc.com\/sv\/wp-json\/wp\/v2\/pages"}],"about":[{"href":"https:\/\/diamant-strass-dmc.com\/sv\/wp-json\/wp\/v2\/types\/page"}],"author":[{"embeddable":true,"href":"https:\/\/diamant-strass-dmc.com\/sv\/wp-json\/wp\/v2\/users\/1"}],"replies":[{"embeddable":true,"href":"https:\/\/diamant-strass-dmc.com\/sv\/wp-json\/wp\/v2\/comments?post=26474"}],"version-history":[{"count":2,"href":"https:\/\/diamant-strass-dmc.com\/sv\/wp-json\/wp\/v2\/pages\/26474\/revisions"}],"predecessor-version":[{"id":76164,"href":"https:\/\/diamant-strass-dmc.com\/sv\/wp-json\/wp\/v2\/pages\/26474\/revisions\/76164"}],"wp:attachment":[{"href":"https:\/\/diamant-strass-dmc.com\/sv\/wp-json\/wp\/v2\/media?parent=26474"}],"curies":[{"name":"wp","href":"https:\/\/api.w.org\/{rel}","templated":true}]}}