{"id":26412,"date":"2021-04-09T09:14:43","date_gmt":"2021-04-09T07:14:43","guid":{"rendered":"https:\/\/diamant-strass-dmc.com\/kontakta-oss\/"},"modified":"2025-02-14T20:18:49","modified_gmt":"2025-02-14T19:18:49","slug":"kontakt","status":"publish","type":"page","link":"https:\/\/diamant-strass-dmc.com\/sv\/kontakt\/","title":{"rendered":"Kontakta oss"},"content":{"rendered":"<p style=\"background: #FFC1C1; color: black; padding: 20px; border: 1px solid black;\">Innan du kontaktar oss, <span style=\"text-decoration: underline;\"><strong><a style=\"color: #01578b;\" href=\"\/sv\/faq\/\">l\u00e4s p\u00e5 denna sida<\/a><\/strong><\/span> d\u00e4r vi svarar p\u00e5 de vanligaste fr\u00e5gorna.<\/p>\n<div class=\"wpforms-container wpforms-container-full\" id=\"wpforms-83491\"><form id=\"wpforms-form-83491\" class=\"wpforms-validate wpforms-form\" data-formid=\"83491\" method=\"post\" enctype=\"multipart\/form-data\" action=\"\/sv\/wp-json\/wp\/v2\/pages\/26412\" data-token=\"2207beb29fb3a8a2eef38488ebed2f92\" data-token-time=\"1776134940\"><noscript class=\"wpforms-error-noscript\">Aktivera JavaScript i din webbl\u00e4sare f\u00f6r att fylla i formul\u00e4ret.<\/noscript><div class=\"wpforms-field-container\"><div id=\"wpforms-83491-field_0-container\" class=\"wpforms-field wpforms-field-name\" data-field-id=\"0\"><label class=\"wpforms-field-label\" for=\"wpforms-83491-field_0\">Namn <span class=\"wpforms-required-label\">*<\/span><\/label><input type=\"text\" id=\"wpforms-83491-field_0\" class=\"wpforms-field-small wpforms-field-required\" name=\"wpforms[fields][0]\" required><\/div><div id=\"wpforms-83491-field_1-container\" class=\"wpforms-field wpforms-field-email\" data-field-id=\"1\"><label class=\"wpforms-field-label\" for=\"wpforms-83491-field_1\">E-mail <span class=\"wpforms-required-label\">*<\/span><\/label><input type=\"email\" id=\"wpforms-83491-field_1\" class=\"wpforms-field-small wpforms-field-required\" name=\"wpforms[fields][1]\" spellcheck=\"false\" required><\/div><div id=\"wpforms-83491-field_6-container\" class=\"wpforms-field wpforms-field-radio\" data-field-id=\"6\"><label class=\"wpforms-field-label\">Min f\u00f6rfr\u00e5gan g\u00e4ller : <span class=\"wpforms-required-label\">*<\/span><\/label><ul id=\"wpforms-83491-field_6\" class=\"wpforms-field-required\"><li class=\"choice-1 depth-1\"><input type=\"radio\" id=\"wpforms-83491-field_6_1\" name=\"wpforms[fields][6]\" value=\"Best\u00e4llning ej mottagen\" required ><label class=\"wpforms-field-label-inline\" for=\"wpforms-83491-field_6_1\">Best\u00e4llning ej mottagen<\/label><\/li><li class=\"choice-3 depth-1\"><input type=\"radio\" id=\"wpforms-83491-field_6_3\" name=\"wpforms[fields][6]\" value=\"Partnerskap\" required ><label class=\"wpforms-field-label-inline\" for=\"wpforms-83491-field_6_3\">Partnerskap<\/label><\/li><li class=\"choice-2 depth-1\"><input type=\"radio\" id=\"wpforms-83491-field_6_2\" name=\"wpforms[fields][6]\" value=\"Annat\" required ><label class=\"wpforms-field-label-inline\" for=\"wpforms-83491-field_6_2\">Annat<\/label><\/li><\/ul><\/div><div id=\"wpforms-83491-field_7-container\" class=\"wpforms-field wpforms-field-number\" data-field-id=\"7\"><label class=\"wpforms-field-label\" for=\"wpforms-83491-field_7\">Best\u00e4llningens nummer<\/label><input type=\"number\" id=\"wpforms-83491-field_7\" class=\"wpforms-field-small\" name=\"wpforms[fields][7]\" step=\"any\" ><\/div><div id=\"wpforms-83491-field_3-container\" class=\"wpforms-field wpforms-field-text\" data-field-id=\"3\"><label class=\"wpforms-field-label\" for=\"wpforms-83491-field_3\">\u00c4mne f\u00f6r meddelande <span class=\"wpforms-required-label\">*<\/span><\/label><input type=\"text\" id=\"wpforms-83491-field_3\" class=\"wpforms-field-medium wpforms-field-required\" name=\"wpforms[fields][3]\" required><\/div><div id=\"wpforms-83491-field_2-container\" class=\"wpforms-field wpforms-field-textarea\" data-field-id=\"2\"><label class=\"wpforms-field-label\" for=\"wpforms-83491-field_2\">Meddelande <span class=\"wpforms-required-label\">*<\/span><\/label><textarea id=\"wpforms-83491-field_2\" class=\"wpforms-field-medium wpforms-field-required\" name=\"wpforms[fields][2]\" required><\/textarea><\/div><\/div><!-- .wpforms-field-container --><div class=\"wpforms-recaptcha-container wpforms-is-recaptcha wpforms-is-recaptcha-type-invisible\" ><div class=\"g-recaptcha\" data-sitekey=\"6LfiZ_ckAAAAAE9VfN4q3CB4oUYnMzwDF9OFg1j0\" data-size=\"invisible\"><\/div><\/div><div class=\"wpforms-submit-container\" ><input type=\"hidden\" name=\"wpforms[id]\" value=\"83491\"><input type=\"hidden\" name=\"page_title\" value=\"\"><input type=\"hidden\" name=\"page_url\" value=\"https:\/\/diamant-strass-dmc.com\/sv\/wp-json\/wp\/v2\/pages\/26412\"><input type=\"hidden\" name=\"url_referer\" value=\"\"><button type=\"submit\" name=\"wpforms[submit]\" id=\"wpforms-submit-83491\" class=\"wpforms-submit\" data-alt-text=\"S\u00e4ndning p\u00e5g\u00e5r...\" data-submit-text=\"Skicka\" aria-live=\"assertive\" value=\"wpforms-submit\">Skicka<\/button><\/div><\/form><\/div>  <!-- .wpforms-container -->\n","protected":false},"excerpt":{"rendered":"<p>Innan du kontaktar oss, l\u00e4s p\u00e5 denna sida d\u00e4r vi svarar p\u00e5 de vanligaste fr\u00e5gorna.<\/p>\n","protected":false},"author":1,"featured_media":0,"parent":0,"menu_order":0,"comment_status":"closed","ping_status":"closed","template":"template-fullwidth.php","meta":{"footnotes":""},"class_list":["post-26412","page","type-page","status-publish","hentry"],"blocksy_meta":[],"aioseo_notices":[],"_links":{"self":[{"href":"https:\/\/diamant-strass-dmc.com\/sv\/wp-json\/wp\/v2\/pages\/26412","targetHints":{"allow":["GET"]}}],"collection":[{"href":"https:\/\/diamant-strass-dmc.com\/sv\/wp-json\/wp\/v2\/pages"}],"about":[{"href":"https:\/\/diamant-strass-dmc.com\/sv\/wp-json\/wp\/v2\/types\/page"}],"author":[{"embeddable":true,"href":"https:\/\/diamant-strass-dmc.com\/sv\/wp-json\/wp\/v2\/users\/1"}],"replies":[{"embeddable":true,"href":"https:\/\/diamant-strass-dmc.com\/sv\/wp-json\/wp\/v2\/comments?post=26412"}],"version-history":[{"count":3,"href":"https:\/\/diamant-strass-dmc.com\/sv\/wp-json\/wp\/v2\/pages\/26412\/revisions"}],"predecessor-version":[{"id":83498,"href":"https:\/\/diamant-strass-dmc.com\/sv\/wp-json\/wp\/v2\/pages\/26412\/revisions\/83498"}],"wp:attachment":[{"href":"https:\/\/diamant-strass-dmc.com\/sv\/wp-json\/wp\/v2\/media?parent=26412"}],"curies":[{"name":"wp","href":"https:\/\/api.w.org\/{rel}","templated":true}]}}