{"id":26347,"date":"2021-04-08T10:42:02","date_gmt":"2021-04-08T08:42:02","guid":{"rendered":"https:\/\/diamant-strass-dmc.com\/forsaljningsvillkor\/"},"modified":"2025-03-02T02:55:13","modified_gmt":"2025-03-02T01:55:13","slug":"cgv","status":"publish","type":"page","link":"https:\/\/diamant-strass-dmc.com\/sv\/cgv\/","title":{"rendered":"Allm\u00e4nna f\u00f6rs\u00e4ljningsvillkor"},"content":{"rendered":"<p>Dessa anv\u00e4ndarvillkor ing\u00e5s av varje fysisk eller juridisk person som vill g\u00f6ra ett k\u00f6p fr\u00e5n webbplatsen Diamant-Strass-DMC.com, nedan kallad &#8221;k\u00f6paren&#8221;. Och \u00e5 andra sidan av Diamant-Strass-DMC.com, som publiceras av DPL Web med s\u00e4te p\u00e5 570 rue de Solesmes 59213 Vendegies-sur-\u00c9caillon (Frankrike) och som \u00e4r registrerad under SIRET-nummer <strong>50778378500052<\/strong> och RCS <strong>Douai A 507 783 785<\/strong>, nedan kallad Diamant-Strass-DMC.com.<\/p>\n<h2 style=\"margin-top: 50px;\">Syftet med dessa villkor<\/h2>\n<p>Syftet med dessa f\u00f6rs\u00e4ljningsvillkor \u00e4r att definiera avtalsf\u00f6rh\u00e5llandena mellan k\u00f6paren och Diamant-Strass-DMC.com och de villkor som g\u00e4ller f\u00f6r alla k\u00f6p som g\u00f6rs via Diamant-Strass-DMC.coms webbplats f\u00f6r e-handel, oavsett om k\u00f6paren \u00e4r en yrkesut\u00f6vare eller en privatperson. F\u00f6rv\u00e4rvet av en vara eller tj\u00e4nst via webbplatsen Diamant-Strass-DMC.com \u00e4r villkorat av k\u00f6parens f\u00f6rbeh\u00e5llsl\u00f6sa godk\u00e4nnande av dessa allm\u00e4nna f\u00f6rs\u00e4ljningsvillkor.<\/p>\n<p>Dessa allm\u00e4nna f\u00f6rs\u00e4ljningsvillkor ska ha f\u00f6retr\u00e4de framf\u00f6r alla andra allm\u00e4nna eller s\u00e4rskilda villkor som inte uttryckligen godk\u00e4nts av Diamant-Strass-DMC.com. Diamant-Strass-DMC.com f\u00f6rbeh\u00e5ller sig dessutom r\u00e4tten att n\u00e4r som helst \u00e4ndra sina f\u00f6rs\u00e4ljningsvillkor. De till\u00e4mpliga villkoren \u00e4r d\u00e5 de som g\u00e4ller vid tidpunkten f\u00f6r k\u00f6parens best\u00e4llning.<\/p>\n<h2 style=\"margin-top: 50px;\">K\u00e4nnetecken f\u00f6r produkter som erbjuds av Diamant-Strass-DMC.com<\/h2>\n<p>De produkter som erbjuds \u00e4r de som visas p\u00e5 webbplatsen Diamant-Strass-DMC.com. Dessa produkter finns tillg\u00e4ngliga s\u00e5 l\u00e4nge lagret r\u00e4cker. <\/p>\n<h2 style=\"margin-top: 50px;\">Priser som tas ut<\/h2>\n<p>De priser som visas p\u00e5 webbplatsen Diamant-Strass-DMC.com \u00e4r inklusive alla skatter: de tar h\u00e4nsyn till den merv\u00e4rdesskatt (moms) som g\u00e4ller den dag d\u00e5 best\u00e4llningen g\u00f6rs. Eventuella \u00e4ndringar av momssatsen kan komma att \u00e5terspeglas i priserna. Diamant-Strass-DMC.com f\u00f6rbeh\u00e5ller sig r\u00e4tten att n\u00e4r som helst \u00e4ndra sina priser, dock under f\u00f6ruts\u00e4ttning att det pris som anges p\u00e5 produktbladen vid best\u00e4llningstillf\u00e4llet kommer att vara det enda pris som g\u00e4ller f\u00f6r k\u00f6paren. De priser som anges p\u00e5 produktbladen inkluderar inte leveranskostnader. <\/p>\n<h2 style=\"margin-top: 50px;\">Best\u00e4llning p\u00e5 Diamant-Strass-DMC.com<\/h2>\n<p>K\u00f6pare som vill l\u00e4gga en order m\u00e5ste :<\/p>\n<ul>\n<li>Fyll i online-korgen och l\u00e4gg till alla produktreferenser som du har valt;<\/li>\n<li>Fyll i identifieringsformul\u00e4ret med de kontaktuppgifter som efterfr\u00e5gas, eller logga in p\u00e5 ditt kundkonto om du har ett s\u00e5dant;<\/li>\n<li>Bekr\u00e4fta best\u00e4llningen genom att g\u00e5 vidare till betalning, efter att ha kontrollerat den och accepterat dessa allm\u00e4nna f\u00f6rs\u00e4ljningsvillkor;<\/li>\n<\/ul>\n<p>Bekr\u00e4ftelse av best\u00e4llningen inneb\u00e4r att du godk\u00e4nner dessa allm\u00e4nna f\u00f6rs\u00e4ljningsvillkor, att du har full k\u00e4nnedom om dem och att du avst\u00e5r fr\u00e5n r\u00e4tten att \u00e5beropa dina egna ink\u00f6psvillkor eller andra villkor. Alla uppgifter som l\u00e4mnas och den registrerade bekr\u00e4ftelsen betraktas som bevis f\u00f6r transaktionen. Bekr\u00e4ftelsen betraktas som en underskrift och ett godk\u00e4nnande av de utf\u00f6rda \u00e5tg\u00e4rderna. S\u00e4ljaren skickar ett e-postmeddelande med bekr\u00e4ftelse p\u00e5 att best\u00e4llningen har registrerats, f\u00f6ljt av en bekr\u00e4ftelse p\u00e5 att best\u00e4llningen har skickats och, i f\u00f6rekommande fall, sp\u00e5rningsnumret.<\/p>\n<h2 style=\"margin-top: 50px;\">Betalningsvillkor<\/h2>\n<p>Priset ska betalas n\u00e4r best\u00e4llningen g\u00f6rs. K\u00f6parens konto debiteras med beloppet f\u00f6r de best\u00e4llda produkterna, plus eventuella leveranskostnader. <\/p>\n<p>De betalningsmetoder som erbjuds p\u00e5 orderbekr\u00e4ftelsesidan anv\u00e4nder alla SSL-protokollet (Secure Socket Layer), vilket inneb\u00e4r att den information som \u00f6verf\u00f6rs krypteras av programvara och inte kan l\u00e4sas av n\u00e5gon tredje part under transport \u00f6ver n\u00e4tverket.<\/p>\n<p>Diamant-Strass-DMC.com lagrar eller samlar inte in n\u00e5got kreditkortsnummer som anges av anv\u00e4ndaren och kan inte tekniskt komma \u00e5t denna information.<\/p>\n<h2 style=\"margin-top: 50px;\">Leverans och frakt<\/h2>\n<p>Alla produkter lagras i Frankrike, i Diamant-Strass-DMC.com:s lager.<\/p>\n<p>Best\u00e4llningar expedieras inom 24 timmar efter att best\u00e4llningen har gjorts.<\/p>\n<p>De skickas som vanligt brev, sp\u00e5rat brev eller Colissimo (La Postes tj\u00e4nster i Frankrike) eller med Mondial Relay, beroende p\u00e5 f\u00f6rs\u00e4ndelsernas antal och vikt.<\/p>\n<p>Leveranstiden \u00e4r 3 arbetsdagar f\u00f6r Frankrike och 3 till 10 arbetsdagar f\u00f6r andra l\u00e4nder, exklusive eventuella f\u00f6rseningar fr\u00e5n La Poste eller Mondial Relay utanf\u00f6r Diamant-Strass-DMC.coms kontroll. Denna leveranstid ber\u00e4knas p\u00e5 varje produktblad enligt kundens anslutningsland och anges sedan p\u00e5 orderbekr\u00e4ftelsessidan enligt det land som anges som leveransadress. <\/p>\n<p>Endast best\u00e4llningar med ett minimiv\u00e4rde skickas med sp\u00e5rning. Detta belopp \u00e4r 15 \u20ac f\u00f6r en f\u00f6rs\u00e4ndelse till Frankrike och 20 \u20ac f\u00f6r en f\u00f6rs\u00e4ndelse till ett annat land. Sp\u00e5rningsnumret ges till k\u00f6paren i e-postmeddelandet med bekr\u00e4ftelse p\u00e5 avs\u00e4ndandet. Om best\u00e4llningen betalades i en annan valuta \u00e4n euro, beaktas v\u00e4xelkursen f\u00f6r denna valuta p\u00e5 best\u00e4llningsdagen vid omvandlingen till ett belopp p\u00e5 15 \u20ac eller 20 \u20ac.   <\/p>\n<p>Om f\u00f6rseningen av posttj\u00e4nsterna \u00f6verstiger 3 arbetsdagar f\u00f6r Frankrike eller 5 arbetsdagar f\u00f6r de andra l\u00e4nderna, \u00e5tar sig Diamant-Strass-DMC.com att skicka best\u00e4llningen igen med ett sp\u00e5rningsnummer som kommuniceras till k\u00f6paren.<\/p>\n<p>Om leveranstiden \u00f6verstiger 20 arbetsdagar fr\u00e5n best\u00e4llningsdatumet kan k\u00f6peavtalet h\u00e4vas och k\u00f6paren \u00e5terbetalas.<\/p>\n<h2 style=\"margin-top: 50px;\">Skador<\/h2>\n<p>I h\u00e4ndelse av skada under transport m\u00e5ste ett motiverat klagom\u00e5l g\u00f6ras till Diamant-Strass-DMC.com inom 3 dagar efter leverans, med ett fotografi, p\u00e5 adressen contact@diamant-strass-dmc.com.<\/p>\n<h2 style=\"margin-top: 50px;\">\u00c5terkoppling och diskussion<\/h2>\n<p>Produkter som k\u00f6pts p\u00e5 webbplatsen Diamant-Strass-DMC.com kan returneras inom 30 dagar fr\u00e5n ink\u00f6psdatumet f\u00f6r full \u00e5terbetalning eller byte mot en vara av liknande v\u00e4rde. Fraktkostnader f\u00f6r varor som returneras till Diamant-Strass-DMC.com betalas av kunden.<\/p>\n<p>F\u00f6rfr\u00e5gningar skickas till diamant.strass@gmail.com med angivande av ordernummer.<\/p>\n<p>Returadressen \u00e4r f\u00f6ljande<\/p>\n<p>DIAMANT STRASS DMC<br \/>\n570 RUE DE SOLESMES<br \/>\n59213 VENDEGIES SUR ECAILLON<br \/>\nFRANCE<\/p>\n<p>Varor som returneras efter denna 30-dagarsperiod kommer inte att \u00e5terbetalas eller bytas ut.<\/p>\n<p>Produkterna m\u00e5ste returneras rena och oskadade. F\u00f6rseglade diamantpaket f\u00e5r inte ha \u00f6ppnats.<\/p>\n<h2 style=\"margin-top: 50px;\">Tillbakadragande<\/h2>\n<p>K\u00f6pare, som inte \u00e4r yrkesverksamma personer, har r\u00e4tt till den \u00e5ngerfrist som f\u00f6reskrivs i landets lagstiftning. F\u00f6r att ut\u00f6va din \u00e5ngerr\u00e4tt, v\u00e4nligen meddela Diamant-Strass-DMC.com med hj\u00e4lp av webbplatsens kontaktformul\u00e4r eller genom att skicka ett e-postmeddelande till contact@diamant-strass-dmc.com.<\/p>\n<p>D\u00e4refter m\u00e5ste produkten returneras till Diamant-Strass-DMC.com inom 30 dagar f\u00f6r utbyte eller \u00e5terbetalning utan p\u00e5f\u00f6ljd, med undantag f\u00f6r returfraktkostnaderna som kunden ansvarar f\u00f6r.<\/p>\n<p>\u00c5terbetalning sker endast om produkten och dess f\u00f6rpackning \u00e4r intakt (n\u00e4r det g\u00e4ller f\u00f6rseglade p\u00e4rlp\u00e5sar f\u00e5r de inte ha \u00f6ppnats).<\/p>\n<h2 style=\"margin-top: 50px;\">S\u00e4ljarens ansvar och immateriella r\u00e4ttigheter<\/h2>\n<p>S\u00e4ljaren \u00e4r vid onlinef\u00f6rs\u00e4ljning endast bunden av en skyldighet att anv\u00e4nda medel och kan inte h\u00e5llas ansvarig f\u00f6r skador som uppst\u00e5r vid anv\u00e4ndning av Internetn\u00e4tverket, t.ex. f\u00f6rlust av data, intr\u00e5ng, virus, avbrott i tj\u00e4nsten eller andra ofrivilliga problem.<\/p>\n<h2 style=\"margin-top: 50px;\">Immateriella r\u00e4ttigheter<\/h2>\n<p>Alla delar av webbplatsen Diamant-Strass-DMC.com. \u00e4r och f\u00f6rblir Diamant-Strass-DMC.com:s exklusiva immateriella egendom.<\/p>\n<p>Ingen har r\u00e4tt att reproducera, utnyttja, \u00e5teruts\u00e4nda eller p\u00e5 n\u00e5got s\u00e4tt, \u00e4ven delvis, anv\u00e4nda delar av webbplatsen, vare sig det g\u00e4ller mjukvara, bilder eller ljud.<\/p>\n<h2 style=\"margin-top: 50px;\">Eftermarknadsservice<\/h2>\n<p>Diamant-Strass-DMC.com:s kundtj\u00e4nst \u00e4r tillg\u00e4nglig via e-post till contact@diamant-strass-dmc.com eller via kontaktformul\u00e4ret.<\/p>\n<h2 style=\"margin-top: 50px;\">Personuppgifter<\/h2>\n<p>I enlighet med den franska lagen om dataskydd av den 6 januari 1978 kan personuppgifter som r\u00f6r k\u00f6pare behandlas automatiskt. Diamant-Strass-DMC.com f\u00f6rbeh\u00e5ller sig r\u00e4tten att samla in information om k\u00f6parna, bland annat genom att anv\u00e4nda cookies, och att om f\u00f6retaget vill \u00f6verf\u00f6ra den insamlade informationen till kommersiella partners. Genom att surfa p\u00e5 Diamant-Strass-DMC.com godk\u00e4nner du att dessa cookies samlas in och anv\u00e4nds.<\/p>\n<p>K\u00f6parna kan inv\u00e4nda mot att deras uppgifter avsl\u00f6jas genom att meddela Diamant-Strass-DMC.com. P\u00e5 samma s\u00e4tt har anv\u00e4ndarna r\u00e4tt att f\u00e5 tillg\u00e5ng till och korrigera uppgifter om dem, i enlighet med den franska lagen av den 6 januari 1978. Den automatiserade behandlingen av information, inklusive hanteringen av e-postadresser f\u00f6r webbplatsens anv\u00e4ndare, har anm\u00e4lts (n\u00b01787089) till den nationella kommissionen f\u00f6r informationsteknik och frihet (CNIL).<\/p>\n<p>Som anges ovan i avsnittet &#8221;Betalningsmetoder&#8221; lagrar eller samlar Diamant-Strass-DMC.com inte in n\u00e5got kreditkortsnummer som anv\u00e4ndaren har angett och kan inte tekniskt komma \u00e5t denna information.<\/p>\n<h2 style=\"margin-top: 50px;\">Arkivering \/ Bevismaterial<\/h2>\n<p>Diamant-Strass-DMC.com. arkivera orderblanketter och fakturor p\u00e5 ett tillf\u00f6rlitligt och varaktigt medium som utg\u00f6r en riktig kopia i enlighet med best\u00e4mmelserna i artikel 1348 i den franska civillagen. Diamant-Strass-DMC.coms datoriserade register kommer att betraktas av parterna som bevis f\u00f6r kommunikation, best\u00e4llningar, betalningar och transaktioner mellan parterna.<\/p>\n<h2 style=\"margin-top: 50px;\">L\u00f6sning av tvister<\/h2>\n<p>Dessa allm\u00e4nna f\u00f6rs\u00e4ljningsvillkor omfattas av fransk lag. I h\u00e4ndelse av tvist ska beh\u00f6rig domstol vara Paris domstol i Frankrike, oavsett om det finns flera svarande eller om tredje part \u00e5beropas.<\/p>\n","protected":false},"excerpt":{"rendered":"<p>Dessa anv\u00e4ndarvillkor ing\u00e5s av varje fysisk eller juridisk person som vill g\u00f6ra ett k\u00f6p fr\u00e5n webbplatsen Diamant-Strass-DMC.com, nedan kallad &#8221;k\u00f6paren&#8221;. Och \u00e5 andra sidan av Diamant-Strass-DMC.com, som publiceras av DPL Web med s\u00e4te p\u00e5 570 rue de Solesmes 59213 Vendegies-sur-\u00c9caillon (Frankrike) och som \u00e4r registrerad under SIRET-nummer 50778378500052 och RCS Douai A 507 783 785, [&hellip;]<\/p>\n","protected":false},"author":1,"featured_media":0,"parent":0,"menu_order":0,"comment_status":"closed","ping_status":"closed","template":"","meta":{"footnotes":""},"class_list":["post-26347","page","type-page","status-publish","hentry"],"blocksy_meta":[],"aioseo_notices":[],"_links":{"self":[{"href":"https:\/\/diamant-strass-dmc.com\/sv\/wp-json\/wp\/v2\/pages\/26347","targetHints":{"allow":["GET"]}}],"collection":[{"href":"https:\/\/diamant-strass-dmc.com\/sv\/wp-json\/wp\/v2\/pages"}],"about":[{"href":"https:\/\/diamant-strass-dmc.com\/sv\/wp-json\/wp\/v2\/types\/page"}],"author":[{"embeddable":true,"href":"https:\/\/diamant-strass-dmc.com\/sv\/wp-json\/wp\/v2\/users\/1"}],"replies":[{"embeddable":true,"href":"https:\/\/diamant-strass-dmc.com\/sv\/wp-json\/wp\/v2\/comments?post=26347"}],"version-history":[{"count":3,"href":"https:\/\/diamant-strass-dmc.com\/sv\/wp-json\/wp\/v2\/pages\/26347\/revisions"}],"predecessor-version":[{"id":84515,"href":"https:\/\/diamant-strass-dmc.com\/sv\/wp-json\/wp\/v2\/pages\/26347\/revisions\/84515"}],"wp:attachment":[{"href":"https:\/\/diamant-strass-dmc.com\/sv\/wp-json\/wp\/v2\/media?parent=26347"}],"curies":[{"name":"wp","href":"https:\/\/api.w.org\/{rel}","templated":true}]}}