{"id":26213,"date":"2021-04-08T09:22:00","date_gmt":"2021-04-08T07:22:00","guid":{"rendered":"https:\/\/diamant-strass-dmc.com\/rattsliga\/"},"modified":"2024-09-08T03:40:08","modified_gmt":"2024-09-08T01:40:08","slug":"rattsliga-meddelanden","status":"publish","type":"page","link":"https:\/\/diamant-strass-dmc.com\/sv\/rattsliga-meddelanden\/","title":{"rendered":"Juridisk information"},"content":{"rendered":"<p style=\"text-align: left;\">I enlighet med best\u00e4mmelserna i artiklarna 6-III och 19 i den franska lagen nr 2004-575 av den 21 juni 2004 om f\u00f6rtroende f\u00f6r den digitala ekonomin, k\u00e4nd som L.C.E.N., g\u00f6r vi f\u00f6ljande information tillg\u00e4nglig f\u00f6r anv\u00e4ndare och bes\u00f6kare p\u00e5 webbplatsen diamant-strass-dmc.com:<\/p>\n<h2 style=\"margin-top:50px;\">1. Juridisk information<\/h2>\n<p>  \u00c4gare, skapare av webbplatsen och ansvarig f\u00f6r publiceringen \u00e4r DPL Web, med s\u00e4te p\u00e5 570 rue de Solesmes 59213 Vendegies-sur-\u00c9caillon (Frankrike), SIRET-nummer <strong>50778378500052<\/strong> och RCS-nummer <strong>Douai A 507 783 785<\/strong> <strong>.<\/strong><br \/>\nE-postadressen till webbplatsen diamant-strass-dmc.com \u00e4r contact@diamant-strass-dmc.com .<br \/>\nWebbplatsens v\u00e4rd \u00e4r: OVH, vars adress \u00e4r 2 Rue Kellermann 59100 Roubaix (Frankrike).    <\/p>\n<h2 style=\"margin-top:50px;\">2. Presentation och princip<\/h2>\n<p>  Ben\u00e4mns h\u00e4danefter: Anv\u00e4ndare, varje Internetanv\u00e4ndare som ansluter till och anv\u00e4nder den ovan n\u00e4mnda webbplatsen: diamant-strass-dmc.com. Webbplatsen diamant-strass-dmc.com samlar en hel del tj\u00e4nster, i staten, som st\u00e5r till anv\u00e4ndarnas f\u00f6rfogande. Det anges h\u00e4r att den senare m\u00e5ste vara artig och visa god tro b\u00e5de mot de andra anv\u00e4ndarna och mot webmastern av webbplatsen diamant-strass-dmc.com. Webbplatsen diamant-strass-dmc.com uppdateras regelbundet av DPL Web, som str\u00e4var efter att tillhandah\u00e5lla s\u00e5 korrekt information som m\u00f6jligt (med f\u00f6rbeh\u00e5ll f\u00f6r \u00e4ndringar som gjorts sedan den lades ut p\u00e5 n\u00e4tet), men kan inte garantera att den information som sprids p\u00e5 webbplatsen \u00e4r korrekt, fullst\u00e4ndig och aktuell, vare sig det \u00e4r den egna informationen eller den som tillhandah\u00e5lls av tredje part som f\u00f6rser DPL Web med denna information. F\u00f6ljaktligen erk\u00e4nner anv\u00e4ndarna att de anv\u00e4nder denna information (som \u00e4r v\u00e4gledande, icke utt\u00f6mmande och kan komma att \u00e4ndras) p\u00e5 eget ansvar.  <\/p>\n<h2 style=\"margin-top:50px;\">3. Tillg\u00e4nglighet<\/h2>\n<p>  Webbplatsen diamant-strass-dmc.com \u00e4r i princip tillg\u00e4nglig f\u00f6r anv\u00e4ndarna 24 timmar om dygnet, 7 dagar i veckan, med undantag f\u00f6r avbrott, oavsett om de \u00e4r planerade eller inte, f\u00f6r underh\u00e5lls\u00e4ndam\u00e5l eller i h\u00e4ndelse av force majeure. I h\u00e4ndelse av att det inte g\u00e5r att f\u00e5 tillg\u00e5ng till tj\u00e4nsten, \u00e5tar sig diamant-strass-dmc.com att g\u00f6ra sitt yttersta f\u00f6r att \u00e5terst\u00e4lla tillg\u00e5ngen till tj\u00e4nsten och kommer att str\u00e4va efter att meddela anv\u00e4ndarna datum och tider f\u00f6r ingripandet i f\u00f6rv\u00e4g. Eftersom diamant-strass-dmc.com endast \u00e4r f\u00f6rem\u00e5l f\u00f6r en skyldighet att medel, kan diamant-strass-dmc.com inte h\u00e5llas ansvarig f\u00f6r n\u00e5gon skada, oavsett dess natur, till f\u00f6ljd av att tj\u00e4nsten inte \u00e4r tillg\u00e4nglig.  <\/p>\n<h2 style=\"margin-top:50px;\">4. Immateriella r\u00e4ttigheter<\/h2>\n<p>  DPL Web \u00e4r den exklusiva \u00e4garen av alla immateriella r\u00e4ttigheter eller innehar anv\u00e4ndarr\u00e4ttigheterna f\u00f6r alla element som \u00e4r tillg\u00e4ngliga p\u00e5 webbplatsen, s\u00e5v\u00e4l p\u00e5 strukturen som p\u00e5 texter, bilder, grafik, logotyper, ikoner, ljud, programvara. All total eller partiell reproduktion av webbplatsen diamant-strass-dmc.com, representation, modifiering, publicering, total eller partiell anpassning av n\u00e5got av dessa element, oavsett vilket medel eller vilken process som anv\u00e4nds, \u00e4r f\u00f6rbjuden, f\u00f6rutom f\u00f6reg\u00e5ende skriftligt tillst\u00e5nd fr\u00e5n DPL Web, \u00e4gare, via e-post (contact@diamant-strass-dmc.com).<br \/>\nUnderl\u00e5tenhet att g\u00f6ra detta kommer att betraktas som ett intr\u00e5ng och kan leda till \u00e5tal i enlighet med best\u00e4mmelserna i artiklarna L.335-2 och f\u00f6ljande i den franska lagen om immateriell \u00e4gander\u00e4tt.   <\/p>\n<h2 style=\"margin-top:50px;\">5. Hyperl\u00e4nkar<\/h2>\n<p>  Webbplatsen diamant-strass-dmc.com inneh\u00e5ller ett antal hypertextl\u00e4nkar till andra webbplatser (partners, information, etc.) som skapats med tillst\u00e5nd fr\u00e5n DPL Web. Vi har dock inte m\u00f6jlighet att kontrollera hela inneh\u00e5llet p\u00e5 de webbplatser som bes\u00f6ks p\u00e5 detta s\u00e4tt och fr\u00e5ns\u00e4ger oss d\u00e4rf\u00f6r allt ansvar f\u00f6r eventuella risker f\u00f6r olagligt inneh\u00e5ll.  <\/p>\n<h2 style=\"margin-top:50px;\">6. Skydd av egendom och personer &#8211; hantering av personuppgifter<\/h2>\n<p>  I Frankrike skyddas personuppgifter av den franska lagen nr 78-87 av den 6 januari 1978, den franska lagen nr 2004-801 av den 6 augusti 2004, artikel L. 226-13 i den franska strafflagen och det europeiska direktivet av den 24 oktober 1995.<br \/>\nP\u00e5 webbplatsen diamant-strass-dmc.com samlar DPL Web endast in personuppgifter (i enlighet med artikel 4 i den franska lagen nr 78-17 av den 6 januari 1978) som r\u00f6r anv\u00e4ndaren f\u00f6r vissa tj\u00e4nster som erbjuds av webbplatsen diamant-strass-dmc.com.  Anv\u00e4ndaren l\u00e4mnar denna information med full k\u00e4nnedom om fakta, s\u00e4rskilt n\u00e4r han\/hon sj\u00e4lv anger den. Anv\u00e4ndaren av webbplatsen diamant-strass-dmc.com har d\u00e5 skyldighet eller inte skyldighet att tillhandah\u00e5lla denna information. I enlighet med best\u00e4mmelserna i artikel 38 och f\u00f6ljande i den franska dataskyddslagen 78-17 av den 6 januari 1978 har alla anv\u00e4ndare r\u00e4tt att f\u00e5 tillg\u00e5ng till, r\u00e4tta till, radera och mots\u00e4tta sig alla personuppgifter som r\u00f6r dem.<br \/>\nF\u00f6r att ut\u00f6va denna r\u00e4tt ska du skicka din beg\u00e4ran via e-post till contact@diamant-strass-dmc.com.  Ingen personlig information om anv\u00e4ndaren av webbplatsen diamant-strass-dmc.com publiceras utan anv\u00e4ndarens vetskap, utbyts, \u00f6verf\u00f6rs, \u00f6verl\u00e5ts eller s\u00e4ljs p\u00e5 ett ospecificerat st\u00f6d med tredje part. Endast hypotesen om k\u00f6pet av webbplatsen diamant-strass-dmc.com och dess r\u00e4ttigheter ger DPL Web r\u00e4tt att \u00f6verf\u00f6ra denna information till den eventuella k\u00f6paren, som i sin tur skulle vara bunden av samma skyldighet att bevara och \u00e4ndra uppgifterna i f\u00f6rh\u00e5llande till anv\u00e4ndaren av webbplatsen diamant-strass-dmc.com. Diamant-Strass-DMC.com lagrar eller samlar inte in n\u00e5got kreditkortsnummer som anges av anv\u00e4ndaren och kan inte tekniskt komma \u00e5t denna information.<br \/>\nDatabaser skyddas av best\u00e4mmelserna i lagen av den 1 juli 1998 om inf\u00f6rlivande av det franska direktivet 96\/9 av den 11 mars 1996 om r\u00e4ttsligt skydd f\u00f6r databaser.   <\/p>\n<style><!-- br { content: \" \";display: block;font-size: 100%;height: 2em; } --><\/style>\n","protected":false},"excerpt":{"rendered":"<p>I enlighet med best\u00e4mmelserna i artiklarna 6-III och 19 i den franska lagen nr 2004-575 av den 21 juni 2004 om f\u00f6rtroende f\u00f6r den digitala ekonomin, k\u00e4nd som L.C.E.N., g\u00f6r vi f\u00f6ljande information tillg\u00e4nglig f\u00f6r anv\u00e4ndare och bes\u00f6kare p\u00e5 webbplatsen diamant-strass-dmc.com: 1. Juridisk information \u00c4gare, skapare av webbplatsen och ansvarig f\u00f6r publiceringen \u00e4r DPL Web, [&hellip;]<\/p>\n","protected":false},"author":1,"featured_media":0,"parent":0,"menu_order":0,"comment_status":"closed","ping_status":"closed","template":"template-fullwidth.php","meta":{"footnotes":""},"class_list":["post-26213","page","type-page","status-publish","hentry"],"blocksy_meta":[],"aioseo_notices":[],"_links":{"self":[{"href":"https:\/\/diamant-strass-dmc.com\/sv\/wp-json\/wp\/v2\/pages\/26213","targetHints":{"allow":["GET"]}}],"collection":[{"href":"https:\/\/diamant-strass-dmc.com\/sv\/wp-json\/wp\/v2\/pages"}],"about":[{"href":"https:\/\/diamant-strass-dmc.com\/sv\/wp-json\/wp\/v2\/types\/page"}],"author":[{"embeddable":true,"href":"https:\/\/diamant-strass-dmc.com\/sv\/wp-json\/wp\/v2\/users\/1"}],"replies":[{"embeddable":true,"href":"https:\/\/diamant-strass-dmc.com\/sv\/wp-json\/wp\/v2\/comments?post=26213"}],"version-history":[{"count":2,"href":"https:\/\/diamant-strass-dmc.com\/sv\/wp-json\/wp\/v2\/pages\/26213\/revisions"}],"predecessor-version":[{"id":76157,"href":"https:\/\/diamant-strass-dmc.com\/sv\/wp-json\/wp\/v2\/pages\/26213\/revisions\/76157"}],"wp:attachment":[{"href":"https:\/\/diamant-strass-dmc.com\/sv\/wp-json\/wp\/v2\/media?parent=26213"}],"curies":[{"name":"wp","href":"https:\/\/api.w.org\/{rel}","templated":true}]}}