{"id":71595,"date":"2022-07-28T02:29:20","date_gmt":"2022-07-28T00:29:20","guid":{"rendered":"https:\/\/diamant-strass-dmc.com\/perles-broderie\/borcane-perle-broderie-diamant\/"},"modified":"2025-10-31T04:11:13","modified_gmt":"2025-10-31T03:11:13","slug":"borcane-perle-broderie-diamant","status":"publish","type":"product","link":"https:\/\/diamant-strass-dmc.com\/ro\/perles-broderie\/borcane-perle-broderie-diamant\/","title":{"rendered":"Borcane pentru m\u0103rgele de pictat diamante"},"content":{"rendered":"<p>P<strong>achet de 10 borcane<\/strong> pentru m\u0103rgele de brodat cu diamante. Se v\u00e2nd ca atare (f\u0103r\u0103 diamante sau cutie \u00een care s\u0103 le depozita\u021bi).<\/p>\n<p>Potrivit pentru etichete rotunde, de asemenea, v\u00e2ndute pe site-ul nostru.<\/p>\n<p>Fiecare borcan poate con\u021bine <strong>1.600 de diamante<\/strong>, sau <strong>8 pungi<\/strong> standard <strong>de<\/strong> 200 de diamante.<\/p>\n<p>Dimensiuni: 50 mm \u00een\u0103l\u021bime \u0219i 25 mm \u00een diametru.<\/p>\n<p>Acest produs poate fi trimis doar sub form\u0103 de colet (nu \u00een plic cu bule). Costurile de expediere sunt calculate \u00een mod corespunz\u0103tor.<\/p>\n","protected":false},"excerpt":{"rendered":"<p style=\"font-size: 14px; line-height: 1.2em;text-align:justify;padding-right:10px;\">\u26a0\ufe0f <strong>Acest articol poate fi livrat numai \u00een Uniunea European\u0103<\/strong> (Austria, Belgia, Bulgaria, Croa\u021bia, Cipru, Danemarca, Estonia, Finlanda, Fran\u021ba, Germania, Grecia, Irlanda, Italia, Letonia, Lituania, Luxemburg, Malta, Olanda, Polonia, Portugalia, Rom\u00e2nia, Slovacia, Slovenia, Spania, Suedia, Republica Ceh\u0103 \u0219i Ungaria).<\/p>\n","protected":false},"featured_media":44553,"template":"","meta":{"footnotes":""},"product_brand":[],"product_cat":[7172],"class_list":{"0":"post-71595","1":"product","2":"type-product","3":"status-publish","4":"has-post-thumbnail","6":"product_cat-accesorii","7":"product_shipping_class-colissimo","9":"first","10":"instock","11":"sale","12":"taxable","13":"shipping-taxable","14":"purchasable","15":"product-type-variable","16":"has-default-attributes"},"aioseo_notices":[],"_links":{"self":[{"href":"https:\/\/diamant-strass-dmc.com\/ro\/wp-json\/wp\/v2\/product\/71595","targetHints":{"allow":["GET"]}}],"collection":[{"href":"https:\/\/diamant-strass-dmc.com\/ro\/wp-json\/wp\/v2\/product"}],"about":[{"href":"https:\/\/diamant-strass-dmc.com\/ro\/wp-json\/wp\/v2\/types\/product"}],"version-history":[{"count":1,"href":"https:\/\/diamant-strass-dmc.com\/ro\/wp-json\/wp\/v2\/product\/71595\/revisions"}],"predecessor-version":[{"id":79157,"href":"https:\/\/diamant-strass-dmc.com\/ro\/wp-json\/wp\/v2\/product\/71595\/revisions\/79157"}],"wp:featuredmedia":[{"embeddable":true,"href":"https:\/\/diamant-strass-dmc.com\/ro\/wp-json\/wp\/v2\/media\/44553"}],"wp:attachment":[{"href":"https:\/\/diamant-strass-dmc.com\/ro\/wp-json\/wp\/v2\/media?parent=71595"}],"wp:term":[{"taxonomy":"product_brand","embeddable":true,"href":"https:\/\/diamant-strass-dmc.com\/ro\/wp-json\/wp\/v2\/product_brand?post=71595"},{"taxonomy":"product_cat","embeddable":true,"href":"https:\/\/diamant-strass-dmc.com\/ro\/wp-json\/wp\/v2\/product_cat?post=71595"}],"curies":[{"name":"wp","href":"https:\/\/api.w.org\/{rel}","templated":true}]}}