{"id":71583,"date":"2022-09-06T19:22:08","date_gmt":"2022-09-06T17:22:08","guid":{"rendered":"https:\/\/diamant-strass-dmc.com\/perles-broderie\/role-brodery-diamond-diamond-diamond-vopsitorie\/"},"modified":"2025-10-31T04:11:12","modified_gmt":"2025-10-31T03:11:12","slug":"role-brodery-diamond-diamond-diamond-vopsitorie","status":"publish","type":"product","link":"https:\/\/diamant-strass-dmc.com\/ro\/perles-broderie\/role-brodery-diamond-diamond-diamond-vopsitorie\/","title":{"rendered":"Cilindru de broderie cu diamant"},"content":{"rendered":"<p>Aceast\u0103 rol\u0103 robust\u0103 asigur\u0103 c\u0103 toate diamantele sunt <strong>complet lipite<\/strong> \u0219i c\u0103 <strong>p\u00e2nza este la nivel<\/strong>.<\/p>\n<p><strong>Dimensiuni: <\/strong>11,5 x 13 cm<br \/>\nM\u00e2ner: 9 cm<br \/>\nRol\u0103 (cilindru ro\u0219u): 9,5 cm<\/p>\n<p>Acest produs poate fi trimis numai \u00eentr-un colet (nu \u00eentr-un plic cu bule). Costurile de expediere sunt calculate \u00een mod corespunz\u0103tor.<\/p>\n","protected":false},"excerpt":{"rendered":"<p style=\"font-size: 14px; line-height: 1.2em;text-align:justify;padding-right:10px;\">\u26a0\ufe0f <strong>Acest articol poate fi livrat numai \u00een Uniunea European\u0103<\/strong> (Austria, Belgia, Bulgaria, Croa\u021bia, Cipru, Danemarca, Estonia, Finlanda, Fran\u021ba, Germania, Grecia, Irlanda, Italia, Letonia, Lituania, Luxemburg, Malta, Olanda, Polonia, Portugalia, Rom\u00e2nia, Slovacia, Slovenia, Spania, Suedia, Republica Ceh\u0103 \u0219i Ungaria).<\/p>\n","protected":false},"featured_media":148529,"template":"","meta":{"footnotes":""},"product_brand":[],"product_cat":[7172],"class_list":{"0":"post-71583","1":"product","2":"type-product","3":"status-publish","4":"has-post-thumbnail","6":"product_cat-accesorii","7":"product_shipping_class-colissimo","9":"first","10":"instock","11":"sale","12":"taxable","13":"shipping-taxable","14":"purchasable","15":"product-type-simple"},"aioseo_notices":[],"_links":{"self":[{"href":"https:\/\/diamant-strass-dmc.com\/ro\/wp-json\/wp\/v2\/product\/71583","targetHints":{"allow":["GET"]}}],"collection":[{"href":"https:\/\/diamant-strass-dmc.com\/ro\/wp-json\/wp\/v2\/product"}],"about":[{"href":"https:\/\/diamant-strass-dmc.com\/ro\/wp-json\/wp\/v2\/types\/product"}],"version-history":[{"count":1,"href":"https:\/\/diamant-strass-dmc.com\/ro\/wp-json\/wp\/v2\/product\/71583\/revisions"}],"predecessor-version":[{"id":71593,"href":"https:\/\/diamant-strass-dmc.com\/ro\/wp-json\/wp\/v2\/product\/71583\/revisions\/71593"}],"wp:featuredmedia":[{"embeddable":true,"href":"https:\/\/diamant-strass-dmc.com\/ro\/wp-json\/wp\/v2\/media\/148529"}],"wp:attachment":[{"href":"https:\/\/diamant-strass-dmc.com\/ro\/wp-json\/wp\/v2\/media?parent=71583"}],"wp:term":[{"taxonomy":"product_brand","embeddable":true,"href":"https:\/\/diamant-strass-dmc.com\/ro\/wp-json\/wp\/v2\/product_brand?post=71583"},{"taxonomy":"product_cat","embeddable":true,"href":"https:\/\/diamant-strass-dmc.com\/ro\/wp-json\/wp\/v2\/product_cat?post=71583"}],"curies":[{"name":"wp","href":"https:\/\/api.w.org\/{rel}","templated":true}]}}