{"id":71543,"date":"2024-03-18T01:48:57","date_gmt":"2024-03-18T00:48:57","guid":{"rendered":"https:\/\/diamant-strass-dmc.com\/perles-broderie\/lupa-clip-flexibil-luminos-lucios-led-diamond-pictura\/"},"modified":"2025-10-31T04:11:23","modified_gmt":"2025-10-31T03:11:23","slug":"lupa-clip-flexibil-luminos-lucios-led-diamond-pictura","status":"publish","type":"product","link":"https:\/\/diamant-strass-dmc.com\/ro\/perles-broderie\/lupa-clip-flexibil-luminos-lucios-led-diamond-pictura\/","title":{"rendered":"Lupa flexibil\u0103 cu clip-on cu lumin\u0103 LED"},"content":{"rendered":"<ul>\n<li>Lupa <strong>x2.5<\/strong> + mini focus <strong>x5<\/strong>;<\/li>\n<li><strong>Iluminat<\/strong> cu LED-uri duble orientate;<\/li>\n<li><strong>Bra\u021b flexibil<\/strong>;<\/li>\n<li><strong>Poate fi demontat<\/strong> complet;<\/li>\n<li><strong>Poate fi prins<\/strong> pe orice suprafa\u021b\u0103.<\/li>\n<\/ul>\n<p>Func\u021bioneaz\u0103 cu 3 baterii AAA (nu sunt incluse). Toate p\u0103r\u021bile lupei pot fi de\u0219urubate pentru un transport u\u0219or.<\/p>\n<p>Lupa v\u0103 permite s\u0103 vede\u021bi de 2,5 ori mai mare \u0219i con\u021bine un focar (lentil\u0103) cu diametrul de 2,5 cm, care v\u0103 permite s\u0103 vede\u021bi de 5 ori mai mare.<\/p>\n<p>Lungimea bra\u021bului flexibil: 25 cm.<br \/>\nDiametrul lupei: 12,5 cm.<\/p>\n<p>Acest produs poate fi trimis numai \u00eentr-un colet (nu \u00eentr-un plic cu bule). Costurile de expediere sunt calculate \u00een mod corespunz\u0103tor.<\/p>\n","protected":false},"excerpt":{"rendered":"<p style=\"font-size: 14px; line-height: 1.2em;text-align:justify;padding-right:10px;\">\u26a0\ufe0f <strong>Acest articol poate fi livrat numai \u00een Uniunea European\u0103<\/strong> (Austria, Belgia, Bulgaria, Croa\u021bia, Cipru, Danemarca, Estonia, Finlanda, Fran\u021ba, Germania, Grecia, Irlanda, Italia, Letonia, Lituania, Luxemburg, Malta, Olanda, Polonia, Portugalia, Rom\u00e2nia, Slovacia, Slovenia, Spania, Suedia, Republica Ceh\u0103 \u0219i Ungaria).<\/p>\n","protected":false},"featured_media":71330,"template":"","meta":{"footnotes":""},"product_brand":[],"product_cat":[7172],"class_list":{"0":"post-71543","1":"product","2":"type-product","3":"status-publish","4":"has-post-thumbnail","6":"product_cat-accesorii","7":"product_shipping_class-colissimo","9":"first","10":"outofstock","11":"sale","12":"taxable","13":"shipping-taxable","14":"purchasable","15":"product-type-simple"},"aioseo_notices":[],"_links":{"self":[{"href":"https:\/\/diamant-strass-dmc.com\/ro\/wp-json\/wp\/v2\/product\/71543","targetHints":{"allow":["GET"]}}],"collection":[{"href":"https:\/\/diamant-strass-dmc.com\/ro\/wp-json\/wp\/v2\/product"}],"about":[{"href":"https:\/\/diamant-strass-dmc.com\/ro\/wp-json\/wp\/v2\/types\/product"}],"version-history":[{"count":1,"href":"https:\/\/diamant-strass-dmc.com\/ro\/wp-json\/wp\/v2\/product\/71543\/revisions"}],"predecessor-version":[{"id":100090,"href":"https:\/\/diamant-strass-dmc.com\/ro\/wp-json\/wp\/v2\/product\/71543\/revisions\/100090"}],"wp:featuredmedia":[{"embeddable":true,"href":"https:\/\/diamant-strass-dmc.com\/ro\/wp-json\/wp\/v2\/media\/71330"}],"wp:attachment":[{"href":"https:\/\/diamant-strass-dmc.com\/ro\/wp-json\/wp\/v2\/media?parent=71543"}],"wp:term":[{"taxonomy":"product_brand","embeddable":true,"href":"https:\/\/diamant-strass-dmc.com\/ro\/wp-json\/wp\/v2\/product_brand?post=71543"},{"taxonomy":"product_cat","embeddable":true,"href":"https:\/\/diamant-strass-dmc.com\/ro\/wp-json\/wp\/v2\/product_cat?post=71543"}],"curies":[{"name":"wp","href":"https:\/\/api.w.org\/{rel}","templated":true}]}}