{"id":71526,"date":"2024-03-01T23:52:23","date_gmt":"2024-03-01T22:52:23","guid":{"rendered":"https:\/\/diamant-strass-dmc.com\/perles-broderie\/lumina-shelf-diamond-picturare\/"},"modified":"2025-10-31T04:11:22","modified_gmt":"2025-10-31T03:11:22","slug":"lumina-shelf-diamond-picturare","status":"publish","type":"product","link":"https:\/\/diamant-strass-dmc.com\/ro\/perles-broderie\/lumina-shelf-diamond-picturare\/","title":{"rendered":"Raft de lumin\u0103 A4 + suport \u0219i cleme"},"content":{"rendered":"<ul>\n<li><strong>Format A4<\/strong> (suprafa\u021b\u0103 iluminat\u0103 31 x 23,5 cm) ;<\/li>\n<li>Stand, cablu USB \u0219i 4 cleme <strong>incluse<\/strong>;<\/li>\n<li>Are o grosime de numai <strong>3 mm<\/strong>;<\/li>\n<li><strong>3 niveluri de<\/strong> luminozitate ;<\/li>\n<li>Iluminare uniform\u0103, f\u0103r\u0103 p\u00e2lp\u00e2iri.<\/li>\n<\/ul>\n<p>Cablul USB (furnizat) poate fi conectat la un \u00eenc\u0103rc\u0103tor de telefon standard (nu este furnizat) sau la alte porturi USB standard (computer, anumite benzi de alimentare etc.).<\/p>\n<p>Acest produs poate fi trimis numai \u00eentr-un colet (nu \u00eentr-un plic cu bule). Costurile de expediere sunt calculate \u00een mod corespunz\u0103tor.<\/p>\n","protected":false},"excerpt":{"rendered":"<p style=\"font-size: 14px; line-height: 1.2em;text-align:justify;padding-right:10px;\">\u26a0\ufe0f <strong>Acest articol poate fi livrat numai \u00een Uniunea European\u0103<\/strong> (Austria, Belgia, Bulgaria, Croa\u021bia, Cipru, Danemarca, Estonia, Finlanda, Fran\u021ba, Germania, Grecia, Irlanda, Italia, Letonia, Lituania, Luxemburg, Malta, Olanda, Polonia, Portugalia, Rom\u00e2nia, Slovacia, Slovenia, Spania, Suedia, Republica Ceh\u0103 \u0219i Ungaria).<\/p>\n","protected":false},"featured_media":69209,"template":"","meta":{"footnotes":""},"product_brand":[],"product_cat":[7172],"class_list":{"0":"post-71526","1":"product","2":"type-product","3":"status-publish","4":"has-post-thumbnail","6":"product_cat-accesorii","7":"product_shipping_class-colissimo","9":"first","10":"instock","11":"sale","12":"taxable","13":"shipping-taxable","14":"purchasable","15":"product-type-simple"},"aioseo_notices":[],"_links":{"self":[{"href":"https:\/\/diamant-strass-dmc.com\/ro\/wp-json\/wp\/v2\/product\/71526","targetHints":{"allow":["GET"]}}],"collection":[{"href":"https:\/\/diamant-strass-dmc.com\/ro\/wp-json\/wp\/v2\/product"}],"about":[{"href":"https:\/\/diamant-strass-dmc.com\/ro\/wp-json\/wp\/v2\/types\/product"}],"version-history":[{"count":1,"href":"https:\/\/diamant-strass-dmc.com\/ro\/wp-json\/wp\/v2\/product\/71526\/revisions"}],"predecessor-version":[{"id":100089,"href":"https:\/\/diamant-strass-dmc.com\/ro\/wp-json\/wp\/v2\/product\/71526\/revisions\/100089"}],"wp:featuredmedia":[{"embeddable":true,"href":"https:\/\/diamant-strass-dmc.com\/ro\/wp-json\/wp\/v2\/media\/69209"}],"wp:attachment":[{"href":"https:\/\/diamant-strass-dmc.com\/ro\/wp-json\/wp\/v2\/media?parent=71526"}],"wp:term":[{"taxonomy":"product_brand","embeddable":true,"href":"https:\/\/diamant-strass-dmc.com\/ro\/wp-json\/wp\/v2\/product_brand?post=71526"},{"taxonomy":"product_cat","embeddable":true,"href":"https:\/\/diamant-strass-dmc.com\/ro\/wp-json\/wp\/v2\/product_cat?post=71526"}],"curies":[{"name":"wp","href":"https:\/\/api.w.org\/{rel}","templated":true}]}}