{"id":71490,"date":"2022-07-28T17:39:30","date_gmt":"2022-07-28T15:39:30","guid":{"rendered":"https:\/\/diamant-strass-dmc.com\/perles-broderie\/valisette-box-range-beads-broidery-diamond\/"},"modified":"2025-10-31T04:11:19","modified_gmt":"2025-10-31T03:11:19","slug":"valisette-box-range-beads-broidery-diamond","status":"publish","type":"product","link":"https:\/\/diamant-strass-dmc.com\/ro\/perles-broderie\/valisette-box-range-beads-broidery-diamond\/","title":{"rendered":"Trus\u0103 de depozitare pentru m\u0103rgele (64 de cutii)"},"content":{"rendered":"<p>Diamantele nu sunt furnizate.<\/p>\n<p><strong>Con\u021binutul pachetului:<\/strong><br \/>\n&#8211; 1 cutie de depozitare<br \/>\n&#8211; 64 cutii pentru m\u0103rgele<br \/>\n&#8211; 64 etichete dreptunghiulare<\/p>\n<p>Lua\u021bi cu dumneavoastr\u0103 p\u00e2n\u0103 la 64 de referin\u021be de culoare a diamantelor!<br \/>\nAceast\u0103 hus\u0103 de depozitare ultra-compact\u0103 are dou\u0103 \u00eenchideri solide.<\/p>\n<ul>\n<li><strong>Dimensiunile carcasei<\/strong>: 22 x 13 x 5,4 cm (\u00een\u0103l\u021bime);<\/li>\n<li><strong>Dimensiuni cutie<\/strong>: 2,5 x 5,1 x 1,1 cm (ad\u00e2ncime);<\/li>\n<li><strong>Dimensiunea etichetei<\/strong>: 2 x 1cm.<\/li>\n<\/ul>\n<div class=\"woocommerce-tabs wc-tabs-wrapper\">\n<div id=\"tab-description\" class=\"woocommerce-Tabs-panel woocommerce-Tabs-panel--description panel entry-content wc-tab\" role=\"tabpanel\" aria-labelledby=\"tab-title-description\">\n<p>Acest produs poate fi trimis numai \u00eentr-un colet (nu \u00eentr-un plic cu bule). Costurile de expediere sunt calculate \u00een mod corespunz\u0103tor.<\/p>\n<\/div>\n<\/div>\n","protected":false},"excerpt":{"rendered":"<p style=\"font-size: 14px; line-height: 1.2em;text-align:justify;padding-right:10px;\">\u26a0\ufe0f <strong>Acest articol poate fi livrat numai \u00een Uniunea European\u0103<\/strong> (Austria, Belgia, Bulgaria, Croa\u021bia, Cipru, Danemarca, Estonia, Finlanda, Fran\u021ba, Germania, Grecia, Irlanda, Italia, Letonia, Lituania, Luxemburg, Malta, Olanda, Polonia, Portugalia, Rom\u00e2nia, Slovacia, Slovenia, Spania, Suedia, Republica Ceh\u0103 \u0219i Ungaria).<\/p>\n","protected":false},"featured_media":44516,"template":"","meta":{"footnotes":""},"product_brand":[],"product_cat":[7172],"class_list":{"0":"post-71490","1":"product","2":"type-product","3":"status-publish","4":"has-post-thumbnail","6":"product_cat-accesorii","7":"product_shipping_class-colissimo","9":"first","10":"instock","11":"sale","12":"taxable","13":"shipping-taxable","14":"purchasable","15":"product-type-simple"},"aioseo_notices":[],"_links":{"self":[{"href":"https:\/\/diamant-strass-dmc.com\/ro\/wp-json\/wp\/v2\/product\/71490","targetHints":{"allow":["GET"]}}],"collection":[{"href":"https:\/\/diamant-strass-dmc.com\/ro\/wp-json\/wp\/v2\/product"}],"about":[{"href":"https:\/\/diamant-strass-dmc.com\/ro\/wp-json\/wp\/v2\/types\/product"}],"version-history":[{"count":1,"href":"https:\/\/diamant-strass-dmc.com\/ro\/wp-json\/wp\/v2\/product\/71490\/revisions"}],"predecessor-version":[{"id":100087,"href":"https:\/\/diamant-strass-dmc.com\/ro\/wp-json\/wp\/v2\/product\/71490\/revisions\/100087"}],"wp:featuredmedia":[{"embeddable":true,"href":"https:\/\/diamant-strass-dmc.com\/ro\/wp-json\/wp\/v2\/media\/44516"}],"wp:attachment":[{"href":"https:\/\/diamant-strass-dmc.com\/ro\/wp-json\/wp\/v2\/media?parent=71490"}],"wp:term":[{"taxonomy":"product_brand","embeddable":true,"href":"https:\/\/diamant-strass-dmc.com\/ro\/wp-json\/wp\/v2\/product_brand?post=71490"},{"taxonomy":"product_cat","embeddable":true,"href":"https:\/\/diamant-strass-dmc.com\/ro\/wp-json\/wp\/v2\/product_cat?post=71490"}],"curies":[{"name":"wp","href":"https:\/\/api.w.org\/{rel}","templated":true}]}}