{"id":71241,"date":"2024-03-17T02:22:39","date_gmt":"2024-03-17T22:08:37","guid":{"rendered":"https:\/\/diamant-strass-dmc.com\/perles-broderie\/catalog-book-dmc-diamond-pictura\/"},"modified":"2024-03-17T23:08:37","modified_gmt":"2024-03-17T22:08:37","slug":"catalog-book-dmc-diamond-pictura","status":"publish","type":"product","link":"https:\/\/diamant-strass-dmc.com\/ro\/perles-broderie\/catalog-book-dmc-diamond-pictura\/","title":{"rendered":"Catalogul de culori pentru pictur\u0103 cu diamante (cu autocolante)"},"content":{"rendered":"<p>Culoare aleatorie a feliilor. Copert\u0103 laminat\u0103. Pagini tip\u0103rite pe o singur\u0103 fa\u021b\u0103 pentru o sus\u021binere optim\u0103 a perlei. O band\u0103 antiaderent\u0103 protejeaz\u0103 cutiile \u00een care sunt lipite diamantele.<\/p>\n","protected":false},"excerpt":{"rendered":"<ul>\n<li><strong>10 pagini<\/strong>;<\/li>\n<li style=\"color: blue;\"><strong>M\u0103rgelele nu sunt furnizate;<\/strong><\/li>\n<li><strong>447 de culori<\/strong> din gama de culori DMC;<\/li>\n<li><strong>H\u00e2rtie<\/strong> groas\u0103 <strong>\u00een relief<\/strong>;<\/li>\n<li>Coloan\u0103 autoadeziv\u0103 pentru a <strong>v\u0103 lipi m\u0103rgelele<\/strong>.<\/li>\n<\/ul>\n","protected":false},"featured_media":71099,"template":"","meta":{"footnotes":""},"product_brand":[],"product_cat":[7172,7289],"class_list":{"0":"post-71241","1":"product","2":"type-product","3":"status-publish","4":"has-post-thumbnail","6":"product_cat-accesorii","7":"product_cat-promo-ro","9":"first","10":"instock","11":"sale","12":"taxable","13":"shipping-taxable","14":"purchasable","15":"product-type-simple"},"aioseo_notices":[],"_links":{"self":[{"href":"https:\/\/diamant-strass-dmc.com\/ro\/wp-json\/wp\/v2\/product\/71241","targetHints":{"allow":["GET"]}}],"collection":[{"href":"https:\/\/diamant-strass-dmc.com\/ro\/wp-json\/wp\/v2\/product"}],"about":[{"href":"https:\/\/diamant-strass-dmc.com\/ro\/wp-json\/wp\/v2\/types\/product"}],"version-history":[{"count":0,"href":"https:\/\/diamant-strass-dmc.com\/ro\/wp-json\/wp\/v2\/product\/71241\/revisions"}],"wp:featuredmedia":[{"embeddable":true,"href":"https:\/\/diamant-strass-dmc.com\/ro\/wp-json\/wp\/v2\/media\/71099"}],"wp:attachment":[{"href":"https:\/\/diamant-strass-dmc.com\/ro\/wp-json\/wp\/v2\/media?parent=71241"}],"wp:term":[{"taxonomy":"product_brand","embeddable":true,"href":"https:\/\/diamant-strass-dmc.com\/ro\/wp-json\/wp\/v2\/product_brand?post=71241"},{"taxonomy":"product_cat","embeddable":true,"href":"https:\/\/diamant-strass-dmc.com\/ro\/wp-json\/wp\/v2\/product_cat?post=71241"}],"curies":[{"name":"wp","href":"https:\/\/api.w.org\/{rel}","templated":true}]}}