{"id":67775,"date":"2021-08-17T00:22:53","date_gmt":"2024-02-02T08:37:28","guid":{"rendered":"https:\/\/diamant-strass-dmc.com\/perles-broderie\/toate-sachete-strass-diamante-dmc-broderie-diamante-pictura\/"},"modified":"2024-02-02T09:37:29","modified_gmt":"2024-02-02T08:37:29","slug":"toate-sachete-strass-diamante-dmc-broderie-diamante-pictura","status":"publish","type":"product","link":"https:\/\/diamant-strass-dmc.com\/ro\/perles-broderie\/toate-sachete-strass-diamante-dmc-broderie-diamante-pictura\/","title":{"rendered":"Pachet integral (toate culorile DMC)"},"content":{"rendered":"<p>Dori\u021bi s\u0103 ave\u021bi acces la toate culorile disponibile \u00een broderia cu diamante?<\/p>\n<p>V\u0103 oferim &#8222;pachetul complet&#8221;, adic\u0103 <strong>c\u00e2te o pung\u0103 din fiecare dintre cele 447 de culori<\/strong> disponibile \u00een tabelul oficial de culori pentru pictur\u0103 cu diamante DMC (culorile enumerate <a style=\"font-weight: bold; text-decoration: underline;\" href=\"\/code-couleur-nuancier-dmc\/\" target=\"_blank\" rel=\"noopener\">pe aceast\u0103 pagin\u0103<\/a>).<\/p>\n<p>Cu pachetul complet, profita\u021bi de o <strong>reducere de 55%<\/strong>, cu un pre\u021b per plic de <strong>0,45 \u20ac \u00een loc de 0,99<\/strong> \u20ac, sau<strong> 199 \u20ac \u00een loc de 442 \u20ac<\/strong>! Plus <strong>livrare gratuit\u0103<\/strong>.<\/p>\n<p><em>Dac\u0103 dori\u021bi mai multe plicule\u021be din fiecare culoare, comanda\u021bi mai multe cantit\u0103\u021bi din pachetul complet. De exemplu, dac\u0103 ad\u0103uga\u021bi \u00een co\u0219 3 pachete complete de &#8222;Diamante rotunde&#8221;, ve\u021bi avea 3 pungi rotunde din fiecare culoare.  <\/em><em>\u00cen mod similar, dac\u0103 dori\u021bi o pung\u0103 din fiecare culoare \u00een fiecare form\u0103 (diamante rotunde \u0219i p\u0103trate), comanda\u021bi pur \u0219i simplu un pachet complet de &#8222;Diamante rotunde&#8221; \u0219i un pachet complet de &#8222;Diamante p\u0103trate&#8221;.<\/em><\/p>\n<style><!-- .enkar2div { display:none; } --><\/style>\n","protected":false},"excerpt":{"rendered":"<p>Dori\u021bi s\u0103 ave\u021bi acces la toate culorile disponibile \u00een broderia cu diamante? V\u0103 oferim &#8222;pachetul complet&#8221;, adic\u0103 c\u00e2te o pung\u0103 din fiecare dintre cele 447 de culori disponibile \u00een tabelul oficial de culori pentru pictur\u0103 cu diamante DMC (culorile enumerate pe aceast\u0103 pagin\u0103). Cu pachetul complet, profita\u021bi de o reducere de 55%, cu un pre\u021b [&hellip;]<\/p>\n","protected":false},"featured_media":36014,"template":"","meta":{"footnotes":""},"product_brand":[],"product_cat":[7321],"class_list":{"0":"post-67775","1":"product","2":"type-product","3":"status-publish","4":"has-post-thumbnail","6":"product_cat--pachet-integral","8":"first","9":"instock","10":"sale","11":"taxable","12":"shipping-taxable","13":"purchasable","14":"product-type-variable"},"aioseo_notices":[],"_links":{"self":[{"href":"https:\/\/diamant-strass-dmc.com\/ro\/wp-json\/wp\/v2\/product\/67775","targetHints":{"allow":["GET"]}}],"collection":[{"href":"https:\/\/diamant-strass-dmc.com\/ro\/wp-json\/wp\/v2\/product"}],"about":[{"href":"https:\/\/diamant-strass-dmc.com\/ro\/wp-json\/wp\/v2\/types\/product"}],"version-history":[{"count":0,"href":"https:\/\/diamant-strass-dmc.com\/ro\/wp-json\/wp\/v2\/product\/67775\/revisions"}],"wp:featuredmedia":[{"embeddable":true,"href":"https:\/\/diamant-strass-dmc.com\/ro\/wp-json\/wp\/v2\/media\/36014"}],"wp:attachment":[{"href":"https:\/\/diamant-strass-dmc.com\/ro\/wp-json\/wp\/v2\/media?parent=67775"}],"wp:term":[{"taxonomy":"product_brand","embeddable":true,"href":"https:\/\/diamant-strass-dmc.com\/ro\/wp-json\/wp\/v2\/product_brand?post=67775"},{"taxonomy":"product_cat","embeddable":true,"href":"https:\/\/diamant-strass-dmc.com\/ro\/wp-json\/wp\/v2\/product_cat?post=67775"}],"curies":[{"name":"wp","href":"https:\/\/api.w.org\/{rel}","templated":true}]}}