{"id":64817,"date":"2023-11-14T15:12:50","date_gmt":"2023-11-14T16:16:13","guid":{"rendered":"https:\/\/diamant-strass-dmc.com\/perles-broderie\/pack-nuanciers-dmc-diamond-painting-pdf-xlsx-excel\/"},"modified":"2023-11-15T03:40:18","modified_gmt":"2023-11-15T02:40:18","slug":"diagrama-culori-diamond-painting-foaie-pdf-excel-xlsx-descarcare","status":"publish","type":"product","link":"https:\/\/diamant-strass-dmc.com\/ro\/perles-broderie\/diagrama-culori-diamond-painting-foaie-pdf-excel-xlsx-descarcare\/","title":{"rendered":"Pachetul final! 4 diagrame de culori DMC pentru pictura cu diamante \u00een format PDF \u0219i Excel (XLSX)"},"content":{"rendered":"<h2>\ud83d\udcc4 Fi\u0219ierul nr. 1 (format PDF)<\/h2>\n<p>Tabel de culori sortat pe nuan\u021be, cu denumirile culorilor \u0219i un loc pentru a lipi m\u0103rgelele. <strong>Document de 6 pagini.<\/strong><\/p>\n<p><img loading=\"lazy\" decoding=\"async\" class=\"alignnone wp-image-64640\" src=\"https:\/\/diamant-strass-dmc.com\/wp-content\/uploads\/2023\/09\/colorbyshades.jpg\" alt=\"\" width=\"640\" height=\"392\" srcset=\"https:\/\/diamant-strass-dmc.com\/wp-content\/uploads\/2023\/09\/colorbyshades.jpg 766w, https:\/\/diamant-strass-dmc.com\/wp-content\/uploads\/2023\/09\/colorbyshades-300x184.jpg 300w, https:\/\/diamant-strass-dmc.com\/wp-content\/uploads\/2023\/09\/colorbyshades-416x255.jpg 416w, https:\/\/diamant-strass-dmc.com\/wp-content\/uploads\/2023\/09\/colorbyshades-324x198.jpg 324w\" sizes=\"auto, (max-width: 640px) 100vw, 640px\" \/><\/p>\n<h2>\ud83d\udcc4 Fi\u0219ierul nr. 2 (format PDF)<\/h2>\n<p>Tabel de culori sortat dup\u0103 num\u0103rul DMC, cu denumirile culorilor \u0219i un loc pentru a lipi m\u0103rgelele. <strong>Document de 6 pagini.<\/strong><\/p>\n<p><img loading=\"lazy\" decoding=\"async\" class=\"alignnone wp-image-64756\" src=\"https:\/\/diamant-strass-dmc.com\/wp-content\/uploads\/2023\/11\/pdf_dp.png\" alt=\"\" width=\"640\" height=\"492\" srcset=\"https:\/\/diamant-strass-dmc.com\/wp-content\/uploads\/2023\/11\/pdf_dp.png 750w, https:\/\/diamant-strass-dmc.com\/wp-content\/uploads\/2023\/11\/pdf_dp-300x231.png 300w, https:\/\/diamant-strass-dmc.com\/wp-content\/uploads\/2023\/11\/pdf_dp-416x320.png 416w, https:\/\/diamant-strass-dmc.com\/wp-content\/uploads\/2023\/11\/pdf_dp-324x249.png 324w\" sizes=\"auto, (max-width: 640px) 100vw, 640px\" \/><\/p>\n<h2>\ud83d\udcc4 Fi\u0219ierul nr. 3 (format PDF)<\/h2>\n<p>Tabel de culori sortat dup\u0103 num\u0103rul DMC. <strong>O singur\u0103 pagin\u0103. Ideal pentru afi\u0219are pe perete.<\/strong><\/p>\n<p><img loading=\"lazy\" decoding=\"async\" class=\"alignnone wp-image-64771\" src=\"https:\/\/diamant-strass-dmc.com\/wp-content\/uploads\/2023\/11\/Sans-titre-13.png\" alt=\"\" width=\"641\" height=\"440\" srcset=\"https:\/\/diamant-strass-dmc.com\/wp-content\/uploads\/2023\/11\/Sans-titre-13.png 794w, https:\/\/diamant-strass-dmc.com\/wp-content\/uploads\/2023\/11\/Sans-titre-13-300x206.png 300w, https:\/\/diamant-strass-dmc.com\/wp-content\/uploads\/2023\/11\/Sans-titre-13-768x527.png 768w, https:\/\/diamant-strass-dmc.com\/wp-content\/uploads\/2023\/11\/Sans-titre-13-416x286.png 416w, https:\/\/diamant-strass-dmc.com\/wp-content\/uploads\/2023\/11\/Sans-titre-13-324x222.png 324w\" sizes=\"auto, (max-width: 641px) 100vw, 641px\" \/><\/p>\n<h2>\ud83d\udcc4 Fi\u0219ier nr. 4 (format XLSX)<\/h2>\n<p><strong><img loading=\"lazy\" decoding=\"async\" class=\"alignnone wp-image-64786\" src=\"https:\/\/diamant-strass-dmc.com\/wp-content\/uploads\/2023\/11\/xlsx-color-chart-diamond-painting-1.png\" alt=\"\" width=\"641\" height=\"485\" srcset=\"https:\/\/diamant-strass-dmc.com\/wp-content\/uploads\/2023\/11\/xlsx-color-chart-diamond-painting-1.png 888w, https:\/\/diamant-strass-dmc.com\/wp-content\/uploads\/2023\/11\/xlsx-color-chart-diamond-painting-1-300x227.png 300w, https:\/\/diamant-strass-dmc.com\/wp-content\/uploads\/2023\/11\/xlsx-color-chart-diamond-painting-1-768x581.png 768w, https:\/\/diamant-strass-dmc.com\/wp-content\/uploads\/2023\/11\/xlsx-color-chart-diamond-painting-1-416x315.png 416w, https:\/\/diamant-strass-dmc.com\/wp-content\/uploads\/2023\/11\/xlsx-color-chart-diamond-painting-1-324x245.png 324w\" sizes=\"auto, (max-width: 641px) 100vw, 641px\" \/><\/strong><\/p>\n<p>Fi\u0219ier de tip <strong>foaie de calcul Excel<\/strong> (format XLSX) care urmeaz\u0103 <strong>s\u0103 fie modificat \u00een func\u021bie de necesit\u0103\u021bi<\/strong>.<\/p>\n<p>Fi\u0219ierul are <strong>dou\u0103 file<\/strong>: primul sorteaz\u0103 culorile \u00een func\u021bie de num\u0103rul DMC, iar al doilea sorteaz\u0103 culorile \u00een func\u021bie de nuan\u021b\u0103.<\/p>\n<p>O coloan\u0103 &#8222;pozi\u021bie&#8221; arat\u0103 num\u0103rul de pozi\u021bie al fiec\u0103rei culori, astfel \u00eenc\u00e2t s\u0103 pute\u021bi <strong>g\u0103si clasamentul ini\u021bial al acestora<\/strong>, dac\u0103 este necesar.<\/p>\n<p>Compatibil cu Excel, Google Sheets, OpenOffice, LibreOffice&#8230;<\/p>\n<p><img loading=\"lazy\" decoding=\"async\" class=\"alignnone size-full wp-image-64708\" src=\"https:\/\/diamant-strass-dmc.com\/wp-content\/uploads\/2023\/11\/bynumber.jpg\" alt=\"\" width=\"804\" height=\"631\" srcset=\"https:\/\/diamant-strass-dmc.com\/wp-content\/uploads\/2023\/11\/bynumber.jpg 804w, https:\/\/diamant-strass-dmc.com\/wp-content\/uploads\/2023\/11\/bynumber-300x235.jpg 300w, https:\/\/diamant-strass-dmc.com\/wp-content\/uploads\/2023\/11\/bynumber-768x603.jpg 768w, https:\/\/diamant-strass-dmc.com\/wp-content\/uploads\/2023\/11\/bynumber-416x326.jpg 416w, https:\/\/diamant-strass-dmc.com\/wp-content\/uploads\/2023\/11\/bynumber-324x254.jpg 324w\" sizes=\"auto, (max-width: 804px) 100vw, 804px\" \/><\/p>\n<p><img loading=\"lazy\" decoding=\"async\" class=\"alignnone size-full wp-image-64693\" src=\"https:\/\/diamant-strass-dmc.com\/wp-content\/uploads\/2023\/11\/bycolor.jpg\" alt=\"\" width=\"800\" height=\"610\" srcset=\"https:\/\/diamant-strass-dmc.com\/wp-content\/uploads\/2023\/11\/bycolor.jpg 800w, https:\/\/diamant-strass-dmc.com\/wp-content\/uploads\/2023\/11\/bycolor-300x229.jpg 300w, https:\/\/diamant-strass-dmc.com\/wp-content\/uploads\/2023\/11\/bycolor-768x586.jpg 768w, https:\/\/diamant-strass-dmc.com\/wp-content\/uploads\/2023\/11\/bycolor-416x317.jpg 416w, https:\/\/diamant-strass-dmc.com\/wp-content\/uploads\/2023\/11\/bycolor-324x247.jpg 324w\" sizes=\"auto, (max-width: 800px) 100vw, 800px\" \/><\/p>\n<style><!-- .enkar2div { display:none; } .pi-edd { display:none; } button.single_add_to_cart_button.button.alt { margin-bottom: 20px !important; } .woocommerce-Tabs-panel--description p { order:inherit; } #tab-description h2 { display:block; } --><\/style>\n","protected":false},"excerpt":{"rendered":"<p style=\"color: blue;\"><span style=\"text-decoration: underline;\"><strong>IMPORTANT<\/strong><\/span>: Acesta este un produs virtual: acestea sunt fi\u0219iere pe care le ve\u021bi putea desc\u0103rca imediat dup\u0103 cump\u0103rare. Niciun produs fizic nu va fi trimis la adresa dumneavoastr\u0103.<\/p>\n","protected":false},"featured_media":64604,"template":"","meta":{"footnotes":""},"product_brand":[],"product_cat":[7240],"class_list":{"0":"post-64817","1":"product","2":"type-product","3":"status-publish","4":"has-post-thumbnail","6":"product_cat-fisiere-de-descarcat","8":"first","9":"instock","10":"sale","11":"downloadable","12":"virtual","13":"sold-individually","14":"taxable","15":"purchasable","16":"product-type-simple"},"aioseo_notices":[],"_links":{"self":[{"href":"https:\/\/diamant-strass-dmc.com\/ro\/wp-json\/wp\/v2\/product\/64817","targetHints":{"allow":["GET"]}}],"collection":[{"href":"https:\/\/diamant-strass-dmc.com\/ro\/wp-json\/wp\/v2\/product"}],"about":[{"href":"https:\/\/diamant-strass-dmc.com\/ro\/wp-json\/wp\/v2\/types\/product"}],"version-history":[{"count":0,"href":"https:\/\/diamant-strass-dmc.com\/ro\/wp-json\/wp\/v2\/product\/64817\/revisions"}],"wp:featuredmedia":[{"embeddable":true,"href":"https:\/\/diamant-strass-dmc.com\/ro\/wp-json\/wp\/v2\/media\/64604"}],"wp:attachment":[{"href":"https:\/\/diamant-strass-dmc.com\/ro\/wp-json\/wp\/v2\/media?parent=64817"}],"wp:term":[{"taxonomy":"product_brand","embeddable":true,"href":"https:\/\/diamant-strass-dmc.com\/ro\/wp-json\/wp\/v2\/product_brand?post=64817"},{"taxonomy":"product_cat","embeddable":true,"href":"https:\/\/diamant-strass-dmc.com\/ro\/wp-json\/wp\/v2\/product_cat?post=64817"}],"curies":[{"name":"wp","href":"https:\/\/api.w.org\/{rel}","templated":true}]}}