{"id":61537,"date":"2023-09-15T02:03:33","date_gmt":"2023-09-15T00:09:14","guid":{"rendered":"https:\/\/diamant-strass-dmc.com\/perles-broderie\/nuancier-dmc-diamond-painting-par-nuance-pdf-telecharger\/"},"modified":"2023-11-15T02:01:00","modified_gmt":"2023-11-15T01:01:00","slug":"nuancier-dmc-diamond-painting-par-nuance-pdf-telecharger","status":"publish","type":"product","link":"https:\/\/diamant-strass-dmc.com\/ro\/perles-broderie\/nuancier-dmc-diamond-painting-par-nuance-pdf-telecharger\/","title":{"rendered":"Tabel de culori pentru pictur\u0103 cu diamante DMC (fi\u0219ier PDF pentru desc\u0103rcare)"},"content":{"rendered":"<ul>\n<li>Cele <strong>447 de culori DMC<\/strong> de pictur\u0103 cu diamante \u00een <strong>6 pagini imprimabile<\/strong>;<\/li>\n<li><strong>Culori sortate dup\u0103 nuan\u021b\u0103<\/strong>;<\/li>\n<li>Format de fi\u0219ier PDF care garanteaz\u0103 o <strong>imprimare perfect\u0103<\/strong> \u00een culorile DMC;<\/li>\n<li>Pagini <strong>A4<\/strong> gata de imprimare.<\/li>\n<\/ul>\n<p><img loading=\"lazy\" decoding=\"async\" class=\"alignnone size-full wp-image-64640\" src=\"https:\/\/diamant-strass-dmc.com\/wp-content\/uploads\/2023\/09\/colorbyshades.jpg\" alt=\"\" width=\"766\" height=\"469\" srcset=\"https:\/\/diamant-strass-dmc.com\/wp-content\/uploads\/2023\/09\/colorbyshades.jpg 766w, https:\/\/diamant-strass-dmc.com\/wp-content\/uploads\/2023\/09\/colorbyshades-300x184.jpg 300w, https:\/\/diamant-strass-dmc.com\/wp-content\/uploads\/2023\/09\/colorbyshades-416x255.jpg 416w, https:\/\/diamant-strass-dmc.com\/wp-content\/uploads\/2023\/09\/colorbyshades-324x198.jpg 324w\" sizes=\"auto, (max-width: 766px) 100vw, 766px\" \/><\/p>\n<style><!-- .enkar2div { display:none; } .pi-edd { display:none; } button.single_add_to_cart_button.button.alt { margin-bottom: 20px !important; } --><\/style>\n","protected":false},"excerpt":{"rendered":"<p style=\"color: blue;\"><span style=\"text-decoration: underline;\"><strong>IMPORTANT<\/strong><\/span>: Acesta este un produs virtual: este un fi\u0219ier pe care \u00eel pute\u021bi desc\u0103rca imediat dup\u0103 cump\u0103rare pentru a-l imprima acas\u0103. Niciun produs fizic nu va fi trimis la adresa dumneavoastr\u0103.<\/p>\n","protected":false},"featured_media":64574,"template":"","meta":{"footnotes":""},"product_brand":[],"product_cat":[7240],"class_list":{"0":"post-61537","1":"product","2":"type-product","3":"status-publish","4":"has-post-thumbnail","6":"product_cat-fisiere-de-descarcat","8":"first","9":"instock","10":"sale","11":"downloadable","12":"virtual","13":"sold-individually","14":"taxable","15":"purchasable","16":"product-type-simple"},"aioseo_notices":[],"_links":{"self":[{"href":"https:\/\/diamant-strass-dmc.com\/ro\/wp-json\/wp\/v2\/product\/61537","targetHints":{"allow":["GET"]}}],"collection":[{"href":"https:\/\/diamant-strass-dmc.com\/ro\/wp-json\/wp\/v2\/product"}],"about":[{"href":"https:\/\/diamant-strass-dmc.com\/ro\/wp-json\/wp\/v2\/types\/product"}],"version-history":[{"count":0,"href":"https:\/\/diamant-strass-dmc.com\/ro\/wp-json\/wp\/v2\/product\/61537\/revisions"}],"wp:featuredmedia":[{"embeddable":true,"href":"https:\/\/diamant-strass-dmc.com\/ro\/wp-json\/wp\/v2\/media\/64574"}],"wp:attachment":[{"href":"https:\/\/diamant-strass-dmc.com\/ro\/wp-json\/wp\/v2\/media?parent=61537"}],"wp:term":[{"taxonomy":"product_brand","embeddable":true,"href":"https:\/\/diamant-strass-dmc.com\/ro\/wp-json\/wp\/v2\/product_brand?post=61537"},{"taxonomy":"product_cat","embeddable":true,"href":"https:\/\/diamant-strass-dmc.com\/ro\/wp-json\/wp\/v2\/product_cat?post=61537"}],"curies":[{"name":"wp","href":"https:\/\/api.w.org\/{rel}","templated":true}]}}