{"id":61348,"date":"2023-09-11T16:25:12","date_gmt":"2023-09-11T17:12:11","guid":{"rendered":"https:\/\/diamant-strass-dmc.com\/perles-broderie\/download-nuancier-dmc-diamond-painting-pdf\/"},"modified":"2023-11-15T01:37:38","modified_gmt":"2023-11-15T00:37:38","slug":"download-nuancier-dmc-diamond-painting-pdf","status":"publish","type":"product","link":"https:\/\/diamant-strass-dmc.com\/ro\/perles-broderie\/download-nuancier-dmc-diamond-painting-pdf\/","title":{"rendered":"Tabel de culori pentru pictur\u0103 cu diamante DMC (fi\u0219ier PDF pentru desc\u0103rcare)"},"content":{"rendered":"<ul>\n<li>Cele <strong>447 de culori DMC<\/strong> de pictur\u0103 cu diamante \u00een <strong>6 pagini imprimabile<\/strong>;<\/li>\n<li>Fi\u0219ierele \u00een format PDF garanteaz\u0103 o <strong>imprimare perfect\u0103<\/strong> \u00een culorile DMC;<\/li>\n<li>Pagini <strong>A4<\/strong> gata de imprimare.<\/li>\n<\/ul>\n<p><img loading=\"lazy\" decoding=\"async\" class=\"alignnone wp-image-61601 size-full\" src=\"https:\/\/diamant-strass-dmc.com\/wp-content\/uploads\/2023\/09\/diamond-painting-charte-dmc-nuancier-pdf_par-numero-1.jpg\" alt=\"Nuancier DMC du diamond painting (Fichier PDF \u00e0 t\u00e9l\u00e9charger)\" width=\"822\" height=\"527\" srcset=\"https:\/\/diamant-strass-dmc.com\/wp-content\/uploads\/2023\/09\/diamond-painting-charte-dmc-nuancier-pdf_par-numero-1.jpg 822w, https:\/\/diamant-strass-dmc.com\/wp-content\/uploads\/2023\/09\/diamond-painting-charte-dmc-nuancier-pdf_par-numero-1-300x192.jpg 300w, https:\/\/diamant-strass-dmc.com\/wp-content\/uploads\/2023\/09\/diamond-painting-charte-dmc-nuancier-pdf_par-numero-1-768x492.jpg 768w, https:\/\/diamant-strass-dmc.com\/wp-content\/uploads\/2023\/09\/diamond-painting-charte-dmc-nuancier-pdf_par-numero-1-416x267.jpg 416w\" sizes=\"auto, (max-width: 822px) 100vw, 822px\" \/><\/p>\n<style><!-- .enkar2div { display:none; } .pi-edd { display:none; } button.single_add_to_cart_button.button.alt { margin-bottom: 20px !important; } --><\/style>\n","protected":false},"excerpt":{"rendered":"<p style=\"color: blue;\"><span style=\"text-decoration: underline;\"><strong>IMPORTANT<\/strong><\/span>: Acesta este un produs virtual: este un fi\u0219ier pe care \u00eel pute\u021bi desc\u0103rca imediat dup\u0103 cump\u0103rare pentru a-l imprima acas\u0103. Niciun produs fizic nu va fi trimis la adresa dumneavoastr\u0103.<\/p>\n","protected":false},"featured_media":64619,"template":"","meta":{"footnotes":""},"product_brand":[],"product_cat":[7240],"class_list":{"0":"post-61348","1":"product","2":"type-product","3":"status-publish","4":"has-post-thumbnail","6":"product_cat-fisiere-de-descarcat","8":"first","9":"instock","10":"sale","11":"downloadable","12":"virtual","13":"sold-individually","14":"taxable","15":"purchasable","16":"product-type-simple"},"aioseo_notices":[],"_links":{"self":[{"href":"https:\/\/diamant-strass-dmc.com\/ro\/wp-json\/wp\/v2\/product\/61348","targetHints":{"allow":["GET"]}}],"collection":[{"href":"https:\/\/diamant-strass-dmc.com\/ro\/wp-json\/wp\/v2\/product"}],"about":[{"href":"https:\/\/diamant-strass-dmc.com\/ro\/wp-json\/wp\/v2\/types\/product"}],"version-history":[{"count":0,"href":"https:\/\/diamant-strass-dmc.com\/ro\/wp-json\/wp\/v2\/product\/61348\/revisions"}],"wp:featuredmedia":[{"embeddable":true,"href":"https:\/\/diamant-strass-dmc.com\/ro\/wp-json\/wp\/v2\/media\/64619"}],"wp:attachment":[{"href":"https:\/\/diamant-strass-dmc.com\/ro\/wp-json\/wp\/v2\/media?parent=61348"}],"wp:term":[{"taxonomy":"product_brand","embeddable":true,"href":"https:\/\/diamant-strass-dmc.com\/ro\/wp-json\/wp\/v2\/product_brand?post=61348"},{"taxonomy":"product_cat","embeddable":true,"href":"https:\/\/diamant-strass-dmc.com\/ro\/wp-json\/wp\/v2\/product_cat?post=61348"}],"curies":[{"name":"wp","href":"https:\/\/api.w.org\/{rel}","templated":true}]}}