{"id":55849,"date":"2023-02-01T20:11:14","date_gmt":"2023-02-25T04:31:33","guid":{"rendered":"https:\/\/diamant-strass-dmc.com\/perles-broderie\/cutie-depozit-pilon-28-compartimente-diamond-picturare\/"},"modified":"2023-02-25T05:31:33","modified_gmt":"2023-02-25T04:31:33","slug":"cutie-depozit-pilon-28-compartimente-diamond-picturare","status":"publish","type":"product","link":"https:\/\/diamant-strass-dmc.com\/ro\/perles-broderie\/cutie-depozit-pilon-28-compartimente-diamond-picturare\/","title":{"rendered":"Bead Box 28 de compartimente"},"content":{"rendered":"<p>Stilul Pillbox.<\/p>\n<p>Compartimentele pot fi scoase din cutie. Acestea sunt at\u00e2rnate \u00eempreun\u0103 pentru a forma r\u00e2nduri de 4 compartimente (\u0219i nu pot fi deta\u0219ate unul de cel\u0103lalt).<br \/>\nPrin urmare, exist\u0103 7 r\u00e2nduri de 4 compartimente pe cutie.<\/p>\n","protected":false},"excerpt":{"rendered":"<p>&#8211; Cutie cu 2 clipsuri;<br \/>\n&#8211; 28 de compartimente;<br \/>\n&#8211; 28 etichete furnizate ;<br \/>\n&#8211; Dimensiuni: 17 x 11 cm.<\/p>\n","protected":false},"featured_media":55164,"template":"","meta":{"footnotes":""},"product_brand":[],"product_cat":[7172],"class_list":{"0":"post-55849","1":"product","2":"type-product","3":"status-publish","4":"has-post-thumbnail","6":"product_cat-accesorii","8":"first","9":"outofstock","10":"sale","11":"taxable","12":"shipping-taxable","13":"purchasable","14":"product-type-simple"},"aioseo_notices":[],"_links":{"self":[{"href":"https:\/\/diamant-strass-dmc.com\/ro\/wp-json\/wp\/v2\/product\/55849","targetHints":{"allow":["GET"]}}],"collection":[{"href":"https:\/\/diamant-strass-dmc.com\/ro\/wp-json\/wp\/v2\/product"}],"about":[{"href":"https:\/\/diamant-strass-dmc.com\/ro\/wp-json\/wp\/v2\/types\/product"}],"version-history":[{"count":0,"href":"https:\/\/diamant-strass-dmc.com\/ro\/wp-json\/wp\/v2\/product\/55849\/revisions"}],"wp:featuredmedia":[{"embeddable":true,"href":"https:\/\/diamant-strass-dmc.com\/ro\/wp-json\/wp\/v2\/media\/55164"}],"wp:attachment":[{"href":"https:\/\/diamant-strass-dmc.com\/ro\/wp-json\/wp\/v2\/media?parent=55849"}],"wp:term":[{"taxonomy":"product_brand","embeddable":true,"href":"https:\/\/diamant-strass-dmc.com\/ro\/wp-json\/wp\/v2\/product_brand?post=55849"},{"taxonomy":"product_cat","embeddable":true,"href":"https:\/\/diamant-strass-dmc.com\/ro\/wp-json\/wp\/v2\/product_cat?post=55849"}],"curies":[{"name":"wp","href":"https:\/\/api.w.org\/{rel}","templated":true}]}}