{"id":55787,"date":"2023-02-01T19:31:22","date_gmt":"2023-02-25T04:28:41","guid":{"rendered":"https:\/\/diamant-strass-dmc.com\/perles-broderie\/pastilute-lipici-ceara-rotund-diamonda-pictura\/"},"modified":"2023-02-25T05:28:41","modified_gmt":"2023-02-25T04:28:41","slug":"pastilute-lipici-ceara-rotund-diamonda-pictura","status":"publish","type":"product","link":"https:\/\/diamant-strass-dmc.com\/ro\/perles-broderie\/pastilute-lipici-ceara-rotund-diamonda-pictura\/","title":{"rendered":"5 tampoane de lipici rotunde pentru pictura cu diamante"},"content":{"rendered":"","protected":false},"excerpt":{"rendered":"<p>Set de 5 tampoane de lipici rotunde.<br \/>\nMai groas\u0103 dec\u00e2t p\u0103tratele de lipici standard.<br \/>\nDiametru: 2,4 cm.<\/p>\n","protected":false},"featured_media":55144,"template":"","meta":{"footnotes":""},"product_brand":[],"product_cat":[7172],"class_list":{"0":"post-55787","1":"product","2":"type-product","3":"status-publish","4":"has-post-thumbnail","6":"product_cat-accesorii","8":"first","9":"instock","10":"taxable","11":"shipping-taxable","12":"purchasable","13":"product-type-simple"},"aioseo_notices":[],"_links":{"self":[{"href":"https:\/\/diamant-strass-dmc.com\/ro\/wp-json\/wp\/v2\/product\/55787","targetHints":{"allow":["GET"]}}],"collection":[{"href":"https:\/\/diamant-strass-dmc.com\/ro\/wp-json\/wp\/v2\/product"}],"about":[{"href":"https:\/\/diamant-strass-dmc.com\/ro\/wp-json\/wp\/v2\/types\/product"}],"version-history":[{"count":0,"href":"https:\/\/diamant-strass-dmc.com\/ro\/wp-json\/wp\/v2\/product\/55787\/revisions"}],"wp:featuredmedia":[{"embeddable":true,"href":"https:\/\/diamant-strass-dmc.com\/ro\/wp-json\/wp\/v2\/media\/55144"}],"wp:attachment":[{"href":"https:\/\/diamant-strass-dmc.com\/ro\/wp-json\/wp\/v2\/media?parent=55787"}],"wp:term":[{"taxonomy":"product_brand","embeddable":true,"href":"https:\/\/diamant-strass-dmc.com\/ro\/wp-json\/wp\/v2\/product_brand?post=55787"},{"taxonomy":"product_cat","embeddable":true,"href":"https:\/\/diamant-strass-dmc.com\/ro\/wp-json\/wp\/v2\/product_cat?post=55787"}],"curies":[{"name":"wp","href":"https:\/\/api.w.org\/{rel}","templated":true}]}}